{"id":207385,"date":"2025-03-20T16:19:41","date_gmt":"2025-03-20T16:19:41","guid":{"rendered":"https:\/\/aromasentia.com\/product\/aromatherapy-shower-steamer-80g-revitalise\/"},"modified":"2025-05-31T03:56:30","modified_gmt":"2025-05-31T03:56:30","slug":"aromaterapi-shower-steamer-80g-revitalise","status":"publish","type":"product","link":"https:\/\/aromasentia.com\/no\/aromaterapi-shower-steamer-80g-revitalise\/","title":{"rendered":"Aromaterapi Shower Steamer 80g &#8211; Revitalise"},"content":{"rendered":"<h2 style=\"text-align: justify;\"><span style=\"color: rgb(40, 50, 78);\">Dusjdamper med aromaterapi p\u00e5 grossistniv\u00e5 &#8211; revitaliserer&nbsp;<\/span><\/h2>\n<p style=\"text-align: justify;\"><span style=\"color: rgb(40, 50, 78);\">Sett enkelt en av v\u00e5re dampkokere p\u00e5 gulvet i dusjen og la det varme vannet frigj\u00f8re den terapeutiske aromaen.<\/span><\/p>\n<p style=\"text-align: justify;\"><span style=\"color: rgb(40, 50, 78);\">Dusjdamperne v\u00e5re er laget med <strong>naturlige ingredienser<\/strong> og er <strong>frie fra sterke kjemikalier<\/strong>, noe som gj\u00f8r dem til en trygg og effektiv m\u00e5te \u00e5 <strong>forfriske og forynge<\/strong>.<\/span><\/p>\n<p style=\"text-align: justify;\"><span style=\"color: rgb(40, 50, 78);\">Ideal for <strong>bruk i spa<\/strong>, <strong>hoteller<\/strong> og <strong>wellness-sentre<\/strong>, v\u00e5r Aromaterapi-dusjdamper er ogs\u00e5 et flott tillegg til gavekurver eller som en detaljhandelsvare for bedriften din.<\/span><\/p>\n<p style=\"text-align: justify;\"><span style=\"color: rgb(40, 50, 78);\">Differensierte dufter er signert for alle grunnene til at du kan ta en dusj.&nbsp;<\/span><\/p>\n<p style=\"text-align: justify;\"><span style=\"color: rgb(40, 50, 78);\"><strong>Essensielle oljer: appelsin, bergamott, kan endre + kosher salt<\/strong><\/span><\/p>\n<p style=\"text-align: justify;\"><span style=\"color: rgb(40, 50, 78);\">NB: Produktvekten kan variere mellom 70 g og 80 g.&nbsp;<\/span><\/p>\n<p style=\"text-align: justify;\"><span style=\"color: rgb(40, 50, 78);\"><strong>Bestill i dag<\/strong> og ta det f\u00f8rste skrittet mot \u00e5 fremme velv\u00e6re og egenomsorg i virksomheten din.<\/span><\/p>\n<p style=\"text-align: justify;\"><span style=\"color: rgb(40, 50, 78);\"><strong>Og ikke glem \u00e5 sjekke ut v\u00e5re andre velv\u00e6reprodukter,<\/strong> inkludert v\u00e5re <a href=\"https:\/\/aromasentia.com\/wholesale-badebomber-uk\" rel=\"noopener noreferrer\" target=\"_blank\">badebomber p\u00e5 engrossalg uten minimumsbestilling<\/a> og v\u00e5re <a href=\"https:\/\/aromasentia.com\/aross\" rel=\"noopener noreferrer\" target=\"_blank\">dusjdampere p\u00e5 engrossalg<\/a>, slik at du kan tilby et komplett utvalg av avslapningsmuligheter for kundene dine.<\/span><\/p>\n","protected":false},"excerpt":{"rendered":"<p>Dusjdamper med aromaterapi p\u00e5 grossistniv\u00e5 &#8211; revitaliserer&nbsp; Sett enkelt en av v\u00e5re dampkokere p\u00e5 gulvet i dusjen og la det varme vannet frigj\u00f8re den terapeutiske aromaen. Dusjdamperne v\u00e5re er laget med naturlige ingredienser og er frie fra sterke kjemikalier, noe som gj\u00f8r dem til en trygg og effektiv m\u00e5te \u00e5 forfriske og forynge. Ideal for [&hellip;]<\/p>\n","protected":false},"featured_media":273465,"comment_status":"closed","ping_status":"open","template":"","meta":{"_angie_page":false},"product_brand":[],"product_cat":[9413,9418],"product_tag":[],"class_list":{"0":"post-207385","1":"product","2":"type-product","3":"status-publish","4":"has-post-thumbnail","6":"product_cat-bad-spa-og-personlig-pleie","7":"product_cat-badebomber","8":"pa_collection-aromatherapy-shower-steamers-no","9":"pa_made-in-storbritannia","10":"pa_size-80g","12":"first","13":"instock","14":"purchasable","15":"product-type-simple"},"supplier_id":null,"supplier_sku":"AROSS-04a","barcode":null,"atum_controlled":true,"out_stock_date":null,"out_stock_threshold":null,"inheritable":false,"inbound_stock":null,"stock_on_hold":0,"sold_today":0,"sales_last_days":0,"reserved_stock":null,"customer_returns":null,"warehouse_damage":null,"lost_in_post":null,"other_logs":null,"out_stock_days":0,"lost_sales":0,"has_location":null,"update_date":"2026-05-08T05:03:47","atum_locations":[],"atum_stock_status":"instock","restock_status":false,"low_stock_amount":"","sales_update_date":"2025-10-09T03:23:29","calc_backorders":null,"_links":{"self":[{"href":"https:\/\/aromasentia.com\/no\/wp-json\/wp\/v2\/product\/207385","targetHints":{"allow":["GET"]}}],"collection":[{"href":"https:\/\/aromasentia.com\/no\/wp-json\/wp\/v2\/product"}],"about":[{"href":"https:\/\/aromasentia.com\/no\/wp-json\/wp\/v2\/types\/product"}],"replies":[{"embeddable":true,"href":"https:\/\/aromasentia.com\/no\/wp-json\/wp\/v2\/comments?post=207385"}],"version-history":[{"count":0,"href":"https:\/\/aromasentia.com\/no\/wp-json\/wp\/v2\/product\/207385\/revisions"}],"wp:featuredmedia":[{"embeddable":true,"href":"https:\/\/aromasentia.com\/no\/wp-json\/wp\/v2\/media\/273465"}],"wp:attachment":[{"href":"https:\/\/aromasentia.com\/no\/wp-json\/wp\/v2\/media?parent=207385"}],"wp:term":[{"taxonomy":"product_brand","embeddable":true,"href":"https:\/\/aromasentia.com\/no\/wp-json\/wp\/v2\/product_brand?post=207385"},{"taxonomy":"product_cat","embeddable":true,"href":"https:\/\/aromasentia.com\/no\/wp-json\/wp\/v2\/product_cat?post=207385"},{"taxonomy":"product_tag","embeddable":true,"href":"https:\/\/aromasentia.com\/no\/wp-json\/wp\/v2\/product_tag?post=207385"}],"curies":[{"name":"wp","href":"https:\/\/api.w.org\/{rel}","templated":true}]}}