{"id":207380,"date":"2025-03-20T16:19:41","date_gmt":"2025-03-20T16:19:41","guid":{"rendered":"https:\/\/aromasentia.com\/product\/aromatherapy-shower-steamer-80g-hangover\/"},"modified":"2025-05-31T03:56:12","modified_gmt":"2025-05-31T03:56:12","slug":"aromaterapi-shower-steamer-80g-hangover","status":"publish","type":"product","link":"https:\/\/aromasentia.com\/no\/aromaterapi-shower-steamer-80g-hangover\/","title":{"rendered":"Aromaterapi Shower Steamer 80g &#8211; Hangover"},"content":{"rendered":"<p>Kom deg til hektene med v\u00e5r Aromatherapy Shower Steamer &#8211; Hangover. Denne 80 g dusjdamperen er din allierte etter en kveld med mye nytelse. N\u00e5r dampen aktiveres, frigj\u00f8res en n\u00f8ye utvalgt blanding av forfriskende og klargj\u00f8rende eteriske oljer som hjelper til med \u00e5 fjerne et t\u00e5kete hode, berolige kvalme og gjenopplive trette sanser. La de terapeutiske aromaene hjelpe deg med \u00e5 vaske bort restene av kvelden f\u00f8r, slik at du f\u00f8ler deg mer menneskelig, uthvilt og klar til \u00e5 m\u00f8te dagen.<\/p>\n","protected":false},"excerpt":{"rendered":"<p>Kom deg til hektene med v\u00e5r Aromatherapy Shower Steamer &#8211; Hangover. Denne 80 g dusjdamperen er din allierte etter en kveld med mye nytelse. N\u00e5r dampen aktiveres, frigj\u00f8res en n\u00f8ye utvalgt blanding av forfriskende og klargj\u00f8rende eteriske oljer som hjelper til med \u00e5 fjerne et t\u00e5kete hode, berolige kvalme og gjenopplive trette sanser. La de [&hellip;]<\/p>\n","protected":false},"featured_media":273388,"comment_status":"closed","ping_status":"open","template":"","meta":{"_angie_page":false},"product_brand":[],"product_cat":[9413,9418],"product_tag":[],"class_list":{"0":"post-207380","1":"product","2":"type-product","3":"status-publish","4":"has-post-thumbnail","6":"product_cat-bad-spa-og-personlig-pleie","7":"product_cat-badebomber","8":"pa_collection-aromatherapy-shower-steamers-no","9":"pa_made-in-storbritannia","10":"pa_size-80g","12":"first","13":"instock","14":"purchasable","15":"product-type-simple"},"supplier_id":null,"supplier_sku":"AROSS-09a","barcode":null,"atum_controlled":true,"out_stock_date":null,"out_stock_threshold":null,"inheritable":false,"inbound_stock":0,"stock_on_hold":0,"sold_today":0,"sales_last_days":0,"reserved_stock":0,"customer_returns":0,"warehouse_damage":0,"lost_in_post":0,"other_logs":0,"out_stock_days":0,"lost_sales":0,"has_location":false,"update_date":"2026-05-08T05:03:47","atum_locations":[],"atum_stock_status":"instock","restock_status":false,"low_stock_amount":"","sales_update_date":"2025-10-09T03:23:31","calc_backorders":null,"_links":{"self":[{"href":"https:\/\/aromasentia.com\/no\/wp-json\/wp\/v2\/product\/207380","targetHints":{"allow":["GET"]}}],"collection":[{"href":"https:\/\/aromasentia.com\/no\/wp-json\/wp\/v2\/product"}],"about":[{"href":"https:\/\/aromasentia.com\/no\/wp-json\/wp\/v2\/types\/product"}],"replies":[{"embeddable":true,"href":"https:\/\/aromasentia.com\/no\/wp-json\/wp\/v2\/comments?post=207380"}],"version-history":[{"count":0,"href":"https:\/\/aromasentia.com\/no\/wp-json\/wp\/v2\/product\/207380\/revisions"}],"wp:featuredmedia":[{"embeddable":true,"href":"https:\/\/aromasentia.com\/no\/wp-json\/wp\/v2\/media\/273388"}],"wp:attachment":[{"href":"https:\/\/aromasentia.com\/no\/wp-json\/wp\/v2\/media?parent=207380"}],"wp:term":[{"taxonomy":"product_brand","embeddable":true,"href":"https:\/\/aromasentia.com\/no\/wp-json\/wp\/v2\/product_brand?post=207380"},{"taxonomy":"product_cat","embeddable":true,"href":"https:\/\/aromasentia.com\/no\/wp-json\/wp\/v2\/product_cat?post=207380"},{"taxonomy":"product_tag","embeddable":true,"href":"https:\/\/aromasentia.com\/no\/wp-json\/wp\/v2\/product_tag?post=207380"}],"curies":[{"name":"wp","href":"https:\/\/api.w.org\/{rel}","templated":true}]}}