{"id":207377,"date":"2025-03-20T16:19:41","date_gmt":"2025-03-20T16:19:41","guid":{"rendered":"https:\/\/aromasentia.com\/product\/aromatherapy-shower-steamer-gift-set-80g\/"},"modified":"2025-05-31T03:56:05","modified_gmt":"2025-05-31T03:56:05","slug":"aromaterapi-shower-steamer-gavesett-80g","status":"publish","type":"product","link":"https:\/\/aromasentia.com\/no\/aromaterapi-shower-steamer-gavesett-80g\/","title":{"rendered":"Aromaterapi Shower Steamer Gavesett &#8211; 80g"},"content":{"rendered":"<p><span style=\"color: rgb(75, 80, 88);\">Aroma Sentia **Aromaterapi dusjdamper gavesett &#8211; 80 g.** Dusjdamperen er **utformet som en badebombe for dusjen&#8230; Plasser den ganske enkelt i bunnen av dusjen for \u00e5 oppn\u00e5 en spa-lignende aromatisk atmosf\u00e6re. Utforsk seks ekstraordin\u00e6re dufter med **essensielle oljer**.<\/p>\n<ol>\n<li>Essensielle oljer:<strong>peppermynte, eukalyptus + urter<\/strong><\/li>\n<li>Essensielle oljer<strong>:<\/strong> <strong>grapefrukt, lime + kosher salt<\/strong><\/li>\n<li>Essensielle oljer: <strong>gr\u00f8nnmynte, sitron, eukalyptus + ringblomst<\/strong><\/li>\n<li>\n<p>Essensielle oljer: <strong>appelsin, bergamott, kan endres + kosher salt<\/strong><\/p>\n<\/li>\n<li>\n<p>Essensielle oljer: <strong>patchouli, jasmin, ylang ylang + roseblader<\/strong><\/p>\n<\/li>\n<li>\n<p>Essensielle oljer:<strong>lavendel, mandarin + lavendelfr\u00f8 <br \/><\/strong><\/p>\n<\/li>\n<\/ol>\n<p><span style=\"color: rgb(141, 186, 216);\"><strong>Dusjdampere leveres pakket i en umerket gaveeske.<\/strong><\/span><span style=\"color: rgb(75, 80, 88);\"><strong>&nbsp;<\/strong><\/span><\/p>\n","protected":false},"excerpt":{"rendered":"<p>Aroma Sentia **Aromaterapi dusjdamper gavesett &#8211; 80 g.** Dusjdamperen er **utformet som en badebombe for dusjen&#8230; Plasser den ganske enkelt i bunnen av dusjen for \u00e5 oppn\u00e5 en spa-lignende aromatisk atmosf\u00e6re. Utforsk seks ekstraordin\u00e6re dufter med **essensielle oljer**. Essensielle oljer:peppermynte, eukalyptus + urter Essensielle oljer: grapefrukt, lime + kosher salt Essensielle oljer: gr\u00f8nnmynte, sitron, eukalyptus [&hellip;]<\/p>\n","protected":false},"featured_media":273321,"comment_status":"closed","ping_status":"open","template":"","meta":{"_angie_page":false},"product_brand":[],"product_cat":[9413,9418],"product_tag":[],"class_list":{"0":"post-207377","1":"product","2":"type-product","3":"status-publish","4":"has-post-thumbnail","6":"product_cat-bad-spa-og-personlig-pleie","7":"product_cat-badebomber","8":"pa_collection-aromatherapy-shower-steamers-no","9":"pa_made-in-storbritannia","10":"pa_size-80g","12":"first","13":"instock","14":"purchasable","15":"product-type-simple"},"supplier_id":null,"supplier_sku":"AROSS-MX1","barcode":null,"atum_controlled":true,"out_stock_date":null,"out_stock_threshold":null,"inheritable":false,"inbound_stock":null,"stock_on_hold":0,"sold_today":0,"sales_last_days":0,"reserved_stock":null,"customer_returns":null,"warehouse_damage":null,"lost_in_post":null,"other_logs":null,"out_stock_days":0,"lost_sales":0,"has_location":null,"update_date":"2026-05-11T01:55:49","atum_locations":[],"atum_stock_status":"instock","restock_status":false,"low_stock_amount":"","sales_update_date":"2025-10-09T03:23:31","calc_backorders":null,"_links":{"self":[{"href":"https:\/\/aromasentia.com\/no\/wp-json\/wp\/v2\/product\/207377","targetHints":{"allow":["GET"]}}],"collection":[{"href":"https:\/\/aromasentia.com\/no\/wp-json\/wp\/v2\/product"}],"about":[{"href":"https:\/\/aromasentia.com\/no\/wp-json\/wp\/v2\/types\/product"}],"replies":[{"embeddable":true,"href":"https:\/\/aromasentia.com\/no\/wp-json\/wp\/v2\/comments?post=207377"}],"version-history":[{"count":0,"href":"https:\/\/aromasentia.com\/no\/wp-json\/wp\/v2\/product\/207377\/revisions"}],"wp:featuredmedia":[{"embeddable":true,"href":"https:\/\/aromasentia.com\/no\/wp-json\/wp\/v2\/media\/273321"}],"wp:attachment":[{"href":"https:\/\/aromasentia.com\/no\/wp-json\/wp\/v2\/media?parent=207377"}],"wp:term":[{"taxonomy":"product_brand","embeddable":true,"href":"https:\/\/aromasentia.com\/no\/wp-json\/wp\/v2\/product_brand?post=207377"},{"taxonomy":"product_cat","embeddable":true,"href":"https:\/\/aromasentia.com\/no\/wp-json\/wp\/v2\/product_cat?post=207377"},{"taxonomy":"product_tag","embeddable":true,"href":"https:\/\/aromasentia.com\/no\/wp-json\/wp\/v2\/product_tag?post=207377"}],"curies":[{"name":"wp","href":"https:\/\/api.w.org\/{rel}","templated":true}]}}