{"id":207374,"date":"2025-03-20T16:19:41","date_gmt":"2025-03-20T16:19:41","guid":{"rendered":"https:\/\/aromasentia.com\/product\/sandalwood-rose-hand-body-wash-250ml\/"},"modified":"2025-06-28T22:41:56","modified_gmt":"2025-06-28T22:41:56","slug":"sandeltre-og-rose-hand-og-kroppsvask-250ml","status":"publish","type":"product","link":"https:\/\/aromasentia.com\/no\/sandeltre-og-rose-hand-og-kroppsvask-250ml\/","title":{"rendered":"Sandeltre Og Rose H\u00e5nd- Og Kroppsvask 250ml"},"content":{"rendered":"<p>Sandalwood &amp; Rose Aromatherapy Hand &amp; Body Wash er et luksuri\u00f8st og forfriskende produkt som er designet for \u00e5 rense og gi n\u00e6ring til huden samtidig som det gir en forfriskende og oppkvikkende opplevelse. Denne kosmetikken er laget med en blanding av eteriske oljer som sammen skaper en unik og stimulerende duft.<\/p>\n<p>Sandeltre er kjent for sin varme og treaktige duft, samt sin evne til \u00e5 lindre og berolige huden. Den brukes ofte i aromaterapi for \u00e5 fremme avslapning og redusere stress. Rosen gir en delikat og romantisk duft som er b\u00e5de beroligende og oppl\u00f8ftende. Den brukes ofte i hudpleieprodukter for sin evne til \u00e5 fukte og gi n\u00e6ring til huden.<\/p>\n<p>Denne h\u00e5nd- og kroppsvasken skummer lett opp og skylles ren, og etterlater huden myk, glatt og oppfrisket.<\/p>\n<p>\n","protected":false},"excerpt":{"rendered":"<p>Sandalwood &amp; Rose Aromatherapy Hand &amp; Body Wash er et luksuri\u00f8st og forfriskende produkt som er designet for \u00e5 rense og gi n\u00e6ring til huden samtidig som det gir en forfriskende og oppkvikkende opplevelse. Denne kosmetikken er laget med en blanding av eteriske oljer som sammen skaper en unik og stimulerende duft. Sandeltre er kjent [&hellip;]<\/p>\n","protected":false},"featured_media":273294,"comment_status":"closed","ping_status":"open","template":"","meta":{"_angie_page":false},"product_brand":[],"product_cat":[9413,26834,25843,9550,26366,26386,26897],"product_tag":[],"class_list":{"0":"post-207374","1":"product","2":"type-product","3":"status-publish","4":"has-post-thumbnail","6":"product_cat-bad-spa-og-personlig-pleie","7":"product_cat-blomster","8":"product_cat-dufter-aromaer","9":"product_cat-kroppspleie","10":"product_cat-rose","11":"product_cat-sandelte","12":"product_cat-treaktig","13":"pa_collection-aromatherapy-hand-body-wash-no","14":"pa_made-in-storbritannia","15":"pa_size-250ml","17":"first","18":"instock","19":"purchasable","20":"product-type-simple"},"supplier_id":null,"supplier_sku":"AHBW-03","barcode":null,"atum_controlled":true,"out_stock_date":null,"out_stock_threshold":null,"inheritable":false,"inbound_stock":null,"stock_on_hold":0,"sold_today":0,"sales_last_days":0,"reserved_stock":null,"customer_returns":null,"warehouse_damage":null,"lost_in_post":null,"other_logs":null,"out_stock_days":0,"lost_sales":0,"has_location":null,"update_date":"2026-05-08T05:02:36","atum_locations":[],"atum_stock_status":"instock","restock_status":false,"low_stock_amount":"","sales_update_date":"2026-02-06T00:02:21","calc_backorders":null,"_links":{"self":[{"href":"https:\/\/aromasentia.com\/no\/wp-json\/wp\/v2\/product\/207374","targetHints":{"allow":["GET"]}}],"collection":[{"href":"https:\/\/aromasentia.com\/no\/wp-json\/wp\/v2\/product"}],"about":[{"href":"https:\/\/aromasentia.com\/no\/wp-json\/wp\/v2\/types\/product"}],"replies":[{"embeddable":true,"href":"https:\/\/aromasentia.com\/no\/wp-json\/wp\/v2\/comments?post=207374"}],"version-history":[{"count":0,"href":"https:\/\/aromasentia.com\/no\/wp-json\/wp\/v2\/product\/207374\/revisions"}],"wp:featuredmedia":[{"embeddable":true,"href":"https:\/\/aromasentia.com\/no\/wp-json\/wp\/v2\/media\/273294"}],"wp:attachment":[{"href":"https:\/\/aromasentia.com\/no\/wp-json\/wp\/v2\/media?parent=207374"}],"wp:term":[{"taxonomy":"product_brand","embeddable":true,"href":"https:\/\/aromasentia.com\/no\/wp-json\/wp\/v2\/product_brand?post=207374"},{"taxonomy":"product_cat","embeddable":true,"href":"https:\/\/aromasentia.com\/no\/wp-json\/wp\/v2\/product_cat?post=207374"},{"taxonomy":"product_tag","embeddable":true,"href":"https:\/\/aromasentia.com\/no\/wp-json\/wp\/v2\/product_tag?post=207374"}],"curies":[{"name":"wp","href":"https:\/\/api.w.org\/{rel}","templated":true}]}}