{"id":207372,"date":"2025-03-20T16:19:41","date_gmt":"2025-03-20T16:19:41","guid":{"rendered":"https:\/\/aromasentia.com\/product\/clary-sage-lavender-hand-body-wash-250ml\/"},"modified":"2025-06-28T22:41:55","modified_gmt":"2025-06-28T22:41:55","slug":"clary-sage-og-lavender-hand-og-kroppsvask-250ml","status":"publish","type":"product","link":"https:\/\/aromasentia.com\/no\/clary-sage-og-lavender-hand-og-kroppsvask-250ml\/","title":{"rendered":"Clary Sage Og Lavender H\u00e5nd- Og Kroppsvask 250ml"},"content":{"rendered":"<p>Clary Sage &amp; Lavender Aromatherapy Hand &amp; Body Wash er et luksuri\u00f8st og beroligende produkt som er designet for \u00e5 rense og gi n\u00e6ring til huden samtidig som det gir en beroligende og avslappende opplevelse. Denne kosmetikken er laget med en blanding av eteriske oljer som jobber sammen for \u00e5 skape en unik og stimulerende duft.<\/p>\n<p>Klar salvie er kjent for sine beroligende og beroligende egenskaper. Den brukes ofte i aromaterapi for \u00e5 redusere stress og fremme f\u00f8lelsen av avslapping. Lavendelen gir en delikat og floral duft som er b\u00e5de beroligende og forfriskende. Det brukes ofte i hudpleieprodukter for sin evne til \u00e5 berolige og berolige huden.<\/p>\n<p> Denne h\u00e5nd- og kroppsvasken skummer lett opp og skyller rent, og etterlater huden myk, glatt og forfrisket. Det er et godt valg for de som \u00f8nsker \u00e5 ta vare p\u00e5 huden sin samtidig som de nyter de terapeutiske fordelene med eteriske oljer. Den er perfekt for deg som \u00f8nsker \u00e5 f\u00f8le deg rolig og avslappet, og som vil nyte en spa-lignende opplevelse i ditt eget hjem.<\/p>\n<p>\n","protected":false},"excerpt":{"rendered":"<p>Clary Sage &amp; Lavender Aromatherapy Hand &amp; Body Wash er et luksuri\u00f8st og beroligende produkt som er designet for \u00e5 rense og gi n\u00e6ring til huden samtidig som det gir en beroligende og avslappende opplevelse. Denne kosmetikken er laget med en blanding av eteriske oljer som jobber sammen for \u00e5 skape en unik og stimulerende [&hellip;]<\/p>\n","protected":false},"featured_media":273276,"comment_status":"closed","ping_status":"open","template":"","meta":{"_angie_page":false},"product_brand":[],"product_cat":[9413,26834,25843,9550,26232,26141,26862],"product_tag":[],"class_list":{"0":"post-207372","1":"product","2":"type-product","3":"status-publish","4":"has-post-thumbnail","6":"product_cat-bad-spa-og-personlig-pleie","7":"product_cat-blomster","8":"product_cat-dufter-aromaer","9":"product_cat-kroppspleie","10":"product_cat-lavendel","11":"product_cat-muskatellsalvie","12":"product_cat-urte-aromatisk","13":"pa_collection-aromatherapy-hand-body-wash-no","14":"pa_made-in-storbritannia","15":"pa_size-250ml","17":"first","18":"instock","19":"purchasable","20":"product-type-simple"},"supplier_id":null,"supplier_sku":"AHBW-06","barcode":null,"atum_controlled":true,"out_stock_date":null,"out_stock_threshold":null,"inheritable":false,"inbound_stock":0,"stock_on_hold":0,"sold_today":0,"sales_last_days":0,"reserved_stock":0,"customer_returns":0,"warehouse_damage":0,"lost_in_post":0,"other_logs":0,"out_stock_days":0,"lost_sales":0,"has_location":false,"update_date":"2026-05-08T05:02:36","atum_locations":[],"atum_stock_status":"instock","restock_status":false,"low_stock_amount":"","sales_update_date":"2026-02-06T00:01:24","calc_backorders":null,"_links":{"self":[{"href":"https:\/\/aromasentia.com\/no\/wp-json\/wp\/v2\/product\/207372","targetHints":{"allow":["GET"]}}],"collection":[{"href":"https:\/\/aromasentia.com\/no\/wp-json\/wp\/v2\/product"}],"about":[{"href":"https:\/\/aromasentia.com\/no\/wp-json\/wp\/v2\/types\/product"}],"replies":[{"embeddable":true,"href":"https:\/\/aromasentia.com\/no\/wp-json\/wp\/v2\/comments?post=207372"}],"version-history":[{"count":0,"href":"https:\/\/aromasentia.com\/no\/wp-json\/wp\/v2\/product\/207372\/revisions"}],"wp:featuredmedia":[{"embeddable":true,"href":"https:\/\/aromasentia.com\/no\/wp-json\/wp\/v2\/media\/273276"}],"wp:attachment":[{"href":"https:\/\/aromasentia.com\/no\/wp-json\/wp\/v2\/media?parent=207372"}],"wp:term":[{"taxonomy":"product_brand","embeddable":true,"href":"https:\/\/aromasentia.com\/no\/wp-json\/wp\/v2\/product_brand?post=207372"},{"taxonomy":"product_cat","embeddable":true,"href":"https:\/\/aromasentia.com\/no\/wp-json\/wp\/v2\/product_cat?post=207372"},{"taxonomy":"product_tag","embeddable":true,"href":"https:\/\/aromasentia.com\/no\/wp-json\/wp\/v2\/product_tag?post=207372"}],"curies":[{"name":"wp","href":"https:\/\/api.w.org\/{rel}","templated":true}]}}