{"id":207371,"date":"2025-03-20T16:19:41","date_gmt":"2025-03-20T16:19:41","guid":{"rendered":"https:\/\/aromasentia.com\/product\/clary-sage-lavender-hand-body-lotion-250ml\/"},"modified":"2025-06-28T22:41:52","modified_gmt":"2025-06-28T22:41:52","slug":"clary-sage-og-lavender-hand-og-kroppslotion-250ml","status":"publish","type":"product","link":"https:\/\/aromasentia.com\/no\/clary-sage-og-lavender-hand-og-kroppslotion-250ml\/","title":{"rendered":"Clary Sage Og Lavender H\u00e5nd- Og Kroppslotion 250ml"},"content":{"rendered":"<p><span style=\"color: rgb(75, 80, 88);\"><strong>En<\/strong><strong>&nbsp;<\/strong><strong>Muskatellsalvie og lavendel h\u00e5nd- og kroppslotion 250 ml&nbsp;<\/strong><strong>med 100 %<\/strong> ren og naturlig oljebasert lotion uten kunstige dufter.<strong>&nbsp;<\/strong><\/span><\/p>\n<p><span style=\"color: rgb(75, 80, 88);\">Eteriske oljer har blitt brukt i kosmetikk siden antikken. Ikke bare p\u00e5 grunn av duften, men ogs\u00e5 p\u00e5 grunn av dens hudpleieegenskaper.<\/span><\/p>\n<p><span style=\"color: rgb(75, 80, 88);\"><strong>Hvordan bruke? P\u00e5f\u00f8r daglig p\u00e5 ren hud for umiddelbar fuktighet.<\/strong><\/span><\/p>\n<p><strong><span style=\"color: rgb(75, 80, 88);\">* Laget i England * Ravfarget glassflaske * Ingen kunstige dufter<\/span><\/strong><\/p>\n","protected":false},"excerpt":{"rendered":"<p>En&nbsp;Muskatellsalvie og lavendel h\u00e5nd- og kroppslotion 250 ml&nbsp;med 100 % ren og naturlig oljebasert lotion uten kunstige dufter.&nbsp; Eteriske oljer har blitt brukt i kosmetikk siden antikken. Ikke bare p\u00e5 grunn av duften, men ogs\u00e5 p\u00e5 grunn av dens hudpleieegenskaper. Hvordan bruke? P\u00e5f\u00f8r daglig p\u00e5 ren hud for umiddelbar fuktighet. * Laget i England * [&hellip;]<\/p>\n","protected":false},"featured_media":273267,"comment_status":"closed","ping_status":"open","template":"","meta":{"_angie_page":false},"product_brand":[27073],"product_cat":[9413,26834,25843,9550,26232,26141,26862],"product_tag":[],"class_list":{"0":"post-207371","1":"product","2":"type-product","3":"status-publish","4":"has-post-thumbnail","6":"product_brand-aw-cosmetics","7":"product_cat-bad-spa-og-personlig-pleie","8":"product_cat-blomster","9":"product_cat-dufter-aromaer","10":"product_cat-kroppspleie","11":"product_cat-lavendel","12":"product_cat-muskatellsalvie","13":"product_cat-urte-aromatisk","14":"pa_collection-aromatherapy-hand-body-lotion-no","15":"pa_made-in-storbritannia","16":"pa_size-250ml","18":"first","19":"instock","20":"purchasable","21":"product-type-simple"},"supplier_id":null,"supplier_sku":"AHBL-06","barcode":null,"atum_controlled":true,"out_stock_date":null,"out_stock_threshold":null,"inheritable":false,"inbound_stock":null,"stock_on_hold":0,"sold_today":0,"sales_last_days":0,"reserved_stock":null,"customer_returns":null,"warehouse_damage":null,"lost_in_post":null,"other_logs":null,"out_stock_days":0,"lost_sales":0,"has_location":null,"update_date":"2026-04-28T01:01:01","atum_locations":[],"atum_stock_status":"instock","restock_status":false,"low_stock_amount":"","sales_update_date":"2026-01-30T01:25:00","calc_backorders":null,"_links":{"self":[{"href":"https:\/\/aromasentia.com\/no\/wp-json\/wp\/v2\/product\/207371","targetHints":{"allow":["GET"]}}],"collection":[{"href":"https:\/\/aromasentia.com\/no\/wp-json\/wp\/v2\/product"}],"about":[{"href":"https:\/\/aromasentia.com\/no\/wp-json\/wp\/v2\/types\/product"}],"replies":[{"embeddable":true,"href":"https:\/\/aromasentia.com\/no\/wp-json\/wp\/v2\/comments?post=207371"}],"version-history":[{"count":0,"href":"https:\/\/aromasentia.com\/no\/wp-json\/wp\/v2\/product\/207371\/revisions"}],"wp:featuredmedia":[{"embeddable":true,"href":"https:\/\/aromasentia.com\/no\/wp-json\/wp\/v2\/media\/273267"}],"wp:attachment":[{"href":"https:\/\/aromasentia.com\/no\/wp-json\/wp\/v2\/media?parent=207371"}],"wp:term":[{"taxonomy":"product_brand","embeddable":true,"href":"https:\/\/aromasentia.com\/no\/wp-json\/wp\/v2\/product_brand?post=207371"},{"taxonomy":"product_cat","embeddable":true,"href":"https:\/\/aromasentia.com\/no\/wp-json\/wp\/v2\/product_cat?post=207371"},{"taxonomy":"product_tag","embeddable":true,"href":"https:\/\/aromasentia.com\/no\/wp-json\/wp\/v2\/product_tag?post=207371"}],"curies":[{"name":"wp","href":"https:\/\/api.w.org\/{rel}","templated":true}]}}