{"id":207355,"date":"2025-03-20T16:20:34","date_gmt":"2025-03-20T16:20:34","guid":{"rendered":"https:\/\/aromasentia.com\/product\/green-tea-olive-oil-soap\/"},"modified":"2025-05-31T03:54:27","modified_gmt":"2025-05-31T03:54:27","slug":"gronn-te-olivensape","status":"publish","type":"product","link":"https:\/\/aromasentia.com\/no\/gronn-te-olivensape\/","title":{"rendered":"Gr\u00f8nn Te &#8211; Olivens\u00e5pe"},"content":{"rendered":"<p>Jojobaolje regenererer cellene i epidermis, beroliger huden og gir den fuktighet. Den kan ogs\u00e5 bidra til \u00e5 eliminere hudormer og kviser. Den anbefales videre under graviditet, da den forbedrer hudens elastisitet og dermed kan forhindre strekkmerker. Den er ogs\u00e5 bra etter barbering og voksing.<\/p>\n<p>H\u00e5ndlagde s\u00e5per er h\u00e5ndlaget ved hjelp av tradisjonell kaldprosess. De er ikke bare pene, men de er ogs\u00e5 ekstremt nyttige p\u00e5 mange m\u00e5ter. De er laget for \u00e5 v\u00e6re bra for b\u00e5de deg og milj\u00f8et. Hver s\u00e5pe har spesielle egenskaper knyttet til essensielle oljer og andre naturlige ingredienser. Kaldprosesss\u00e5peproduksjon bevarer vitaminer, mineraler og enzymer fra de f\u00f8rsteklasses, naturlige ingrediensene.<\/p>\n<p>H\u00e5ndlagde h\u00e5ndlagde s\u00e5per er riktig laget med vegetabilske oljer og tilbyr et sunnere alternativ for bading og generell hudpleie.<\/p>\n","protected":false},"excerpt":{"rendered":"<p>Jojobaolje regenererer cellene i epidermis, beroliger huden og gir den fuktighet. Den kan ogs\u00e5 bidra til \u00e5 eliminere hudormer og kviser. Den anbefales videre under graviditet, da den forbedrer hudens elastisitet og dermed kan forhindre strekkmerker. Den er ogs\u00e5 bra etter barbering og voksing. H\u00e5ndlagde s\u00e5per er h\u00e5ndlaget ved hjelp av tradisjonell kaldprosess. De er [&hellip;]<\/p>\n","protected":false},"featured_media":273707,"comment_status":"closed","ping_status":"open","template":"","meta":{"_angie_page":false},"product_brand":[],"product_cat":[9413,9439],"product_tag":[],"class_list":{"0":"post-207355","1":"product","2":"type-product","3":"status-publish","4":"has-post-thumbnail","6":"product_cat-bad-spa-og-personlig-pleie","7":"product_cat-okologiske-saper","8":"pa_collection-artisan-olive-oil-soaps-1-25kg-and-slices-no","9":"pa_made-in-spania","11":"first","12":"instock","13":"purchasable","14":"product-type-simple"},"supplier_id":null,"supplier_sku":"ArtS-10L","barcode":null,"atum_controlled":true,"out_stock_date":null,"out_stock_threshold":null,"inheritable":false,"inbound_stock":null,"stock_on_hold":0,"sold_today":0,"sales_last_days":0,"reserved_stock":null,"customer_returns":null,"warehouse_damage":null,"lost_in_post":null,"other_logs":null,"out_stock_days":0,"lost_sales":0,"has_location":null,"update_date":"2026-05-04T00:02:49","atum_locations":[],"atum_stock_status":"instock","restock_status":false,"low_stock_amount":"","sales_update_date":"2025-10-09T03:23:42","calc_backorders":null,"_links":{"self":[{"href":"https:\/\/aromasentia.com\/no\/wp-json\/wp\/v2\/product\/207355","targetHints":{"allow":["GET"]}}],"collection":[{"href":"https:\/\/aromasentia.com\/no\/wp-json\/wp\/v2\/product"}],"about":[{"href":"https:\/\/aromasentia.com\/no\/wp-json\/wp\/v2\/types\/product"}],"replies":[{"embeddable":true,"href":"https:\/\/aromasentia.com\/no\/wp-json\/wp\/v2\/comments?post=207355"}],"version-history":[{"count":0,"href":"https:\/\/aromasentia.com\/no\/wp-json\/wp\/v2\/product\/207355\/revisions"}],"wp:featuredmedia":[{"embeddable":true,"href":"https:\/\/aromasentia.com\/no\/wp-json\/wp\/v2\/media\/273707"}],"wp:attachment":[{"href":"https:\/\/aromasentia.com\/no\/wp-json\/wp\/v2\/media?parent=207355"}],"wp:term":[{"taxonomy":"product_brand","embeddable":true,"href":"https:\/\/aromasentia.com\/no\/wp-json\/wp\/v2\/product_brand?post=207355"},{"taxonomy":"product_cat","embeddable":true,"href":"https:\/\/aromasentia.com\/no\/wp-json\/wp\/v2\/product_cat?post=207355"},{"taxonomy":"product_tag","embeddable":true,"href":"https:\/\/aromasentia.com\/no\/wp-json\/wp\/v2\/product_tag?post=207355"}],"curies":[{"name":"wp","href":"https:\/\/api.w.org\/{rel}","templated":true}]}}