{"id":207349,"date":"2025-03-20T16:20:34","date_gmt":"2025-03-20T16:20:34","guid":{"rendered":"https:\/\/aromasentia.com\/product\/coconut-olive-oil-soap\/"},"modified":"2025-05-31T03:54:09","modified_gmt":"2025-05-31T03:54:09","slug":"sape-med-kokosnott-og-olivenolje","status":"publish","type":"product","link":"https:\/\/aromasentia.com\/no\/sape-med-kokosnott-og-olivenolje\/","title":{"rendered":"S\u00e5pe med Kokosn\u00f8tt Og Olivenolje"},"content":{"rendered":"<p>Kokosfiberen i denne s\u00e5pen gir den en sk\u00e5nsom masserende og eksfolierende effekt. Den \u00f8ker sirkulasjonen og fjerner d\u00f8de hudceller. I tillegg toner, fukter, lindrer og beskytter kokosoljen huden, og kan jevne ut hudens tone.<\/p>\n<p>H\u00e5ndlagde s\u00e5per er h\u00e5ndlaget ved hjelp av tradisjonell kaldprosess. De er ikke bare pene, men de er ogs\u00e5 ekstremt nyttige p\u00e5 mange m\u00e5ter. De er laget for \u00e5 v\u00e6re bra for b\u00e5de deg og milj\u00f8et. Hver s\u00e5pe har spesielle egenskaper knyttet til essensielle oljer og andre naturlige ingredienser. Kaldprosesss\u00e5peproduksjon bevarer vitaminer, mineraler og enzymer fra de f\u00f8rsteklasses, naturlige ingrediensene.<\/p>\n<p>H\u00e5ndlagde h\u00e5ndlagde s\u00e5per er riktig laget med vegetabilske oljer og tilbyr et sunnere alternativ for bading og generell hudpleie.<\/p>\n","protected":false},"excerpt":{"rendered":"<p>Kokosfiberen i denne s\u00e5pen gir den en sk\u00e5nsom masserende og eksfolierende effekt. Den \u00f8ker sirkulasjonen og fjerner d\u00f8de hudceller. I tillegg toner, fukter, lindrer og beskytter kokosoljen huden, og kan jevne ut hudens tone. H\u00e5ndlagde s\u00e5per er h\u00e5ndlaget ved hjelp av tradisjonell kaldprosess. De er ikke bare pene, men de er ogs\u00e5 ekstremt nyttige p\u00e5 [&hellip;]<\/p>\n","protected":false},"featured_media":273549,"comment_status":"closed","ping_status":"open","template":"","meta":{"_angie_page":false},"product_brand":[],"product_cat":[9413,9439],"product_tag":[],"class_list":{"0":"post-207349","1":"product","2":"type-product","3":"status-publish","4":"has-post-thumbnail","6":"product_cat-bad-spa-og-personlig-pleie","7":"product_cat-okologiske-saper","8":"pa_collection-artisan-olive-oil-soaps-1-25kg-and-slices-no","9":"pa_made-in-spania","11":"first","12":"instock","13":"purchasable","14":"product-type-simple"},"supplier_id":null,"supplier_sku":"ArtS-01L","barcode":null,"atum_controlled":true,"out_stock_date":null,"out_stock_threshold":null,"inheritable":false,"inbound_stock":null,"stock_on_hold":0,"sold_today":0,"sales_last_days":0,"reserved_stock":null,"customer_returns":null,"warehouse_damage":null,"lost_in_post":null,"other_logs":null,"out_stock_days":0,"lost_sales":0,"has_location":null,"update_date":"2026-04-27T06:51:07","atum_locations":[],"atum_stock_status":"instock","restock_status":false,"low_stock_amount":"","sales_update_date":"2025-10-09T03:23:37","calc_backorders":null,"_links":{"self":[{"href":"https:\/\/aromasentia.com\/no\/wp-json\/wp\/v2\/product\/207349","targetHints":{"allow":["GET"]}}],"collection":[{"href":"https:\/\/aromasentia.com\/no\/wp-json\/wp\/v2\/product"}],"about":[{"href":"https:\/\/aromasentia.com\/no\/wp-json\/wp\/v2\/types\/product"}],"replies":[{"embeddable":true,"href":"https:\/\/aromasentia.com\/no\/wp-json\/wp\/v2\/comments?post=207349"}],"version-history":[{"count":0,"href":"https:\/\/aromasentia.com\/no\/wp-json\/wp\/v2\/product\/207349\/revisions"}],"wp:featuredmedia":[{"embeddable":true,"href":"https:\/\/aromasentia.com\/no\/wp-json\/wp\/v2\/media\/273549"}],"wp:attachment":[{"href":"https:\/\/aromasentia.com\/no\/wp-json\/wp\/v2\/media?parent=207349"}],"wp:term":[{"taxonomy":"product_brand","embeddable":true,"href":"https:\/\/aromasentia.com\/no\/wp-json\/wp\/v2\/product_brand?post=207349"},{"taxonomy":"product_cat","embeddable":true,"href":"https:\/\/aromasentia.com\/no\/wp-json\/wp\/v2\/product_cat?post=207349"},{"taxonomy":"product_tag","embeddable":true,"href":"https:\/\/aromasentia.com\/no\/wp-json\/wp\/v2\/product_tag?post=207349"}],"curies":[{"name":"wp","href":"https:\/\/api.w.org\/{rel}","templated":true}]}}