{"id":207347,"date":"2025-03-20T16:20:34","date_gmt":"2025-03-20T16:20:34","guid":{"rendered":"https:\/\/aromasentia.com\/product\/aromatherapy-shower-steamer-80g-post-workout\/"},"modified":"2025-05-31T03:54:02","modified_gmt":"2025-05-31T03:54:02","slug":"aromaterapi-shower-steamer-80g-etter-trening","status":"publish","type":"product","link":"https:\/\/aromasentia.com\/no\/aromaterapi-shower-steamer-80g-etter-trening\/","title":{"rendered":"Aromaterapi Shower Steamer 80g &#8211; Etter Trening"},"content":{"rendered":"<h2 style=\"text-align: justify;\"><span style=\"color: rgb(40, 50, 78);\">Grosshandel Aromaterapi Dusjdamper etter trening<\/span><\/h2>\n<p style=\"text-align: justify;\"><span style=\"color: rgb(40, 50, 78);\">Like en badebombe for dusjen, v\u00e5re dusjdampere <strong>gir et spa-lignende aromatisk milj\u00f8 for kundene dine<\/strong>. Bare plasser en damper i bunnen av dusjen for \u00e5 nyte luksusen av aromaterapi i ditt eget hjem. Med v\u00e5r <a href=\"https:\/\/aromasentia.com\/aross\" rel=\"noopener noreferrer\" target=\"_blank\">grossist dusjdampere<\/a>, <strong>kan du utvide tilbudet ditt til de som ikke har badekar, og gi dem den samme velgj\u00f8rende og oppkvikkende opplevelsen<\/strong><\/span><\/span><\/p>\n<p style=\"text-align: justify;\"><span style=\"color: rgb(40, 50, 78);\">V\u00e5re dusjdampere er spesielt <strong>formulert med en blanding av eteriske oljer<\/strong>, inkludert peppermynte og eukalyptus, for \u00e5 gi en forfriskende og revitaliserende dusjopplevelse. Bare plasser en damper i hj\u00f8rnet av dusjen og la dampen aktivere de eteriske oljene, slik at dusjen fylles med en energigivende aroma.<\/span><\/p>\n<p style=\"text-align: justify;\"><span style=\"color: rgb(40, 50, 78);\">V\u00e5r 16x Aromatherapy Shower Steamer 70g &#8211; Post-Workout er perfekt for alle spa- eller skj\u00f8nnhetsvirksomheter som \u00f8nsker \u00e5 tilby en naturlig og <strong>effektiv m\u00e5te for kundene<\/strong> \u00e5 komme seg etter utmattelse etter trening. Dampapparatene er ogs\u00e5 et <strong>flott tillegg til enhver velv\u00e6rerutine<\/strong>, og gir et \u00f8yeblikk av <strong>avslapping<\/strong> og <strong>foryngelse<\/strong>.<\/span><\/p>\n<p style=\"text-align: justify;\"><span style=\"color: rgb(40, 50, 78);\">Er du klar til \u00e5 gi kundene dine en bedre dusjopplevelse og utvide produkttilbudet ditt?<\/span><\/p>\n<p style=\"text-align: justify;\"><span style=\"color: rgb(40, 50, 78);\"><strong>Bestill v\u00e5re aromaterapidusjdampere<\/strong> og f\u00e5 fordelene med aromaterapi til dine kunders eget hjem. Med v\u00e5r <a href=\"https:\/\/aromasentia.com\/wholesale-bath-bombs-uk\" rel=\"noopener noreferrer\" target=\"_blank\">engroshandel med badebomber uten minimumsbestilling<\/a>, kan du enkelt legge til disse dusjdampene i varelageret ditt<\/span><\/p>\n","protected":false},"excerpt":{"rendered":"<p>Grosshandel Aromaterapi Dusjdamper etter trening Like en badebombe for dusjen, v\u00e5re dusjdampere gir et spa-lignende aromatisk milj\u00f8 for kundene dine. Bare plasser en damper i bunnen av dusjen for \u00e5 nyte luksusen av aromaterapi i ditt eget hjem. Med v\u00e5r grossist dusjdampere, kan du utvide tilbudet ditt til de som ikke har badekar, og gi [&hellip;]<\/p>\n","protected":false},"featured_media":273507,"comment_status":"closed","ping_status":"open","template":"","meta":{"_angie_page":false},"product_brand":[],"product_cat":[9413,9418],"product_tag":[],"class_list":{"0":"post-207347","1":"product","2":"type-product","3":"status-publish","4":"has-post-thumbnail","6":"product_cat-bad-spa-og-personlig-pleie","7":"product_cat-badebomber","8":"pa_collection-aromatherapy-shower-steamers-no","9":"pa_made-in-storbritannia","10":"pa_size-80g","12":"first","13":"instock","14":"purchasable","15":"product-type-simple"},"supplier_id":null,"supplier_sku":"AROSS-02a","barcode":null,"atum_controlled":true,"out_stock_date":null,"out_stock_threshold":null,"inheritable":false,"inbound_stock":null,"stock_on_hold":0,"sold_today":0,"sales_last_days":0,"reserved_stock":null,"customer_returns":null,"warehouse_damage":null,"lost_in_post":null,"other_logs":null,"out_stock_days":0,"lost_sales":0,"has_location":null,"update_date":"2026-05-11T01:55:49","atum_locations":[],"atum_stock_status":"instock","restock_status":false,"low_stock_amount":"","sales_update_date":"2025-10-09T03:23:29","calc_backorders":null,"_links":{"self":[{"href":"https:\/\/aromasentia.com\/no\/wp-json\/wp\/v2\/product\/207347","targetHints":{"allow":["GET"]}}],"collection":[{"href":"https:\/\/aromasentia.com\/no\/wp-json\/wp\/v2\/product"}],"about":[{"href":"https:\/\/aromasentia.com\/no\/wp-json\/wp\/v2\/types\/product"}],"replies":[{"embeddable":true,"href":"https:\/\/aromasentia.com\/no\/wp-json\/wp\/v2\/comments?post=207347"}],"version-history":[{"count":0,"href":"https:\/\/aromasentia.com\/no\/wp-json\/wp\/v2\/product\/207347\/revisions"}],"wp:featuredmedia":[{"embeddable":true,"href":"https:\/\/aromasentia.com\/no\/wp-json\/wp\/v2\/media\/273507"}],"wp:attachment":[{"href":"https:\/\/aromasentia.com\/no\/wp-json\/wp\/v2\/media?parent=207347"}],"wp:term":[{"taxonomy":"product_brand","embeddable":true,"href":"https:\/\/aromasentia.com\/no\/wp-json\/wp\/v2\/product_brand?post=207347"},{"taxonomy":"product_cat","embeddable":true,"href":"https:\/\/aromasentia.com\/no\/wp-json\/wp\/v2\/product_cat?post=207347"},{"taxonomy":"product_tag","embeddable":true,"href":"https:\/\/aromasentia.com\/no\/wp-json\/wp\/v2\/product_tag?post=207347"}],"curies":[{"name":"wp","href":"https:\/\/api.w.org\/{rel}","templated":true}]}}