{"id":207346,"date":"2025-03-20T16:20:34","date_gmt":"2025-03-20T16:20:34","guid":{"rendered":"https:\/\/aromasentia.com\/product\/aromatherapy-shower-steamer-80g-focus-booster\/"},"modified":"2025-05-31T03:53:49","modified_gmt":"2025-05-31T03:53:49","slug":"aromaterapi-shower-steamer-80g-focus-booster","status":"publish","type":"product","link":"https:\/\/aromasentia.com\/no\/aromaterapi-shower-steamer-80g-focus-booster\/","title":{"rendered":"Aromaterapi Shower Steamer 80g &#8211; Focus Booster"},"content":{"rendered":"<h2 style=\"text-align: justify;\"><span style=\"color: rgb(40, 50, 78);\">Wholesale Aromaterapi Shower Steamer Focus Booster<\/span><\/h2>\n<p style=\"text-align: justify;\"><span style=\"color: rgb(40, 50, 78);\">Sett enkelt damperen p\u00e5 gulvet i dusjen og la dampen <strong>aktivere de essensielle oljene<\/strong>, <strong>fylle rommet med en forfriskende<\/strong> og <strong>oppl\u00f8ftende duft<\/strong> som hjelper til med \u00e5 vekke sansene og \u00f8ke produktiviteten. S\u00e5 vi tilbyr <a href=\"https:\/\/aromasentia.com\/aross\" rel=\"noopener noreferrer\" target=\"_blank\">grosshandel med aromaterapidusjdamper<\/a>.<\/span> <\/span> <\/p>\n<p style=\"text-align: justify;\"><span style=\"color: rgb(40, 50, 78);\">Ikke bare er denne dusjdamperen en utmerket m\u00e5te \u00e5 hjelpe kundene dine med \u00e5 starte dagen p\u00e5 riktig m\u00e5te, men den er ogs\u00e5 <strong>en flott gave til studenter, fagfolk eller <strong>alle som \u00f8nsker \u00e5 forbedre sin mentale ytelse<\/strong>.<\/span><\/p>\n<p style=\"text-align: justify;\"><span style=\"color: rgb(40, 50, 78);\"><strong>G\u00e5 ikke glipp av muligheten til \u00e5 tilby dette fantastiske produktet<\/strong> til kundene dine. Legg inn bestillingen din og ta spa- eller skj\u00f8nnhetsvirksomheten din til neste niv\u00e5 med v\u00e5re allsidige og praktiske aromaterapidusjdampere.<\/span><\/p>\n<p style=\"text-align: justify;\"><span style=\"color: rgb(40, 50, 78);\"><a href=\"https:\/\/aromasentia.com\/aross\" rel=\"noopener noreferrer\" target=\"_blank\">Dusjdampere p\u00e5 grossistniv\u00e5<\/a> er tilgjengelige med <a href=\"https:\/\/aromasentia.com\/wholesale-bath-bombs-uk\" rel=\"noopener noreferrer\" target=\"_blank\">ingen minimumsbestilling<\/a>, s\u00e5 ta kontakt i dag for \u00e5 l\u00e6re mer om v\u00e5re priser og bestillingsalternativer.<\/span><\/p>\n","protected":false},"excerpt":{"rendered":"<p>Wholesale Aromaterapi Shower Steamer Focus Booster Sett enkelt damperen p\u00e5 gulvet i dusjen og la dampen aktivere de essensielle oljene, fylle rommet med en forfriskende og oppl\u00f8ftende duft som hjelper til med \u00e5 vekke sansene og \u00f8ke produktiviteten. S\u00e5 vi tilbyr grosshandel med aromaterapidusjdamper. Ikke bare er denne dusjdamperen en utmerket m\u00e5te \u00e5 hjelpe kundene [&hellip;]<\/p>\n","protected":false},"featured_media":273482,"comment_status":"closed","ping_status":"open","template":"","meta":{"_angie_page":false},"product_brand":[],"product_cat":[9413,9418],"product_tag":[],"class_list":{"0":"post-207346","1":"product","2":"type-product","3":"status-publish","4":"has-post-thumbnail","6":"product_cat-bad-spa-og-personlig-pleie","7":"product_cat-badebomber","8":"pa_collection-aromatherapy-shower-steamers-no","9":"pa_made-in-storbritannia","10":"pa_size-80g","12":"first","13":"instock","14":"purchasable","15":"product-type-simple"},"supplier_id":null,"supplier_sku":"AROSS-03a","barcode":null,"atum_controlled":true,"out_stock_date":null,"out_stock_threshold":null,"inheritable":false,"inbound_stock":null,"stock_on_hold":0,"sold_today":0,"sales_last_days":0,"reserved_stock":null,"customer_returns":null,"warehouse_damage":null,"lost_in_post":null,"other_logs":null,"out_stock_days":0,"lost_sales":0,"has_location":null,"update_date":"2026-05-08T05:03:47","atum_locations":[],"atum_stock_status":"instock","restock_status":false,"low_stock_amount":"","sales_update_date":"2025-10-09T03:23:29","calc_backorders":null,"_links":{"self":[{"href":"https:\/\/aromasentia.com\/no\/wp-json\/wp\/v2\/product\/207346","targetHints":{"allow":["GET"]}}],"collection":[{"href":"https:\/\/aromasentia.com\/no\/wp-json\/wp\/v2\/product"}],"about":[{"href":"https:\/\/aromasentia.com\/no\/wp-json\/wp\/v2\/types\/product"}],"replies":[{"embeddable":true,"href":"https:\/\/aromasentia.com\/no\/wp-json\/wp\/v2\/comments?post=207346"}],"version-history":[{"count":0,"href":"https:\/\/aromasentia.com\/no\/wp-json\/wp\/v2\/product\/207346\/revisions"}],"wp:featuredmedia":[{"embeddable":true,"href":"https:\/\/aromasentia.com\/no\/wp-json\/wp\/v2\/media\/273482"}],"wp:attachment":[{"href":"https:\/\/aromasentia.com\/no\/wp-json\/wp\/v2\/media?parent=207346"}],"wp:term":[{"taxonomy":"product_brand","embeddable":true,"href":"https:\/\/aromasentia.com\/no\/wp-json\/wp\/v2\/product_brand?post=207346"},{"taxonomy":"product_cat","embeddable":true,"href":"https:\/\/aromasentia.com\/no\/wp-json\/wp\/v2\/product_cat?post=207346"},{"taxonomy":"product_tag","embeddable":true,"href":"https:\/\/aromasentia.com\/no\/wp-json\/wp\/v2\/product_tag?post=207346"}],"curies":[{"name":"wp","href":"https:\/\/api.w.org\/{rel}","templated":true}]}}