{"id":207344,"date":"2025-03-20T16:21:52","date_gmt":"2025-03-20T16:21:52","guid":{"rendered":"https:\/\/aromasentia.com\/product\/cinnamon-olive-oil-soap-slice\/"},"modified":"2025-05-31T03:53:44","modified_gmt":"2025-05-31T03:53:44","slug":"kanel-olivenolje-sapestykke","status":"publish","type":"product","link":"https:\/\/aromasentia.com\/no\/kanel-olivenolje-sapestykke\/","title":{"rendered":"Kanel &#8211; Olivenolje S\u00e5pestykke"},"content":{"rendered":"<p><strong>Aroma Sentia-ping Kanel&nbsp;<\/strong><strong>&#8211; Olivenoljes\u00e5peskiver&nbsp;<\/strong>er en deilig duftende s\u00e5pe som mykgj\u00f8r huden og kan bidra til \u00e5 fjerne t\u00f8rre flekker, bekjempe urenheter og fukte, mykgj\u00f8re og beskytte huden din, slik at den blir myk og fast.&nbsp;<\/p>\n<p>Olivenoljes\u00e5per var en av de f\u00f8rste vegetabilske s\u00e5pene. De er h\u00e5ndlaget ved hjelp av tradisjonell kaldprosess og er ogs\u00e5 <strong>SLS- og parabenfrie<\/strong>. Det naturlige fettet kan bidra til \u00e5 gi beskyttelse, forbedre hudtonen, mykheten og ungdommeligheten til huden gjennom restrukturerende oljevirkning.&nbsp;<\/p>\n<p><\/p>\n<p>S\u00e5peskiver selges pakket inn i vokset papir med en ingrediensetikett og veier omtrent 100 g.<\/p>\n<p><strong>MERK:<\/strong> S\u00e5pene v\u00e5re er h\u00e5ndlaget, og fargen eller designet kan avvike noe fra bildene som vises.<\/p>\n","protected":false},"excerpt":{"rendered":"<p>Aroma Sentia-ping Kanel&nbsp;&#8211; Olivenoljes\u00e5peskiver&nbsp;er en deilig duftende s\u00e5pe som mykgj\u00f8r huden og kan bidra til \u00e5 fjerne t\u00f8rre flekker, bekjempe urenheter og fukte, mykgj\u00f8re og beskytte huden din, slik at den blir myk og fast.&nbsp; Olivenoljes\u00e5per var en av de f\u00f8rste vegetabilske s\u00e5pene. De er h\u00e5ndlaget ved hjelp av tradisjonell kaldprosess og er ogs\u00e5 SLS- [&hellip;]<\/p>\n","protected":false},"featured_media":274600,"comment_status":"closed","ping_status":"open","template":"","meta":{"_angie_page":false},"product_brand":[],"product_cat":[9413,25843,26133,26890,9439],"product_tag":[],"class_list":{"0":"post-207344","1":"product","2":"type-product","3":"status-publish","4":"has-post-thumbnail","6":"product_cat-bad-spa-og-personlig-pleie","7":"product_cat-dufter-aromaer","8":"product_cat-kanel","9":"product_cat-krydret","10":"product_cat-okologiske-saper","11":"pa_collection-artisan-olive-oil-soaps-1-25kg-and-slices-no","12":"pa_made-in-spania","14":"first","15":"instock","16":"purchasable","17":"product-type-simple"},"supplier_id":null,"supplier_sku":"ArtS-23S","barcode":null,"atum_controlled":true,"out_stock_date":null,"out_stock_threshold":null,"inheritable":false,"inbound_stock":null,"stock_on_hold":0,"sold_today":0,"sales_last_days":0,"reserved_stock":null,"customer_returns":null,"warehouse_damage":null,"lost_in_post":null,"other_logs":null,"out_stock_days":0,"lost_sales":0,"has_location":null,"update_date":"2026-04-29T06:54:08","atum_locations":[],"atum_stock_status":"instock","restock_status":false,"low_stock_amount":"","sales_update_date":"2025-10-09T03:23:45","calc_backorders":null,"_links":{"self":[{"href":"https:\/\/aromasentia.com\/no\/wp-json\/wp\/v2\/product\/207344","targetHints":{"allow":["GET"]}}],"collection":[{"href":"https:\/\/aromasentia.com\/no\/wp-json\/wp\/v2\/product"}],"about":[{"href":"https:\/\/aromasentia.com\/no\/wp-json\/wp\/v2\/types\/product"}],"replies":[{"embeddable":true,"href":"https:\/\/aromasentia.com\/no\/wp-json\/wp\/v2\/comments?post=207344"}],"version-history":[{"count":0,"href":"https:\/\/aromasentia.com\/no\/wp-json\/wp\/v2\/product\/207344\/revisions"}],"wp:featuredmedia":[{"embeddable":true,"href":"https:\/\/aromasentia.com\/no\/wp-json\/wp\/v2\/media\/274600"}],"wp:attachment":[{"href":"https:\/\/aromasentia.com\/no\/wp-json\/wp\/v2\/media?parent=207344"}],"wp:term":[{"taxonomy":"product_brand","embeddable":true,"href":"https:\/\/aromasentia.com\/no\/wp-json\/wp\/v2\/product_brand?post=207344"},{"taxonomy":"product_cat","embeddable":true,"href":"https:\/\/aromasentia.com\/no\/wp-json\/wp\/v2\/product_cat?post=207344"},{"taxonomy":"product_tag","embeddable":true,"href":"https:\/\/aromasentia.com\/no\/wp-json\/wp\/v2\/product_tag?post=207344"}],"curies":[{"name":"wp","href":"https:\/\/api.w.org\/{rel}","templated":true}]}}