{"id":207332,"date":"2025-03-20T16:21:52","date_gmt":"2025-03-20T16:21:52","guid":{"rendered":"https:\/\/aromasentia.com\/product\/green-tea-olive-oil-soap-slice\/"},"modified":"2025-05-31T03:53:06","modified_gmt":"2025-05-31T03:53:06","slug":"gronn-te-olivenolje-sapestykke","status":"publish","type":"product","link":"https:\/\/aromasentia.com\/no\/gronn-te-olivenolje-sapestykke\/","title":{"rendered":"Gr\u00f8nn Te &#8211; Olivenolje S\u00e5pestykke"},"content":{"rendered":"<p>Gr\u00f8nne te-ekstrakter i <strong>Aroma Sentia-ping Green Tea &#8211; Olive Oil Soap Slice<\/strong> er rike p\u00e5 antioksidanter og kan derfor forsinke hudens aldring og forhindre rynker. S\u00e5pen har ogs\u00e5 noen antibakterielle egenskaper og sies \u00e5 berolige hudirritasjoner og bidra til \u00e5 forebygge kviser. Tebladene i s\u00e5pen bidrar til \u00e5 eksfoliere og rense huden, og olivenoljeekstraktene gir den en frisk og fuktet f\u00f8lelse.<\/p>\n<p>Olivenoljes\u00e5per var en av de f\u00f8rste vegetabilske s\u00e5pene. De er h\u00e5ndlaget ved hjelp av tradisjonell kaldprosess og er ogs\u00e5 <strong>SLS- og parabenfrie<\/strong>. Det naturlige fettet kan bidra til \u00e5 gi beskyttelse, forbedre hudtonen, mykheten og ungdommeligheten til huden gjennom en restrukturerende oljevirkning.<\/p>\n<p><\/p>\n<p>S\u00e5peskiver selges innpakket i vokset papir med en ingrediensetikett og veier omtrent 110 g.<\/p>\n<p><strong>MERK:<\/strong> S\u00e5pene v\u00e5re er h\u00e5ndlaget, og fargen eller designet kan avvike noe fra bildene som vises.<\/p>\n","protected":false},"excerpt":{"rendered":"<p>Gr\u00f8nne te-ekstrakter i Aroma Sentia-ping Green Tea &#8211; Olive Oil Soap Slice er rike p\u00e5 antioksidanter og kan derfor forsinke hudens aldring og forhindre rynker. S\u00e5pen har ogs\u00e5 noen antibakterielle egenskaper og sies \u00e5 berolige hudirritasjoner og bidra til \u00e5 forebygge kviser. Tebladene i s\u00e5pen bidrar til \u00e5 eksfoliere og rense huden, og olivenoljeekstraktene gir [&hellip;]<\/p>\n","protected":false},"featured_media":274196,"comment_status":"closed","ping_status":"open","template":"","meta":{"_angie_page":false},"product_brand":[],"product_cat":[9413,9439],"product_tag":[],"class_list":{"0":"post-207332","1":"product","2":"type-product","3":"status-publish","4":"has-post-thumbnail","6":"product_cat-bad-spa-og-personlig-pleie","7":"product_cat-okologiske-saper","8":"pa_collection-artisan-olive-oil-soaps-1-25kg-and-slices-no","9":"pa_made-in-spania","11":"first","12":"instock","13":"purchasable","14":"product-type-simple"},"supplier_id":null,"supplier_sku":"ArtS-10S","barcode":null,"atum_controlled":true,"out_stock_date":null,"out_stock_threshold":null,"inheritable":false,"inbound_stock":0,"stock_on_hold":0,"sold_today":0,"sales_last_days":0,"reserved_stock":0,"customer_returns":0,"warehouse_damage":0,"lost_in_post":0,"other_logs":0,"out_stock_days":0,"lost_sales":0,"has_location":false,"update_date":"2026-05-04T00:02:49","atum_locations":[],"atum_stock_status":"instock","restock_status":false,"low_stock_amount":"","sales_update_date":"2025-10-09T03:23:41","calc_backorders":null,"_links":{"self":[{"href":"https:\/\/aromasentia.com\/no\/wp-json\/wp\/v2\/product\/207332","targetHints":{"allow":["GET"]}}],"collection":[{"href":"https:\/\/aromasentia.com\/no\/wp-json\/wp\/v2\/product"}],"about":[{"href":"https:\/\/aromasentia.com\/no\/wp-json\/wp\/v2\/types\/product"}],"replies":[{"embeddable":true,"href":"https:\/\/aromasentia.com\/no\/wp-json\/wp\/v2\/comments?post=207332"}],"version-history":[{"count":0,"href":"https:\/\/aromasentia.com\/no\/wp-json\/wp\/v2\/product\/207332\/revisions"}],"wp:featuredmedia":[{"embeddable":true,"href":"https:\/\/aromasentia.com\/no\/wp-json\/wp\/v2\/media\/274196"}],"wp:attachment":[{"href":"https:\/\/aromasentia.com\/no\/wp-json\/wp\/v2\/media?parent=207332"}],"wp:term":[{"taxonomy":"product_brand","embeddable":true,"href":"https:\/\/aromasentia.com\/no\/wp-json\/wp\/v2\/product_brand?post=207332"},{"taxonomy":"product_cat","embeddable":true,"href":"https:\/\/aromasentia.com\/no\/wp-json\/wp\/v2\/product_cat?post=207332"},{"taxonomy":"product_tag","embeddable":true,"href":"https:\/\/aromasentia.com\/no\/wp-json\/wp\/v2\/product_tag?post=207332"}],"curies":[{"name":"wp","href":"https:\/\/api.w.org\/{rel}","templated":true}]}}