{"id":207330,"date":"2025-03-20T16:21:52","date_gmt":"2025-03-20T16:21:52","guid":{"rendered":"https:\/\/aromasentia.com\/product\/chocolate-olive-oil-soap-slice\/"},"modified":"2025-05-31T03:53:01","modified_gmt":"2025-05-31T03:53:01","slug":"sjokolade-olivenolje-sapestykke","status":"publish","type":"product","link":"https:\/\/aromasentia.com\/no\/sjokolade-olivenolje-sapestykke\/","title":{"rendered":"Sjokolade &#8211; Olivenolje S\u00e5pestykke"},"content":{"rendered":"<p>Kakaoekstrakter i <strong>Aroma Sentia-ping Chocolate &#8211; Olivenoljes\u00e5peskiver<\/strong> har blitt brukt til b\u00e5de seremonielle og medisinske form\u00e5l i hundrevis av \u00e5r, s\u00e5 n\u00e5, takket v\u00e6re denne lekre (vennligst ikke spis) s\u00e5pen, kan alle unne seg et guddommelig bad. Kakaooljene sies \u00e5 hjelpe til med avslapning, og olivenoljebasen vil fukte og gi n\u00e6ring til huden.<\/p>\n<p>Olivenoljes\u00e5per var en av de f\u00f8rste vegetabilske s\u00e5pene. De er h\u00e5ndlaget ved hjelp av tradisjonell kaldprosessmetode og er ogs\u00e5 <strong>SLS- og parabenfrie<\/strong>. Det naturlige fettet kan bidra til \u00e5 gi beskyttelse, forbedre hudtonen, mykheten og ungdommeligheten til huden gjennom restrukturerende oljevirkning.<\/p>\n<p><\/p>\n<p>S\u00e5peskiver selges pakket inn i vokset papir med en ingrediensetikett og veier omtrent 100 g.<\/p>\n<p><strong>MERK:<\/strong> S\u00e5pene v\u00e5re er h\u00e5ndlaget, og fargen eller designet kan avvike noe fra bildene som vises.<\/p>\n","protected":false},"excerpt":{"rendered":"<p>Kakaoekstrakter i Aroma Sentia-ping Chocolate &#8211; Olivenoljes\u00e5peskiver har blitt brukt til b\u00e5de seremonielle og medisinske form\u00e5l i hundrevis av \u00e5r, s\u00e5 n\u00e5, takket v\u00e6re denne lekre (vennligst ikke spis) s\u00e5pen, kan alle unne seg et guddommelig bad. Kakaooljene sies \u00e5 hjelpe til med avslapning, og olivenoljebasen vil fukte og gi n\u00e6ring til huden. Olivenoljes\u00e5per var [&hellip;]<\/p>\n","protected":false},"featured_media":274130,"comment_status":"closed","ping_status":"open","template":"","meta":{"_angie_page":false},"product_brand":[],"product_cat":[9413,9439],"product_tag":[],"class_list":{"0":"post-207330","1":"product","2":"type-product","3":"status-publish","4":"has-post-thumbnail","6":"product_cat-bad-spa-og-personlig-pleie","7":"product_cat-okologiske-saper","8":"pa_collection-artisan-olive-oil-soaps-1-25kg-and-slices-no","9":"pa_made-in-spania","11":"first","12":"instock","13":"purchasable","14":"product-type-simple"},"supplier_id":null,"supplier_sku":"ArtS-07S","barcode":null,"atum_controlled":true,"out_stock_date":null,"out_stock_threshold":null,"inheritable":false,"inbound_stock":null,"stock_on_hold":0,"sold_today":0,"sales_last_days":0,"reserved_stock":null,"customer_returns":null,"warehouse_damage":null,"lost_in_post":null,"other_logs":null,"out_stock_days":0,"lost_sales":0,"has_location":null,"update_date":"2026-04-27T06:51:07","atum_locations":[],"atum_stock_status":"instock","restock_status":false,"low_stock_amount":"","sales_update_date":"2025-10-09T03:23:41","calc_backorders":null,"_links":{"self":[{"href":"https:\/\/aromasentia.com\/no\/wp-json\/wp\/v2\/product\/207330","targetHints":{"allow":["GET"]}}],"collection":[{"href":"https:\/\/aromasentia.com\/no\/wp-json\/wp\/v2\/product"}],"about":[{"href":"https:\/\/aromasentia.com\/no\/wp-json\/wp\/v2\/types\/product"}],"replies":[{"embeddable":true,"href":"https:\/\/aromasentia.com\/no\/wp-json\/wp\/v2\/comments?post=207330"}],"version-history":[{"count":0,"href":"https:\/\/aromasentia.com\/no\/wp-json\/wp\/v2\/product\/207330\/revisions"}],"wp:featuredmedia":[{"embeddable":true,"href":"https:\/\/aromasentia.com\/no\/wp-json\/wp\/v2\/media\/274130"}],"wp:attachment":[{"href":"https:\/\/aromasentia.com\/no\/wp-json\/wp\/v2\/media?parent=207330"}],"wp:term":[{"taxonomy":"product_brand","embeddable":true,"href":"https:\/\/aromasentia.com\/no\/wp-json\/wp\/v2\/product_brand?post=207330"},{"taxonomy":"product_cat","embeddable":true,"href":"https:\/\/aromasentia.com\/no\/wp-json\/wp\/v2\/product_cat?post=207330"},{"taxonomy":"product_tag","embeddable":true,"href":"https:\/\/aromasentia.com\/no\/wp-json\/wp\/v2\/product_tag?post=207330"}],"curies":[{"name":"wp","href":"https:\/\/api.w.org\/{rel}","templated":true}]}}