{"id":207328,"date":"2025-03-20T16:21:52","date_gmt":"2025-03-20T16:21:52","guid":{"rendered":"https:\/\/aromasentia.com\/product\/rosehip-olive-oil-soap-slice\/"},"modified":"2025-05-31T03:52:56","modified_gmt":"2025-05-31T03:52:56","slug":"sapestykke-av-nype-olivenolje","status":"publish","type":"product","link":"https:\/\/aromasentia.com\/no\/sapestykke-av-nype-olivenolje\/","title":{"rendered":"S\u00e5pestykke Av Nype &#8211; Olivenolje"},"content":{"rendered":"<p>Frukten til Rosa Canina i <strong>Aroma Sentia-ping Rosehip &#8211; Olivenoljes\u00e5peskiver<\/strong> er en sv\u00e6rt rik kilde til vitaminer og mineraler, spesielt vitamin A, C og E, flavanoider og andre bioaktive forbindelser. Den er ogs\u00e5 en ganske god kilde til essensielle fettsyrer, noe som er ganske uvanlig for en frukt. Nypeolje sies \u00e5 bidra til \u00e5 tone og stramme opp huden, jevne ut hudtonen, og den herlige nypelukten bidrar til avslapning.<\/p>\n<p>Olivenoljes\u00e5per var en av de f\u00f8rste vegetabilske s\u00e5pene. De er h\u00e5ndlaget ved hjelp av tradisjonell kaldprosess og er ogs\u00e5 <strong>SLS- og parabenfrie<\/strong>. Det naturlige fettet kan bidra til \u00e5 gi beskyttelse, forbedre hudtonen, mykheten og ungdommeligheten til huden gjennom en restrukturerende oljevirkning.<\/p>\n<p><\/p>\n<p>S\u00e5peskiver selges innpakket i vokset papir med en ingrediensetikett og veier omtrent 110 g.<\/p>\n<p><strong>MERK:<\/strong> S\u00e5pene v\u00e5re er h\u00e5ndlaget, og fargen eller designet kan avvike noe fra bildene som vises.<\/p>\n","protected":false},"excerpt":{"rendered":"<p>Frukten til Rosa Canina i Aroma Sentia-ping Rosehip &#8211; Olivenoljes\u00e5peskiver er en sv\u00e6rt rik kilde til vitaminer og mineraler, spesielt vitamin A, C og E, flavanoider og andre bioaktive forbindelser. Den er ogs\u00e5 en ganske god kilde til essensielle fettsyrer, noe som er ganske uvanlig for en frukt. Nypeolje sies \u00e5 bidra til \u00e5 tone [&hellip;]<\/p>\n","protected":false},"featured_media":274064,"comment_status":"closed","ping_status":"open","template":"","meta":{"_angie_page":false},"product_brand":[],"product_cat":[9413,25843,26491,26827,9439],"product_tag":[],"class_list":{"0":"post-207328","1":"product","2":"type-product","3":"status-publish","4":"has-post-thumbnail","6":"product_cat-bad-spa-og-personlig-pleie","7":"product_cat-dufter-aromaer","8":"product_cat-hyben","9":"product_cat-jordlig-gronn","10":"product_cat-okologiske-saper","11":"pa_collection-artisan-olive-oil-soaps-1-25kg-and-slices-no","12":"pa_made-in-spania","14":"first","15":"instock","16":"purchasable","17":"product-type-simple"},"supplier_id":null,"supplier_sku":"ArtS-05S","barcode":null,"atum_controlled":true,"out_stock_date":null,"out_stock_threshold":null,"inheritable":false,"inbound_stock":null,"stock_on_hold":0,"sold_today":0,"sales_last_days":0,"reserved_stock":null,"customer_returns":null,"warehouse_damage":null,"lost_in_post":null,"other_logs":null,"out_stock_days":0,"lost_sales":0,"has_location":null,"update_date":"2026-04-27T06:51:07","atum_locations":[],"atum_stock_status":"instock","restock_status":false,"low_stock_amount":"","sales_update_date":"2025-10-09T03:23:41","calc_backorders":null,"_links":{"self":[{"href":"https:\/\/aromasentia.com\/no\/wp-json\/wp\/v2\/product\/207328","targetHints":{"allow":["GET"]}}],"collection":[{"href":"https:\/\/aromasentia.com\/no\/wp-json\/wp\/v2\/product"}],"about":[{"href":"https:\/\/aromasentia.com\/no\/wp-json\/wp\/v2\/types\/product"}],"replies":[{"embeddable":true,"href":"https:\/\/aromasentia.com\/no\/wp-json\/wp\/v2\/comments?post=207328"}],"version-history":[{"count":0,"href":"https:\/\/aromasentia.com\/no\/wp-json\/wp\/v2\/product\/207328\/revisions"}],"wp:featuredmedia":[{"embeddable":true,"href":"https:\/\/aromasentia.com\/no\/wp-json\/wp\/v2\/media\/274064"}],"wp:attachment":[{"href":"https:\/\/aromasentia.com\/no\/wp-json\/wp\/v2\/media?parent=207328"}],"wp:term":[{"taxonomy":"product_brand","embeddable":true,"href":"https:\/\/aromasentia.com\/no\/wp-json\/wp\/v2\/product_brand?post=207328"},{"taxonomy":"product_cat","embeddable":true,"href":"https:\/\/aromasentia.com\/no\/wp-json\/wp\/v2\/product_cat?post=207328"},{"taxonomy":"product_tag","embeddable":true,"href":"https:\/\/aromasentia.com\/no\/wp-json\/wp\/v2\/product_tag?post=207328"}],"curies":[{"name":"wp","href":"https:\/\/api.w.org\/{rel}","templated":true}]}}