{"id":207322,"date":"2025-03-20T16:23:13","date_gmt":"2025-03-20T16:23:13","guid":{"rendered":"https:\/\/aromasentia.com\/product\/may-chang-orange-eo-soap-loaf-1-3kg\/"},"modified":"2025-05-31T03:52:22","modified_gmt":"2025-05-31T03:52:22","slug":"may-chang-appelsin-eo-sapestykke-13-kg","status":"publish","type":"product","link":"https:\/\/aromasentia.com\/no\/may-chang-appelsin-eo-sapestykke-13-kg\/","title":{"rendered":"May Chang &#8211; Appelsin &#8211; EO S\u00e5pestykke 1,3 Kg"},"content":{"rendered":"<p>Begi deg ut p\u00e5 en reise av sitrusaktig fryd med v\u00e5rt <strong>Wholesale May Chang Essential Oil Soap Loaf<\/strong>, presentert i en str\u00e5lende <strong>oransje fargetone<\/strong>. Dette <strong>1,3 kg<\/strong> store s\u00e5pebrevet er en energiutladning som er laget for \u00e5 l\u00f8fte dine kunders badeopplevelse til nye h\u00f8yder.<\/p>\n<p>V\u00e5rt s\u00e5pebrev fanger opp de <strong>syrlige og sitrusaktige notene<\/strong>, og skaper en herlig og oppkvikkende duftopplevelse som gir energi og revitaliserer. Den livlige duften av may chang gj\u00f8r dette s\u00e5pebr\u00f8det til et dynamisk og ettertraktet valg. Tiltrekk kunder som \u00f8nsker en <strong>energisk og hum\u00f8rfremmende<\/strong> badeopplevelse.<\/p>\n<p>Utover den oppkvikkende duften er May Chang Essential Oil Soap Loaf laget med f\u00f8rsteklasses ingredienser for \u00e5 <strong>rense og oppfriske huden<\/strong>. Den str\u00e5lende oransje fargen fremhever ikke bare det estetiske uttrykket i butikklokalet ditt, men kommuniserer ogs\u00e5 varmen og livligheten i May Chang-duften.<\/p>\n<p>Skap en i\u00f8ynefallende utstilling i butikkhyllene dine, og inviter kundene til \u00e5 nyte den energigivende og aromatiske gleden av May Chang.<\/p>\n<\/p>\n<p>S\u00e5pebr\u00f8det er ikke bare en oppkvikkende og forfriskende opplevelse.<\/p>\n","protected":false},"excerpt":{"rendered":"<p>Begi deg ut p\u00e5 en reise av sitrusaktig fryd med v\u00e5rt Wholesale May Chang Essential Oil Soap Loaf, presentert i en str\u00e5lende oransje fargetone. Dette 1,3 kg store s\u00e5pebrevet er en energiutladning som er laget for \u00e5 l\u00f8fte dine kunders badeopplevelse til nye h\u00f8yder. V\u00e5rt s\u00e5pebrev fanger opp de syrlige og sitrusaktige notene, og skaper [&hellip;]<\/p>\n","protected":false},"featured_media":642362,"comment_status":"closed","ping_status":"open","template":"","meta":[],"product_brand":[],"product_cat":[26306,9413,25843,26271,9439,26820],"product_tag":[],"class_list":{"0":"post-207322","1":"product","2":"type-product","3":"status-publish","4":"has-post-thumbnail","6":"product_cat-appelsin","7":"product_cat-bad-spa-og-personlig-pleie","8":"product_cat-dufter-aromaer","9":"product_cat-may-chang-litsea-cubeba","10":"product_cat-okologiske-saper","11":"product_cat-sitrus","12":"pa_collection-aromatherapy-soap-loaves-1-3-kg-and-slices-no","13":"pa_made-in-storbritannia","15":"first","16":"instock","17":"purchasable","18":"product-type-simple"},"supplier_id":null,"supplier_sku":"ASoap-09a","barcode":null,"atum_controlled":true,"out_stock_date":null,"out_stock_threshold":null,"inheritable":false,"inbound_stock":null,"stock_on_hold":0,"sold_today":0,"sales_last_days":0,"reserved_stock":null,"customer_returns":null,"warehouse_damage":null,"lost_in_post":null,"other_logs":null,"out_stock_days":0,"lost_sales":0,"has_location":null,"update_date":"2026-01-30T01:25:01","atum_locations":[],"atum_stock_status":"instock","restock_status":false,"low_stock_amount":"","sales_update_date":"2026-01-30T01:25:01","calc_backorders":null,"_links":{"self":[{"href":"https:\/\/aromasentia.com\/no\/wp-json\/wp\/v2\/product\/207322","targetHints":{"allow":["GET"]}}],"collection":[{"href":"https:\/\/aromasentia.com\/no\/wp-json\/wp\/v2\/product"}],"about":[{"href":"https:\/\/aromasentia.com\/no\/wp-json\/wp\/v2\/types\/product"}],"replies":[{"embeddable":true,"href":"https:\/\/aromasentia.com\/no\/wp-json\/wp\/v2\/comments?post=207322"}],"version-history":[{"count":0,"href":"https:\/\/aromasentia.com\/no\/wp-json\/wp\/v2\/product\/207322\/revisions"}],"wp:featuredmedia":[{"embeddable":true,"href":"https:\/\/aromasentia.com\/no\/wp-json\/wp\/v2\/media\/642362"}],"wp:attachment":[{"href":"https:\/\/aromasentia.com\/no\/wp-json\/wp\/v2\/media?parent=207322"}],"wp:term":[{"taxonomy":"product_brand","embeddable":true,"href":"https:\/\/aromasentia.com\/no\/wp-json\/wp\/v2\/product_brand?post=207322"},{"taxonomy":"product_cat","embeddable":true,"href":"https:\/\/aromasentia.com\/no\/wp-json\/wp\/v2\/product_cat?post=207322"},{"taxonomy":"product_tag","embeddable":true,"href":"https:\/\/aromasentia.com\/no\/wp-json\/wp\/v2\/product_tag?post=207322"}],"curies":[{"name":"wp","href":"https:\/\/api.w.org\/{rel}","templated":true}]}}