{"id":207316,"date":"2025-03-20T16:23:13","date_gmt":"2025-03-20T16:23:13","guid":{"rendered":"https:\/\/aromasentia.com\/product\/rosemary-pink-eo-soap-slice-115g-approx\/"},"modified":"2025-05-31T03:51:57","modified_gmt":"2025-05-31T03:51:57","slug":"rosmarin-rosa-eo-sapestykke-115-g-ca","status":"publish","type":"product","link":"https:\/\/aromasentia.com\/no\/rosmarin-rosa-eo-sapestykke-115-g-ca\/","title":{"rendered":"Rosmarin &#8211; Rosa &#8211; EO S\u00e5pestykke 115 G Ca."},"content":{"rendered":"<p>Stimuler huden og sinnet ditt med v\u00e5r Rosemary &#8211; Pink &#8211; EO Soap Slice. Denne ca. 115 g tunge s\u00e5peskiven er fylt med den urteaktige, oppkvikkende aromaen av ren eterisk rosmarinolje. Den sarte rosa fargen tilf\u00f8rer et snev av varme. Rosmarin er kjent for sin evne til \u00e5 \u00f8ke sirkulasjonen, klarne huden og skjerpe det mentale fokuset. En vidunderlig revitaliserende rens som etterlater huden tonet og sansene vekket med sin friske, kamferaktige duft.<\/p>\n","protected":false},"excerpt":{"rendered":"<p>Stimuler huden og sinnet ditt med v\u00e5r Rosemary &#8211; Pink &#8211; EO Soap Slice. Denne ca. 115 g tunge s\u00e5peskiven er fylt med den urteaktige, oppkvikkende aromaen av ren eterisk rosmarinolje. Den sarte rosa fargen tilf\u00f8rer et snev av varme. Rosmarin er kjent for sin evne til \u00e5 \u00f8ke sirkulasjonen, klarne huden og skjerpe det [&hellip;]<\/p>\n","protected":false},"featured_media":274973,"comment_status":"closed","ping_status":"open","template":"","meta":{"_angie_page":false},"product_brand":[],"product_cat":[9413,25843,9439,26373,26862],"product_tag":[],"class_list":{"0":"post-207316","1":"product","2":"type-product","3":"status-publish","4":"has-post-thumbnail","6":"product_cat-bad-spa-og-personlig-pleie","7":"product_cat-dufter-aromaer","8":"product_cat-okologiske-saper","9":"product_cat-rosmarin","10":"product_cat-urte-aromatisk","11":"pa_collection-aromatherapy-soap-loaves-1-3-kg-and-slices-no","12":"pa_made-in-storbritannia","13":"pa_size-115g","15":"first","16":"instock","17":"purchasable","18":"product-type-simple"},"supplier_id":null,"supplier_sku":"ASoap-06DS","barcode":null,"atum_controlled":true,"out_stock_date":null,"out_stock_threshold":null,"inheritable":false,"inbound_stock":null,"stock_on_hold":0,"sold_today":0,"sales_last_days":0,"reserved_stock":null,"customer_returns":null,"warehouse_damage":null,"lost_in_post":null,"other_logs":null,"out_stock_days":0,"lost_sales":0,"has_location":null,"update_date":"2026-05-08T05:03:48","atum_locations":[],"atum_stock_status":"instock","restock_status":false,"low_stock_amount":"","sales_update_date":"2026-01-30T01:24:34","calc_backorders":null,"_links":{"self":[{"href":"https:\/\/aromasentia.com\/no\/wp-json\/wp\/v2\/product\/207316","targetHints":{"allow":["GET"]}}],"collection":[{"href":"https:\/\/aromasentia.com\/no\/wp-json\/wp\/v2\/product"}],"about":[{"href":"https:\/\/aromasentia.com\/no\/wp-json\/wp\/v2\/types\/product"}],"replies":[{"embeddable":true,"href":"https:\/\/aromasentia.com\/no\/wp-json\/wp\/v2\/comments?post=207316"}],"version-history":[{"count":0,"href":"https:\/\/aromasentia.com\/no\/wp-json\/wp\/v2\/product\/207316\/revisions"}],"wp:featuredmedia":[{"embeddable":true,"href":"https:\/\/aromasentia.com\/no\/wp-json\/wp\/v2\/media\/274973"}],"wp:attachment":[{"href":"https:\/\/aromasentia.com\/no\/wp-json\/wp\/v2\/media?parent=207316"}],"wp:term":[{"taxonomy":"product_brand","embeddable":true,"href":"https:\/\/aromasentia.com\/no\/wp-json\/wp\/v2\/product_brand?post=207316"},{"taxonomy":"product_cat","embeddable":true,"href":"https:\/\/aromasentia.com\/no\/wp-json\/wp\/v2\/product_cat?post=207316"},{"taxonomy":"product_tag","embeddable":true,"href":"https:\/\/aromasentia.com\/no\/wp-json\/wp\/v2\/product_tag?post=207316"}],"curies":[{"name":"wp","href":"https:\/\/api.w.org\/{rel}","templated":true}]}}