{"id":207310,"date":"2025-03-20T16:23:13","date_gmt":"2025-03-20T16:23:13","guid":{"rendered":"https:\/\/aromasentia.com\/product\/goat-milk-olive-oil-soap-2\/"},"modified":"2025-05-31T03:51:40","modified_gmt":"2025-05-31T03:51:40","slug":"sape-med-geitemelk-og-olivenolje-2","status":"publish","type":"product","link":"https:\/\/aromasentia.com\/no\/sape-med-geitemelk-og-olivenolje-2\/","title":{"rendered":"S\u00e5pe med Geitemelk Og Olivenolje"},"content":{"rendered":"<p>V\u00e5r <strong>Aroma Sentia &#8211; Europe Goat Milk<\/strong><strong>&#8211; Olivenoljes\u00e5peskive<\/strong>inneholder pimpstein for \u00e5 fjerne inngrodd smuss, friske opp huden og kan deretter hjelpe med absorpsjonen av gunstige hudserum og fuktighetskremer. Eksfoliering kan v\u00e6re nyttig for de som har hud som viser tegn p\u00e5 for tidlig aldring p\u00e5 grunn av faktorer som overdreven soleksponering. Det kan ogs\u00e5 noen ganger hjelpe mot ikke-inflammatorisk akne.<\/p>\n<p>Olivenoljes\u00e5per var en av de f\u00f8rste vegetabilske s\u00e5pene. De er h\u00e5ndlaget ved hjelp av tradisjonell kaldprosess og er ogs\u00e5 <strong>SLS- og parabenfrie<\/strong>. Det naturlige fettet kan bidra til \u00e5 gi beskyttelse, forbedre hudtonen, mykheten og ungdommeligheten til huden gjennom en restrukturerende oljevirkning.<\/p>\n<p><\/p>\n<p>S\u00e5peskiver selges innpakket i vokset papir med en ingrediensetikett og veier omtrent 110 g.<\/p>\n<p><strong>MERK:<\/strong> S\u00e5pene v\u00e5re er h\u00e5ndlaget, og fargen eller designet kan avvike noe fra bildene som vises.<\/p>\n","protected":false},"excerpt":{"rendered":"<p>V\u00e5r Aroma Sentia &#8211; Europe Goat Milk&#8211; Olivenoljes\u00e5peskiveinneholder pimpstein for \u00e5 fjerne inngrodd smuss, friske opp huden og kan deretter hjelpe med absorpsjonen av gunstige hudserum og fuktighetskremer. Eksfoliering kan v\u00e6re nyttig for de som har hud som viser tegn p\u00e5 for tidlig aldring p\u00e5 grunn av faktorer som overdreven soleksponering. Det kan ogs\u00e5 noen [&hellip;]<\/p>\n","protected":false},"featured_media":274839,"comment_status":"closed","ping_status":"open","template":"","meta":{"_angie_page":false},"product_brand":[],"product_cat":[9413,9439],"product_tag":[],"class_list":{"0":"post-207310","1":"product","2":"type-product","3":"status-publish","4":"has-post-thumbnail","6":"product_cat-bad-spa-og-personlig-pleie","7":"product_cat-okologiske-saper","8":"pa_collection-artisan-olive-oil-soaps-1-25kg-and-slices-no","9":"pa_made-in-spania","11":"first","12":"instock","13":"purchasable","14":"product-type-simple"},"supplier_id":null,"supplier_sku":"ArtS-29S","barcode":null,"atum_controlled":true,"out_stock_date":null,"out_stock_threshold":null,"inheritable":false,"inbound_stock":null,"stock_on_hold":0,"sold_today":0,"sales_last_days":0,"reserved_stock":null,"customer_returns":null,"warehouse_damage":null,"lost_in_post":null,"other_logs":null,"out_stock_days":0,"lost_sales":0,"has_location":null,"update_date":"2026-05-04T00:02:49","atum_locations":[],"atum_stock_status":"instock","restock_status":false,"low_stock_amount":"","sales_update_date":"2026-01-30T01:25:22","calc_backorders":null,"_links":{"self":[{"href":"https:\/\/aromasentia.com\/no\/wp-json\/wp\/v2\/product\/207310","targetHints":{"allow":["GET"]}}],"collection":[{"href":"https:\/\/aromasentia.com\/no\/wp-json\/wp\/v2\/product"}],"about":[{"href":"https:\/\/aromasentia.com\/no\/wp-json\/wp\/v2\/types\/product"}],"replies":[{"embeddable":true,"href":"https:\/\/aromasentia.com\/no\/wp-json\/wp\/v2\/comments?post=207310"}],"version-history":[{"count":0,"href":"https:\/\/aromasentia.com\/no\/wp-json\/wp\/v2\/product\/207310\/revisions"}],"wp:featuredmedia":[{"embeddable":true,"href":"https:\/\/aromasentia.com\/no\/wp-json\/wp\/v2\/media\/274839"}],"wp:attachment":[{"href":"https:\/\/aromasentia.com\/no\/wp-json\/wp\/v2\/media?parent=207310"}],"wp:term":[{"taxonomy":"product_brand","embeddable":true,"href":"https:\/\/aromasentia.com\/no\/wp-json\/wp\/v2\/product_brand?post=207310"},{"taxonomy":"product_cat","embeddable":true,"href":"https:\/\/aromasentia.com\/no\/wp-json\/wp\/v2\/product_cat?post=207310"},{"taxonomy":"product_tag","embeddable":true,"href":"https:\/\/aromasentia.com\/no\/wp-json\/wp\/v2\/product_tag?post=207310"}],"curies":[{"name":"wp","href":"https:\/\/api.w.org\/{rel}","templated":true}]}}