{"id":207309,"date":"2025-03-20T16:23:13","date_gmt":"2025-03-20T16:23:13","guid":{"rendered":"https:\/\/aromasentia.com\/product\/goat-milk-olive-oil-soap\/"},"modified":"2025-05-31T03:51:37","modified_gmt":"2025-05-31T03:51:37","slug":"sape-med-geitemelk-og-olivenolje","status":"publish","type":"product","link":"https:\/\/aromasentia.com\/no\/sape-med-geitemelk-og-olivenolje\/","title":{"rendered":"S\u00e5pe med Geitemelk Og Olivenolje"},"content":{"rendered":"<p>Gi huden din n\u00e6ring med den milde renheten i v\u00e5r s\u00e5pe med geitemelk og olivenolje. Denne h\u00e5ndlagde s\u00e5pen kombinerer de rike, fuktighetsgivende egenskapene til kremet geitemelk med de pleiende fordelene til ren olivenolje. Geitemelk har et naturlig h\u00f8yt innhold av vitaminer og mineraler, noe som bidrar til \u00e5 berolige og fukte selv sensitiv hud, mens olivenolje gir sk\u00e5nsom rensing og varig mykhet. En vidunderlig mild og kremet bar, perfekt for daglig bruk, som etterlater huden rolig, smidig og velstelt.<\/p>\n","protected":false},"excerpt":{"rendered":"<p>Gi huden din n\u00e6ring med den milde renheten i v\u00e5r s\u00e5pe med geitemelk og olivenolje. Denne h\u00e5ndlagde s\u00e5pen kombinerer de rike, fuktighetsgivende egenskapene til kremet geitemelk med de pleiende fordelene til ren olivenolje. Geitemelk har et naturlig h\u00f8yt innhold av vitaminer og mineraler, noe som bidrar til \u00e5 berolige og fukte selv sensitiv hud, mens [&hellip;]<\/p>\n","protected":false},"featured_media":274814,"comment_status":"closed","ping_status":"open","template":"","meta":{"_angie_page":false},"product_brand":[],"product_cat":[9413,9439],"product_tag":[],"class_list":{"0":"post-207309","1":"product","2":"type-product","3":"status-publish","4":"has-post-thumbnail","6":"product_cat-bad-spa-og-personlig-pleie","7":"product_cat-okologiske-saper","8":"pa_collection-artisan-olive-oil-soaps-1-25kg-and-slices-no","9":"pa_made-in-spania","11":"first","12":"instock","13":"purchasable","14":"product-type-simple"},"supplier_id":null,"supplier_sku":"ArtS-29L","barcode":null,"atum_controlled":true,"out_stock_date":null,"out_stock_threshold":null,"inheritable":false,"inbound_stock":null,"stock_on_hold":0,"sold_today":0,"sales_last_days":0,"reserved_stock":null,"customer_returns":null,"warehouse_damage":null,"lost_in_post":null,"other_logs":null,"out_stock_days":0,"lost_sales":0,"has_location":null,"update_date":"2026-05-04T00:02:49","atum_locations":[],"atum_stock_status":"instock","restock_status":false,"low_stock_amount":"","sales_update_date":"2025-10-09T03:23:47","calc_backorders":null,"_links":{"self":[{"href":"https:\/\/aromasentia.com\/no\/wp-json\/wp\/v2\/product\/207309","targetHints":{"allow":["GET"]}}],"collection":[{"href":"https:\/\/aromasentia.com\/no\/wp-json\/wp\/v2\/product"}],"about":[{"href":"https:\/\/aromasentia.com\/no\/wp-json\/wp\/v2\/types\/product"}],"replies":[{"embeddable":true,"href":"https:\/\/aromasentia.com\/no\/wp-json\/wp\/v2\/comments?post=207309"}],"version-history":[{"count":0,"href":"https:\/\/aromasentia.com\/no\/wp-json\/wp\/v2\/product\/207309\/revisions"}],"wp:featuredmedia":[{"embeddable":true,"href":"https:\/\/aromasentia.com\/no\/wp-json\/wp\/v2\/media\/274814"}],"wp:attachment":[{"href":"https:\/\/aromasentia.com\/no\/wp-json\/wp\/v2\/media?parent=207309"}],"wp:term":[{"taxonomy":"product_brand","embeddable":true,"href":"https:\/\/aromasentia.com\/no\/wp-json\/wp\/v2\/product_brand?post=207309"},{"taxonomy":"product_cat","embeddable":true,"href":"https:\/\/aromasentia.com\/no\/wp-json\/wp\/v2\/product_cat?post=207309"},{"taxonomy":"product_tag","embeddable":true,"href":"https:\/\/aromasentia.com\/no\/wp-json\/wp\/v2\/product_tag?post=207309"}],"curies":[{"name":"wp","href":"https:\/\/api.w.org\/{rel}","templated":true}]}}