{"id":207293,"date":"2025-03-20T16:24:19","date_gmt":"2025-03-20T16:24:19","guid":{"rendered":"https:\/\/aromasentia.com\/product\/1-3kg-box-of-chill-pills-rose\/"},"modified":"2025-05-31T03:50:24","modified_gmt":"2025-05-31T03:50:24","slug":"13-kg-eske-boks-med-chill-pills-rose","status":"publish","type":"product","link":"https:\/\/aromasentia.com\/no\/13-kg-eske-boks-med-chill-pills-rose\/","title":{"rendered":"1,3 Kg Eske \/ Boks med Chill Pills &#8211; Rose"},"content":{"rendered":"<p>Kj\u00f8p alle typer for \u00e5 lage et i\u00f8ynefallende tilbud i nettbutikken din som kundene dine ikke vil kunne motst\u00e5.<br style=\"color: rgb(114, 114, 114); font-family: Ubuntu, sans-serif; font-size: 16px; font-style: normal; font-variant-ligatures: normal; font-variant-caps: normal; font-weight: 400; letter-spacing: normal; orphans: 2; text-align: start; text-indent: 0px; text-transform: none; white-space: normal; widows: 2; word-spacing: 0px; -webkit-text-stroke-width: 0px; background-color: rgb(255, 255, 255); text-decoration-thickness: initial; text-decoration-style: initial; text-decoration-color: initial;\">Perfekt til bryllupsgaver (du kan selge organza Poser ogs\u00e5). Barn elsker dem \u2013 legg en eller to i badekaret for litt moro og brus. Voksne kan ogs\u00e5 slappe av med en badepille eller tre.<br style=\"color: rgb(114, 114, 114); font-family: Ubuntu, sans-serif; font-size: 16px; font-style: normal; font-variant-ligatures: normal; font-variant-caps: normal; font-weight: 400; letter-spacing: normal; orphans: 2; text-align: start; text-indent: 0px; text-transform: none; white-space: normal; widows: 2; word-spacing: 0px; -webkit-text-stroke-width: 0px; background-color: rgb(255, 255, 255); text-decoration-thickness: initial; text-decoration-style: initial; text-decoration-color: initial;\">Ideelt for et fotspa \u2013 legg til en for et ekstra preg av luksus.<\/p>\n","protected":false},"excerpt":{"rendered":"<p>Kj\u00f8p alle typer for \u00e5 lage et i\u00f8ynefallende tilbud i nettbutikken din som kundene dine ikke vil kunne motst\u00e5.Perfekt til bryllupsgaver (du kan selge organza Poser ogs\u00e5). Barn elsker dem \u2013 legg en eller to i badekaret for litt moro og brus. Voksne kan ogs\u00e5 slappe av med en badepille eller tre.Ideelt for et fotspa [&hellip;]<\/p>\n","protected":false},"featured_media":275157,"comment_status":"closed","ping_status":"open","template":"","meta":[],"product_brand":[],"product_cat":[9413,9418,26834,25843,26366],"product_tag":[],"class_list":{"0":"post-207293","1":"product","2":"type-product","3":"status-publish","4":"has-post-thumbnail","6":"product_cat-bad-spa-og-personlig-pleie","7":"product_cat-badebomber","8":"product_cat-blomster","9":"product_cat-dufter-aromaer","10":"product_cat-rose","11":"pa_collection-aw-chill-pills-1-3kg-display-box-no","12":"pa_made-in-storbritannia","14":"first","15":"instock","16":"purchasable","17":"product-type-simple"},"supplier_id":null,"supplier_sku":"AWChill-03","barcode":null,"atum_controlled":true,"out_stock_date":null,"out_stock_threshold":null,"inheritable":false,"inbound_stock":null,"stock_on_hold":0,"sold_today":0,"sales_last_days":0,"reserved_stock":null,"customer_returns":null,"warehouse_damage":null,"lost_in_post":null,"other_logs":null,"out_stock_days":0,"lost_sales":0,"has_location":null,"update_date":"2026-02-08T11:16:48","atum_locations":[],"atum_stock_status":"instock","restock_status":false,"low_stock_amount":"","sales_update_date":"2025-10-09T03:24:09","calc_backorders":null,"_links":{"self":[{"href":"https:\/\/aromasentia.com\/no\/wp-json\/wp\/v2\/product\/207293","targetHints":{"allow":["GET"]}}],"collection":[{"href":"https:\/\/aromasentia.com\/no\/wp-json\/wp\/v2\/product"}],"about":[{"href":"https:\/\/aromasentia.com\/no\/wp-json\/wp\/v2\/types\/product"}],"replies":[{"embeddable":true,"href":"https:\/\/aromasentia.com\/no\/wp-json\/wp\/v2\/comments?post=207293"}],"version-history":[{"count":0,"href":"https:\/\/aromasentia.com\/no\/wp-json\/wp\/v2\/product\/207293\/revisions"}],"wp:featuredmedia":[{"embeddable":true,"href":"https:\/\/aromasentia.com\/no\/wp-json\/wp\/v2\/media\/275157"}],"wp:attachment":[{"href":"https:\/\/aromasentia.com\/no\/wp-json\/wp\/v2\/media?parent=207293"}],"wp:term":[{"taxonomy":"product_brand","embeddable":true,"href":"https:\/\/aromasentia.com\/no\/wp-json\/wp\/v2\/product_brand?post=207293"},{"taxonomy":"product_cat","embeddable":true,"href":"https:\/\/aromasentia.com\/no\/wp-json\/wp\/v2\/product_cat?post=207293"},{"taxonomy":"product_tag","embeddable":true,"href":"https:\/\/aromasentia.com\/no\/wp-json\/wp\/v2\/product_tag?post=207293"}],"curies":[{"name":"wp","href":"https:\/\/api.w.org\/{rel}","templated":true}]}}