{"id":207288,"date":"2025-03-20T16:24:19","date_gmt":"2025-03-20T16:24:19","guid":{"rendered":"https:\/\/aromasentia.com\/product\/lemon-yellow-eo-soap-loaf-1-3kg\/"},"modified":"2025-05-31T03:50:07","modified_gmt":"2025-05-31T03:50:07","slug":"sitron-gul-eo-sapestykke-13-kg","status":"publish","type":"product","link":"https:\/\/aromasentia.com\/no\/sitron-gul-eo-sapestykke-13-kg\/","title":{"rendered":"Sitron &#8211; Gul &#8211; EO S\u00e5pestykke 1,3 Kg"},"content":{"rendered":"<p>Dyp deg inn i den forfriskende essensen av sitrus med v\u00e5rt <strong>S\u00e5pebr\u00f8d med essensiell olje fra sitron<\/strong>. Dette sjener\u00f8se s\u00e5pebr\u00f8det p\u00e5 <strong>1,3 kg <\/strong>, utsmykket i en str\u00e5lende <strong>gul fargetone<\/strong>, er et friskt pust i baderitualet til kundene dine.<\/p>\n<p>V\u00e5rt s\u00e5pebr\u00f8d har en <strong>frisk og revitaliserende duft av ferske sitroner<\/strong>, som gir en sanseflukt som gir energi og forynger. Den livlige gule fargen p\u00e5 s\u00e5pebr\u00f8det v\u00e5rt minner om en solfylt sitruslund. Legg til et snev av solskinn i butikkhyllene dine, og skap en i\u00f8ynefallende utstilling som lokker kundene til \u00e5 oppleve de lyse og forfriskende fordelene med sitron.nbsp;<\/p>\n<p>Utover den forfriskende duften er v\u00e5rt s\u00e5pebr\u00f8d med essensiell olje fra sitron laget med f\u00f8rsteklasses ingredienser for \u00e5 <strong>rense og skjemme bort huden<\/strong>. Nyt den forfriskende f\u00f8lelsen av sitron mens du gir n\u00e6ring til huden ved hver bruk.<\/p>\n<p> Vis frem s\u00e5pebr\u00f8det v\u00e5rt p\u00e5 en fremtredende plass for \u00e5 tiltrekke deg kunder som \u00f8nsker et utbrudd av energi og en herlig badeopplevelse.<\/p>\n<\/p>\n<p>.<\/p>\n","protected":false},"excerpt":{"rendered":"<p>Dyp deg inn i den forfriskende essensen av sitrus med v\u00e5rt S\u00e5pebr\u00f8d med essensiell olje fra sitron. Dette sjener\u00f8se s\u00e5pebr\u00f8det p\u00e5 1,3 kg , utsmykket i en str\u00e5lende gul fargetone, er et friskt pust i baderitualet til kundene dine. V\u00e5rt s\u00e5pebr\u00f8d har en frisk og revitaliserende duft av ferske sitroner, som gir en sanseflukt som [&hellip;]<\/p>\n","protected":false},"featured_media":642402,"comment_status":"closed","ping_status":"open","template":"","meta":[],"product_brand":[],"product_cat":[9413,25843,9439,26239,26820],"product_tag":[],"class_list":{"0":"post-207288","1":"product","2":"type-product","3":"status-publish","4":"has-post-thumbnail","6":"product_cat-bad-spa-og-personlig-pleie","7":"product_cat-dufter-aromaer","8":"product_cat-okologiske-saper","9":"product_cat-sitron","10":"product_cat-sitrus","11":"pa_collection-aromatherapy-soap-loaves-1-3-kg-and-slices-no","12":"pa_made-in-storbritannia","14":"first","15":"outofstock","16":"purchasable","17":"product-type-simple"},"supplier_id":null,"supplier_sku":"ASoap-04a","barcode":null,"atum_controlled":true,"out_stock_date":"2025-12-12 03:29:10","out_stock_threshold":null,"inheritable":false,"inbound_stock":null,"stock_on_hold":0,"sold_today":0,"sales_last_days":0,"reserved_stock":null,"customer_returns":null,"warehouse_damage":null,"lost_in_post":null,"other_logs":null,"out_stock_days":55,"lost_sales":0,"has_location":null,"update_date":"2026-02-06T00:01:10","atum_locations":[],"atum_stock_status":"outofstock","restock_status":false,"low_stock_amount":"","sales_update_date":"2026-02-06T00:01:10","calc_backorders":null,"_links":{"self":[{"href":"https:\/\/aromasentia.com\/no\/wp-json\/wp\/v2\/product\/207288","targetHints":{"allow":["GET"]}}],"collection":[{"href":"https:\/\/aromasentia.com\/no\/wp-json\/wp\/v2\/product"}],"about":[{"href":"https:\/\/aromasentia.com\/no\/wp-json\/wp\/v2\/types\/product"}],"replies":[{"embeddable":true,"href":"https:\/\/aromasentia.com\/no\/wp-json\/wp\/v2\/comments?post=207288"}],"version-history":[{"count":0,"href":"https:\/\/aromasentia.com\/no\/wp-json\/wp\/v2\/product\/207288\/revisions"}],"wp:featuredmedia":[{"embeddable":true,"href":"https:\/\/aromasentia.com\/no\/wp-json\/wp\/v2\/media\/642402"}],"wp:attachment":[{"href":"https:\/\/aromasentia.com\/no\/wp-json\/wp\/v2\/media?parent=207288"}],"wp:term":[{"taxonomy":"product_brand","embeddable":true,"href":"https:\/\/aromasentia.com\/no\/wp-json\/wp\/v2\/product_brand?post=207288"},{"taxonomy":"product_cat","embeddable":true,"href":"https:\/\/aromasentia.com\/no\/wp-json\/wp\/v2\/product_cat?post=207288"},{"taxonomy":"product_tag","embeddable":true,"href":"https:\/\/aromasentia.com\/no\/wp-json\/wp\/v2\/product_tag?post=207288"}],"curies":[{"name":"wp","href":"https:\/\/api.w.org\/{rel}","templated":true}]}}