{"id":207285,"date":"2025-03-20T16:25:36","date_gmt":"2025-03-20T16:25:36","guid":{"rendered":"https:\/\/aromasentia.com\/product\/lemon-meringue-pie-bath-dust-200g\/"},"modified":"2025-05-31T03:49:48","modified_gmt":"2025-05-31T03:49:48","slug":"lemon-meringue-pie-badestov-200-g","status":"publish","type":"product","link":"https:\/\/aromasentia.com\/no\/lemon-meringue-pie-badestov-200-g\/","title":{"rendered":"Lemon Meringue Pie Badest\u00f8v 200 G"},"content":{"rendered":"<p>Forvandle badet ditt til en s\u00f8t godbit med Lemon Meringue Pie Bath Dust. Denne 200 g-posen med herligheter spruter og skummer, og frigj\u00f8r den uimotst\u00e5elige duften av syrlig sitroncurd toppet med s\u00f8t, luftig marengs. Den mykgj\u00f8r vannet og skjemmer bort huden din, og skaper et morsomt, velduftende og behagelig bad. Dryss den i varmt vann og la den beroligende, bakerifriske duften omslutte deg, og forvandle et vanlig bad til et deilig lekent og avslappende avbrekk som lukter s\u00e5 godt at du kan spise det.<\/p>\n","protected":false},"excerpt":{"rendered":"<p>Forvandle badet ditt til en s\u00f8t godbit med Lemon Meringue Pie Bath Dust. Denne 200 g-posen med herligheter spruter og skummer, og frigj\u00f8r den uimotst\u00e5elige duften av syrlig sitroncurd toppet med s\u00f8t, luftig marengs. Den mykgj\u00f8r vannet og skjemmer bort huden din, og skaper et morsomt, velduftende og behagelig bad. Dryss den i varmt vann [&hellip;]<\/p>\n","protected":false},"featured_media":277431,"comment_status":"closed","ping_status":"open","template":"","meta":{"_angie_page":false},"product_brand":[],"product_cat":[9413,9466,25843,26239,26820],"product_tag":[],"class_list":{"0":"post-207285","1":"product","2":"type-product","3":"status-publish","4":"has-post-thumbnail","6":"product_cat-bad-spa-og-personlig-pleie","7":"product_cat-badesalt","8":"product_cat-dufter-aromaer","9":"product_cat-sitron","10":"product_cat-sitrus","11":"pa_collection-bath-dust-190g-no","12":"pa_made-in-storbritannia","13":"pa_size-200g","15":"first","16":"instock","17":"purchasable","18":"product-type-simple"},"supplier_id":null,"supplier_sku":"BAS-35","barcode":null,"atum_controlled":true,"out_stock_date":null,"out_stock_threshold":null,"inheritable":false,"inbound_stock":null,"stock_on_hold":0,"sold_today":0,"sales_last_days":0,"reserved_stock":null,"customer_returns":null,"warehouse_damage":null,"lost_in_post":null,"other_logs":null,"out_stock_days":0,"lost_sales":0,"has_location":null,"update_date":"2026-04-27T06:53:55","atum_locations":[],"atum_stock_status":"instock","restock_status":false,"low_stock_amount":"","sales_update_date":"2025-10-09T03:25:41","calc_backorders":null,"_links":{"self":[{"href":"https:\/\/aromasentia.com\/no\/wp-json\/wp\/v2\/product\/207285","targetHints":{"allow":["GET"]}}],"collection":[{"href":"https:\/\/aromasentia.com\/no\/wp-json\/wp\/v2\/product"}],"about":[{"href":"https:\/\/aromasentia.com\/no\/wp-json\/wp\/v2\/types\/product"}],"replies":[{"embeddable":true,"href":"https:\/\/aromasentia.com\/no\/wp-json\/wp\/v2\/comments?post=207285"}],"version-history":[{"count":0,"href":"https:\/\/aromasentia.com\/no\/wp-json\/wp\/v2\/product\/207285\/revisions"}],"wp:featuredmedia":[{"embeddable":true,"href":"https:\/\/aromasentia.com\/no\/wp-json\/wp\/v2\/media\/277431"}],"wp:attachment":[{"href":"https:\/\/aromasentia.com\/no\/wp-json\/wp\/v2\/media?parent=207285"}],"wp:term":[{"taxonomy":"product_brand","embeddable":true,"href":"https:\/\/aromasentia.com\/no\/wp-json\/wp\/v2\/product_brand?post=207285"},{"taxonomy":"product_cat","embeddable":true,"href":"https:\/\/aromasentia.com\/no\/wp-json\/wp\/v2\/product_cat?post=207285"},{"taxonomy":"product_tag","embeddable":true,"href":"https:\/\/aromasentia.com\/no\/wp-json\/wp\/v2\/product_tag?post=207285"}],"curies":[{"name":"wp","href":"https:\/\/api.w.org\/{rel}","templated":true}]}}