{"id":207283,"date":"2025-03-20T16:25:36","date_gmt":"2025-03-20T16:25:36","guid":{"rendered":"https:\/\/aromasentia.com\/product\/grey-cloud-guest-soap-sea-moss\/"},"modified":"2025-05-31T03:49:43","modified_gmt":"2025-05-31T03:49:43","slug":"grey-cloud-gjestesaper-sea-moss","status":"publish","type":"product","link":"https:\/\/aromasentia.com\/no\/grey-cloud-gjestesaper-sea-moss\/","title":{"rendered":"Grey Cloud Gjestes\u00e5per &#8211; Sea Moss"},"content":{"rendered":"<p>V\u00e5re egenproduserte sm\u00e5 <strong>Aroma Sentia-spisende gjestes\u00e5per i form av sj\u00f8moseskyer<\/strong> er et flott blikkfang i nettbutikken din. De er fargerike og lukter godt \u2013 <strong>friske og syrlige<\/strong> \u2013 Flott for B&#038;B-er, gjestehus eller kunder som elsker baderomstilbeh\u00f8ret sitt, friskt og stilig.<\/p>\n","protected":false},"excerpt":{"rendered":"<p>V\u00e5re egenproduserte sm\u00e5 Aroma Sentia-spisende gjestes\u00e5per i form av sj\u00f8moseskyer er et flott blikkfang i nettbutikken din. De er fargerike og lukter godt \u2013 friske og syrlige \u2013 Flott for B&#038;B-er, gjestehus eller kunder som elsker baderomstilbeh\u00f8ret sitt, friskt og stilig.<\/p>\n","protected":false},"featured_media":277365,"comment_status":"closed","ping_status":"open","template":"","meta":[],"product_brand":[],"product_cat":[9413,9439],"product_tag":[],"class_list":{"0":"post-207283","1":"product","2":"type-product","3":"status-publish","4":"has-post-thumbnail","6":"product_cat-bad-spa-og-personlig-pleie","7":"product_cat-okologiske-saper","8":"pa_collection-shaped-guest-soaps-no","9":"pa_made-in-storbritannia","11":"first","12":"outofstock","13":"purchasable","14":"product-type-simple"},"supplier_id":null,"supplier_sku":"AWGSoap-16","barcode":null,"atum_controlled":true,"out_stock_date":"2026-01-30 17:55:51","out_stock_threshold":null,"inheritable":false,"inbound_stock":null,"stock_on_hold":0,"sold_today":0,"sales_last_days":0,"reserved_stock":null,"customer_returns":null,"warehouse_damage":null,"lost_in_post":null,"other_logs":null,"out_stock_days":0,"lost_sales":0,"has_location":null,"update_date":"2026-01-30T17:55:53","atum_locations":[],"atum_stock_status":"outofstock","restock_status":false,"low_stock_amount":"","sales_update_date":"2026-01-30T01:26:25","calc_backorders":null,"_links":{"self":[{"href":"https:\/\/aromasentia.com\/no\/wp-json\/wp\/v2\/product\/207283","targetHints":{"allow":["GET"]}}],"collection":[{"href":"https:\/\/aromasentia.com\/no\/wp-json\/wp\/v2\/product"}],"about":[{"href":"https:\/\/aromasentia.com\/no\/wp-json\/wp\/v2\/types\/product"}],"replies":[{"embeddable":true,"href":"https:\/\/aromasentia.com\/no\/wp-json\/wp\/v2\/comments?post=207283"}],"version-history":[{"count":0,"href":"https:\/\/aromasentia.com\/no\/wp-json\/wp\/v2\/product\/207283\/revisions"}],"wp:featuredmedia":[{"embeddable":true,"href":"https:\/\/aromasentia.com\/no\/wp-json\/wp\/v2\/media\/277365"}],"wp:attachment":[{"href":"https:\/\/aromasentia.com\/no\/wp-json\/wp\/v2\/media?parent=207283"}],"wp:term":[{"taxonomy":"product_brand","embeddable":true,"href":"https:\/\/aromasentia.com\/no\/wp-json\/wp\/v2\/product_brand?post=207283"},{"taxonomy":"product_cat","embeddable":true,"href":"https:\/\/aromasentia.com\/no\/wp-json\/wp\/v2\/product_cat?post=207283"},{"taxonomy":"product_tag","embeddable":true,"href":"https:\/\/aromasentia.com\/no\/wp-json\/wp\/v2\/product_tag?post=207283"}],"curies":[{"name":"wp","href":"https:\/\/api.w.org\/{rel}","templated":true}]}}