{"id":207282,"date":"2025-03-20T16:25:36","date_gmt":"2025-03-20T16:25:36","guid":{"rendered":"https:\/\/aromasentia.com\/product\/white-cloud-guest-soap-angel-halo\/"},"modified":"2025-05-31T03:49:41","modified_gmt":"2025-05-31T03:49:41","slug":"white-cloud-gjestesaper-angel-halo","status":"publish","type":"product","link":"https:\/\/aromasentia.com\/no\/white-cloud-gjestesaper-angel-halo\/","title":{"rendered":"White Cloud Gjestes\u00e5per &#8211; Angel Halo"},"content":{"rendered":"<p>V\u00e5re egenproduserte sm\u00e5 <strong>Aroma Sentia-pping &nbsp;White Cloud Shaped Guest Soaps<\/strong> er et flott blikkfang i nettbutikken din. De er fargerike og lukter godt \u2013 <strong>friske og syrlige<\/strong> \u2013 Flott for B&#038;B-er eller gjestehus, eller kunder som elsker at baderomstilbeh\u00f8ret sitt er friskt og stilig.<\/p>\n","protected":false},"excerpt":{"rendered":"<p>V\u00e5re egenproduserte sm\u00e5 Aroma Sentia-pping &nbsp;White Cloud Shaped Guest Soaps er et flott blikkfang i nettbutikken din. De er fargerike og lukter godt \u2013 friske og syrlige \u2013 Flott for B&#038;B-er eller gjestehus, eller kunder som elsker at baderomstilbeh\u00f8ret sitt er friskt og stilig.<\/p>\n","protected":false},"featured_media":277340,"comment_status":"closed","ping_status":"open","template":"","meta":{"_angie_page":false},"product_brand":[],"product_cat":[9413,9439],"product_tag":[],"class_list":{"0":"post-207282","1":"product","2":"type-product","3":"status-publish","4":"has-post-thumbnail","6":"product_cat-bad-spa-og-personlig-pleie","7":"product_cat-okologiske-saper","8":"pa_collection-shaped-guest-soaps-no","9":"pa_made-in-storbritannia","11":"first","12":"instock","13":"purchasable","14":"product-type-simple"},"supplier_id":null,"supplier_sku":"AWGSoap-15","barcode":null,"atum_controlled":true,"out_stock_date":null,"out_stock_threshold":null,"inheritable":false,"inbound_stock":null,"stock_on_hold":0,"sold_today":0,"sales_last_days":0,"reserved_stock":null,"customer_returns":null,"warehouse_damage":null,"lost_in_post":null,"other_logs":null,"out_stock_days":44,"lost_sales":0,"has_location":null,"update_date":"2026-04-27T06:52:22","atum_locations":[],"atum_stock_status":"instock","restock_status":false,"low_stock_amount":"","sales_update_date":"2026-01-30T01:26:29","calc_backorders":null,"_links":{"self":[{"href":"https:\/\/aromasentia.com\/no\/wp-json\/wp\/v2\/product\/207282","targetHints":{"allow":["GET"]}}],"collection":[{"href":"https:\/\/aromasentia.com\/no\/wp-json\/wp\/v2\/product"}],"about":[{"href":"https:\/\/aromasentia.com\/no\/wp-json\/wp\/v2\/types\/product"}],"replies":[{"embeddable":true,"href":"https:\/\/aromasentia.com\/no\/wp-json\/wp\/v2\/comments?post=207282"}],"version-history":[{"count":0,"href":"https:\/\/aromasentia.com\/no\/wp-json\/wp\/v2\/product\/207282\/revisions"}],"wp:featuredmedia":[{"embeddable":true,"href":"https:\/\/aromasentia.com\/no\/wp-json\/wp\/v2\/media\/277340"}],"wp:attachment":[{"href":"https:\/\/aromasentia.com\/no\/wp-json\/wp\/v2\/media?parent=207282"}],"wp:term":[{"taxonomy":"product_brand","embeddable":true,"href":"https:\/\/aromasentia.com\/no\/wp-json\/wp\/v2\/product_brand?post=207282"},{"taxonomy":"product_cat","embeddable":true,"href":"https:\/\/aromasentia.com\/no\/wp-json\/wp\/v2\/product_cat?post=207282"},{"taxonomy":"product_tag","embeddable":true,"href":"https:\/\/aromasentia.com\/no\/wp-json\/wp\/v2\/product_tag?post=207282"}],"curies":[{"name":"wp","href":"https:\/\/api.w.org\/{rel}","templated":true}]}}