{"id":207273,"date":"2025-03-20T16:25:36","date_gmt":"2025-03-20T16:25:36","guid":{"rendered":"https:\/\/aromasentia.com\/product\/heart-guest-soaps-wild-rose\/"},"modified":"2025-05-31T03:49:17","modified_gmt":"2025-05-31T03:49:17","slug":"heart-gjestesaper-wild-rose","status":"publish","type":"product","link":"https:\/\/aromasentia.com\/no\/heart-gjestesaper-wild-rose\/","title":{"rendered":"Heart Gjestes\u00e5per &#8211; Wild Rose"},"content":{"rendered":"<p>V\u00e5re egenproduserte sm\u00e5 hjerteformede gjestes\u00e5per er et flott blikkfang. De er fargerike og lukter godt \u2013 friske og pikant \u2013 Flott for B&#038;B eller gjestehus.<\/p>\n<p><\/p>\n<p>Gjestes\u00e5per veier ca. 20 gram hver og m\u00e5ler ca. 45 x 40 mm.<\/p>\n<p>Gjestes\u00e5pene v\u00e5re er ogs\u00e5 SLS- og parabenfrie.<\/p>\n","protected":false},"excerpt":{"rendered":"<p>V\u00e5re egenproduserte sm\u00e5 hjerteformede gjestes\u00e5per er et flott blikkfang. De er fargerike og lukter godt \u2013 friske og pikant \u2013 Flott for B&#038;B eller gjestehus. Gjestes\u00e5per veier ca. 20 gram hver og m\u00e5ler ca. 45 x 40 mm. Gjestes\u00e5pene v\u00e5re er ogs\u00e5 SLS- og parabenfrie.<\/p>\n","protected":false},"featured_media":276794,"comment_status":"closed","ping_status":"open","template":"","meta":{"_angie_page":false},"product_brand":[],"product_cat":[9413,26834,25843,9439,26366],"product_tag":[],"class_list":{"0":"post-207273","1":"product","2":"type-product","3":"status-publish","4":"has-post-thumbnail","6":"product_cat-bad-spa-og-personlig-pleie","7":"product_cat-blomster","8":"product_cat-dufter-aromaer","9":"product_cat-okologiske-saper","10":"product_cat-rose","11":"pa_collection-shaped-guest-soaps-no","12":"pa_made-in-storbritannia","14":"first","15":"instock","16":"purchasable","17":"product-type-simple"},"supplier_id":null,"supplier_sku":"AWGSoap-02","barcode":null,"atum_controlled":true,"out_stock_date":null,"out_stock_threshold":null,"inheritable":false,"inbound_stock":null,"stock_on_hold":0,"sold_today":0,"sales_last_days":0,"reserved_stock":null,"customer_returns":null,"warehouse_damage":null,"lost_in_post":null,"other_logs":null,"out_stock_days":0,"lost_sales":0,"has_location":null,"update_date":"2026-04-27T06:52:22","atum_locations":[],"atum_stock_status":"instock","restock_status":false,"low_stock_amount":"","sales_update_date":"2026-02-06T00:01:52","calc_backorders":null,"_links":{"self":[{"href":"https:\/\/aromasentia.com\/no\/wp-json\/wp\/v2\/product\/207273","targetHints":{"allow":["GET"]}}],"collection":[{"href":"https:\/\/aromasentia.com\/no\/wp-json\/wp\/v2\/product"}],"about":[{"href":"https:\/\/aromasentia.com\/no\/wp-json\/wp\/v2\/types\/product"}],"replies":[{"embeddable":true,"href":"https:\/\/aromasentia.com\/no\/wp-json\/wp\/v2\/comments?post=207273"}],"version-history":[{"count":0,"href":"https:\/\/aromasentia.com\/no\/wp-json\/wp\/v2\/product\/207273\/revisions"}],"wp:featuredmedia":[{"embeddable":true,"href":"https:\/\/aromasentia.com\/no\/wp-json\/wp\/v2\/media\/276794"}],"wp:attachment":[{"href":"https:\/\/aromasentia.com\/no\/wp-json\/wp\/v2\/media?parent=207273"}],"wp:term":[{"taxonomy":"product_brand","embeddable":true,"href":"https:\/\/aromasentia.com\/no\/wp-json\/wp\/v2\/product_brand?post=207273"},{"taxonomy":"product_cat","embeddable":true,"href":"https:\/\/aromasentia.com\/no\/wp-json\/wp\/v2\/product_cat?post=207273"},{"taxonomy":"product_tag","embeddable":true,"href":"https:\/\/aromasentia.com\/no\/wp-json\/wp\/v2\/product_tag?post=207273"}],"curies":[{"name":"wp","href":"https:\/\/api.w.org\/{rel}","templated":true}]}}