{"id":207271,"date":"2025-03-20T16:25:36","date_gmt":"2025-03-20T16:25:36","guid":{"rendered":"https:\/\/aromasentia.com\/product\/oriental-musk-bath-dust-200g\/"},"modified":"2025-05-31T03:49:10","modified_gmt":"2025-05-31T03:49:10","slug":"oriental-musk-badestov-200g","status":"publish","type":"product","link":"https:\/\/aromasentia.com\/no\/oriental-musk-badestov-200g\/","title":{"rendered":"Oriental Musk Badest\u00f8v 200G"},"content":{"rendered":"<p>Fordyp deg i et eksotisk, sensuelt bad med Oriental Musk Bath Dust. Denne 200 g-posen med velduftende pulver l\u00f8ses opp og frigj\u00f8r en rik, varm og mystisk moskusaroma, eventuelt blandet med subtile krydder- eller ravtoner. Det skaper en dypt avslappende og overd\u00e5dig badeopplevelse, mykgj\u00f8r vannet og etterlater huden glatt og forf\u00f8rende parfymert. Perfekt for \u00e5 slappe av og skjemme bort sansene dine, og forvandler badet ditt til en luksuri\u00f8s flukt til fjerne, mystiske land.<\/p>\n","protected":false},"excerpt":{"rendered":"<p>Fordyp deg i et eksotisk, sensuelt bad med Oriental Musk Bath Dust. Denne 200 g-posen med velduftende pulver l\u00f8ses opp og frigj\u00f8r en rik, varm og mystisk moskusaroma, eventuelt blandet med subtile krydder- eller ravtoner. Det skaper en dypt avslappende og overd\u00e5dig badeopplevelse, mykgj\u00f8r vannet og etterlater huden glatt og forf\u00f8rende parfymert. Perfekt for \u00e5 [&hellip;]<\/p>\n","protected":false},"featured_media":277629,"comment_status":"closed","ping_status":"open","template":"","meta":{"_angie_page":false},"product_brand":[],"product_cat":[9413,9466],"product_tag":[],"class_list":{"0":"post-207271","1":"product","2":"type-product","3":"status-publish","4":"has-post-thumbnail","6":"product_cat-bad-spa-og-personlig-pleie","7":"product_cat-badesalt","8":"pa_collection-bath-dust-190g-no","9":"pa_made-in-storbritannia","10":"pa_size-200g","12":"first","13":"instock","14":"purchasable","15":"product-type-simple"},"supplier_id":null,"supplier_sku":"BAS-29","barcode":null,"atum_controlled":true,"out_stock_date":null,"out_stock_threshold":null,"inheritable":false,"inbound_stock":null,"stock_on_hold":0,"sold_today":0,"sales_last_days":0,"reserved_stock":null,"customer_returns":null,"warehouse_damage":null,"lost_in_post":null,"other_logs":null,"out_stock_days":33,"lost_sales":0,"has_location":null,"update_date":"2026-04-27T06:53:55","atum_locations":[],"atum_stock_status":"instock","restock_status":false,"low_stock_amount":"","sales_update_date":"2026-01-20T05:14:46","calc_backorders":null,"_links":{"self":[{"href":"https:\/\/aromasentia.com\/no\/wp-json\/wp\/v2\/product\/207271","targetHints":{"allow":["GET"]}}],"collection":[{"href":"https:\/\/aromasentia.com\/no\/wp-json\/wp\/v2\/product"}],"about":[{"href":"https:\/\/aromasentia.com\/no\/wp-json\/wp\/v2\/types\/product"}],"replies":[{"embeddable":true,"href":"https:\/\/aromasentia.com\/no\/wp-json\/wp\/v2\/comments?post=207271"}],"version-history":[{"count":0,"href":"https:\/\/aromasentia.com\/no\/wp-json\/wp\/v2\/product\/207271\/revisions"}],"wp:featuredmedia":[{"embeddable":true,"href":"https:\/\/aromasentia.com\/no\/wp-json\/wp\/v2\/media\/277629"}],"wp:attachment":[{"href":"https:\/\/aromasentia.com\/no\/wp-json\/wp\/v2\/media?parent=207271"}],"wp:term":[{"taxonomy":"product_brand","embeddable":true,"href":"https:\/\/aromasentia.com\/no\/wp-json\/wp\/v2\/product_brand?post=207271"},{"taxonomy":"product_cat","embeddable":true,"href":"https:\/\/aromasentia.com\/no\/wp-json\/wp\/v2\/product_cat?post=207271"},{"taxonomy":"product_tag","embeddable":true,"href":"https:\/\/aromasentia.com\/no\/wp-json\/wp\/v2\/product_tag?post=207271"}],"curies":[{"name":"wp","href":"https:\/\/api.w.org\/{rel}","templated":true}]}}