{"id":207270,"date":"2025-03-20T16:25:36","date_gmt":"2025-03-20T16:25:36","guid":{"rendered":"https:\/\/aromasentia.com\/product\/raspberry-black-pepper-bath-dust-200g\/"},"modified":"2025-05-31T03:49:07","modified_gmt":"2025-05-31T03:49:07","slug":"raspberry-black-pepper-badestov-200g","status":"publish","type":"product","link":"https:\/\/aromasentia.com\/no\/raspberry-black-pepper-badestov-200g\/","title":{"rendered":"Raspberry &#038; Black Pepper Badest\u00f8v 200G"},"content":{"rendered":"<h6><strong>Badest\u00f8v med bringeb\u00e6r og svart pepper 190 g:&nbsp;<\/strong><\/h6>\n<p>Forvandle vanlige bad til ekstraordin\u00e6re opplevelser med<strong>&nbsp;Ancient Wisdom Bath Dust.&nbsp;<\/strong>Infundert med de fristende duftene av modne<strong><span style=\"color: rgb(209, 72, 65);\">&nbsp;bringeb\u00e6r<\/span><\/strong> og oppkvikkende<strong><span style=\"color: rgb(0, 0, 0);\">&nbsp;svart pepper,<\/span><\/strong> tar denne luksuri\u00f8se blandingen bading til et helt nytt niv\u00e5.<\/p>\n<p>Men det som skiller disse Bath Dust fra de andre, er inkluderingen av <strong>Shea Butter<\/strong>, et naturlig underverk for huden. Mens kundene dine dypper seg i det velduftende vannet, ut\u00f8ver sheasm\u00f8ret sin magi og etterlater huden myk, hydrert og n\u00e6ret.<\/p>\n<p>Perfekt egnet for butikker og spa-forhandlere som \u00f8nsker \u00e5 fengsle kundene sine med en helt unik og revitaliserende badef\u00f8lelse. Gj\u00f8r badetiden til et \u00f8yeblikk av ren lykke for kundene dine.nbsp;<\/p>\n<p><strong>Bestill i dag for \u00e5 f\u00e5 dette m\u00e5-ha-produktet i hyllene dine.<\/strong><\/p>\n","protected":false},"excerpt":{"rendered":"<p>Badest\u00f8v med bringeb\u00e6r og svart pepper 190 g:&nbsp; Forvandle vanlige bad til ekstraordin\u00e6re opplevelser med&nbsp;Ancient Wisdom Bath Dust.&nbsp;Infundert med de fristende duftene av modne&nbsp;bringeb\u00e6r og oppkvikkende&nbsp;svart pepper, tar denne luksuri\u00f8se blandingen bading til et helt nytt niv\u00e5. Men det som skiller disse Bath Dust fra de andre, er inkluderingen av Shea Butter, et naturlig underverk [&hellip;]<\/p>\n","protected":false},"featured_media":277596,"comment_status":"closed","ping_status":"open","template":"","meta":{"_angie_page":false},"product_brand":[],"product_cat":[9413,9466],"product_tag":[],"class_list":{"0":"post-207270","1":"product","2":"type-product","3":"status-publish","4":"has-post-thumbnail","6":"product_cat-bad-spa-og-personlig-pleie","7":"product_cat-badesalt","8":"pa_collection-bath-dust-190g-no","9":"pa_made-in-storbritannia","10":"pa_size-200g","12":"first","13":"instock","14":"purchasable","15":"product-type-simple"},"supplier_id":null,"supplier_sku":"BAS-30","barcode":null,"atum_controlled":true,"out_stock_date":null,"out_stock_threshold":null,"inheritable":false,"inbound_stock":null,"stock_on_hold":0,"sold_today":0,"sales_last_days":0,"reserved_stock":null,"customer_returns":null,"warehouse_damage":null,"lost_in_post":null,"other_logs":null,"out_stock_days":0,"lost_sales":0,"has_location":null,"update_date":"2026-04-29T06:53:35","atum_locations":[],"atum_stock_status":"instock","restock_status":false,"low_stock_amount":"","sales_update_date":"2026-01-20T05:14:00","calc_backorders":null,"_links":{"self":[{"href":"https:\/\/aromasentia.com\/no\/wp-json\/wp\/v2\/product\/207270","targetHints":{"allow":["GET"]}}],"collection":[{"href":"https:\/\/aromasentia.com\/no\/wp-json\/wp\/v2\/product"}],"about":[{"href":"https:\/\/aromasentia.com\/no\/wp-json\/wp\/v2\/types\/product"}],"replies":[{"embeddable":true,"href":"https:\/\/aromasentia.com\/no\/wp-json\/wp\/v2\/comments?post=207270"}],"version-history":[{"count":0,"href":"https:\/\/aromasentia.com\/no\/wp-json\/wp\/v2\/product\/207270\/revisions"}],"wp:featuredmedia":[{"embeddable":true,"href":"https:\/\/aromasentia.com\/no\/wp-json\/wp\/v2\/media\/277596"}],"wp:attachment":[{"href":"https:\/\/aromasentia.com\/no\/wp-json\/wp\/v2\/media?parent=207270"}],"wp:term":[{"taxonomy":"product_brand","embeddable":true,"href":"https:\/\/aromasentia.com\/no\/wp-json\/wp\/v2\/product_brand?post=207270"},{"taxonomy":"product_cat","embeddable":true,"href":"https:\/\/aromasentia.com\/no\/wp-json\/wp\/v2\/product_cat?post=207270"},{"taxonomy":"product_tag","embeddable":true,"href":"https:\/\/aromasentia.com\/no\/wp-json\/wp\/v2\/product_tag?post=207270"}],"curies":[{"name":"wp","href":"https:\/\/api.w.org\/{rel}","templated":true}]}}