{"id":207268,"date":"2025-03-20T16:25:36","date_gmt":"2025-03-20T16:25:36","guid":{"rendered":"https:\/\/aromasentia.com\/product\/strawberry-pavlova-bath-dust-200g\/"},"modified":"2025-05-31T03:49:02","modified_gmt":"2025-05-31T03:49:02","slug":"jordbaer-pavlova-badestov-200-g","status":"publish","type":"product","link":"https:\/\/aromasentia.com\/no\/jordbaer-pavlova-badestov-200-g\/","title":{"rendered":"Jordb\u00e6r Pavlova Badest\u00f8v 200 G"},"content":{"rendered":"<p>Nyt et sofistikert, fruktig bad med Strawberry Pavlova Bath Dust. Denne 200 g-posen med velduftende brus fanger opp den herlige essensen av s\u00f8te, modne jordb\u00e6r, lett marengs og et snev av kremet vanilje. Etter hvert som det l\u00f8ser seg opp, frigj\u00f8r det en elegant og beroligende aroma som myker opp badevannet og etterlater huden din velduftende og bortskjemt. Dryss i varmt vann for en virkelig herlig opplevelse som minner om en klassisk, elsket dessert, og gj\u00f8r badet ditt til en luksuri\u00f8s nytelse.<\/p>\n","protected":false},"excerpt":{"rendered":"<p>Nyt et sofistikert, fruktig bad med Strawberry Pavlova Bath Dust. Denne 200 g-posen med velduftende brus fanger opp den herlige essensen av s\u00f8te, modne jordb\u00e6r, lett marengs og et snev av kremet vanilje. Etter hvert som det l\u00f8ser seg opp, frigj\u00f8r det en elegant og beroligende aroma som myker opp badevannet og etterlater huden din [&hellip;]<\/p>\n","protected":false},"featured_media":277530,"comment_status":"closed","ping_status":"open","template":"","meta":{"_angie_page":false},"product_brand":[],"product_cat":[9413,9466,25843,26848,26539],"product_tag":[],"class_list":{"0":"post-207268","1":"product","2":"type-product","3":"status-publish","4":"has-post-thumbnail","6":"product_cat-bad-spa-og-personlig-pleie","7":"product_cat-badesalt","8":"product_cat-dufter-aromaer","9":"product_cat-fruktig","10":"product_cat-jordbaer","11":"pa_collection-bath-dust-190g-no","12":"pa_made-in-storbritannia","13":"pa_size-200g","15":"first","16":"instock","17":"purchasable","18":"product-type-simple"},"supplier_id":null,"supplier_sku":"BAS-32","barcode":null,"atum_controlled":true,"out_stock_date":null,"out_stock_threshold":null,"inheritable":false,"inbound_stock":null,"stock_on_hold":0,"sold_today":0,"sales_last_days":0,"reserved_stock":null,"customer_returns":null,"warehouse_damage":null,"lost_in_post":null,"other_logs":null,"out_stock_days":0,"lost_sales":0,"has_location":null,"update_date":"2026-04-27T06:53:55","atum_locations":[],"atum_stock_status":"instock","restock_status":false,"low_stock_amount":"","sales_update_date":"2025-10-09T03:25:40","calc_backorders":null,"_links":{"self":[{"href":"https:\/\/aromasentia.com\/no\/wp-json\/wp\/v2\/product\/207268","targetHints":{"allow":["GET"]}}],"collection":[{"href":"https:\/\/aromasentia.com\/no\/wp-json\/wp\/v2\/product"}],"about":[{"href":"https:\/\/aromasentia.com\/no\/wp-json\/wp\/v2\/types\/product"}],"replies":[{"embeddable":true,"href":"https:\/\/aromasentia.com\/no\/wp-json\/wp\/v2\/comments?post=207268"}],"version-history":[{"count":0,"href":"https:\/\/aromasentia.com\/no\/wp-json\/wp\/v2\/product\/207268\/revisions"}],"wp:featuredmedia":[{"embeddable":true,"href":"https:\/\/aromasentia.com\/no\/wp-json\/wp\/v2\/media\/277530"}],"wp:attachment":[{"href":"https:\/\/aromasentia.com\/no\/wp-json\/wp\/v2\/media?parent=207268"}],"wp:term":[{"taxonomy":"product_brand","embeddable":true,"href":"https:\/\/aromasentia.com\/no\/wp-json\/wp\/v2\/product_brand?post=207268"},{"taxonomy":"product_cat","embeddable":true,"href":"https:\/\/aromasentia.com\/no\/wp-json\/wp\/v2\/product_cat?post=207268"},{"taxonomy":"product_tag","embeddable":true,"href":"https:\/\/aromasentia.com\/no\/wp-json\/wp\/v2\/product_tag?post=207268"}],"curies":[{"name":"wp","href":"https:\/\/api.w.org\/{rel}","templated":true}]}}