{"id":207267,"date":"2025-03-20T16:25:36","date_gmt":"2025-03-20T16:25:36","guid":{"rendered":"https:\/\/aromasentia.com\/product\/tutti-fruiti-bath-dust-200g\/"},"modified":"2025-05-31T03:48:58","modified_gmt":"2025-05-31T03:48:58","slug":"tutti-fruiti-badestov-200-g","status":"publish","type":"product","link":"https:\/\/aromasentia.com\/no\/tutti-fruiti-badestov-200-g\/","title":{"rendered":"Tutti Fruiti Badest\u00f8v 200 G"},"content":{"rendered":"<p>Skap et livlig, fruktig bad med Tutti Fruiti Bath Dust. Denne lekne posen p\u00e5 200 g eksploderer i et kaleidoskop av s\u00f8te, saftige fruktdufter n\u00e5r den drysses i varmt vann. Forestill deg en deilig blanding av favorittfruktene dine, som skaper en morsom, energigivende og oppl\u00f8ftende badeopplevelse. Det myker opp vannet og tilf\u00f8rer en frisk farge og aroma, slik at huden f\u00f8les myk og dufter vidunderlig fruktig. En perfekt m\u00e5te \u00e5 tilf\u00f8re litt lekent velv\u00e6re til din egenomsorgsrutine.<\/p>\n","protected":false},"excerpt":{"rendered":"<p>Skap et livlig, fruktig bad med Tutti Fruiti Bath Dust. Denne lekne posen p\u00e5 200 g eksploderer i et kaleidoskop av s\u00f8te, saftige fruktdufter n\u00e5r den drysses i varmt vann. Forestill deg en deilig blanding av favorittfruktene dine, som skaper en morsom, energigivende og oppl\u00f8ftende badeopplevelse. Det myker opp vannet og tilf\u00f8rer en frisk farge [&hellip;]<\/p>\n","protected":false},"featured_media":277497,"comment_status":"closed","ping_status":"open","template":"","meta":{"_angie_page":false},"product_brand":[],"product_cat":[9413,9466],"product_tag":[],"class_list":{"0":"post-207267","1":"product","2":"type-product","3":"status-publish","4":"has-post-thumbnail","6":"product_cat-bad-spa-og-personlig-pleie","7":"product_cat-badesalt","8":"pa_collection-bath-dust-190g-no","9":"pa_made-in-storbritannia","10":"pa_size-200g","12":"first","13":"instock","14":"purchasable","15":"product-type-simple"},"supplier_id":null,"supplier_sku":"BAS-33","barcode":null,"atum_controlled":true,"out_stock_date":null,"out_stock_threshold":null,"inheritable":false,"inbound_stock":null,"stock_on_hold":0,"sold_today":0,"sales_last_days":0,"reserved_stock":null,"customer_returns":null,"warehouse_damage":null,"lost_in_post":null,"other_logs":null,"out_stock_days":0,"lost_sales":0,"has_location":null,"update_date":"2026-04-27T06:53:55","atum_locations":[],"atum_stock_status":"instock","restock_status":false,"low_stock_amount":"","sales_update_date":"2025-10-09T03:25:40","calc_backorders":null,"_links":{"self":[{"href":"https:\/\/aromasentia.com\/no\/wp-json\/wp\/v2\/product\/207267","targetHints":{"allow":["GET"]}}],"collection":[{"href":"https:\/\/aromasentia.com\/no\/wp-json\/wp\/v2\/product"}],"about":[{"href":"https:\/\/aromasentia.com\/no\/wp-json\/wp\/v2\/types\/product"}],"replies":[{"embeddable":true,"href":"https:\/\/aromasentia.com\/no\/wp-json\/wp\/v2\/comments?post=207267"}],"version-history":[{"count":0,"href":"https:\/\/aromasentia.com\/no\/wp-json\/wp\/v2\/product\/207267\/revisions"}],"wp:featuredmedia":[{"embeddable":true,"href":"https:\/\/aromasentia.com\/no\/wp-json\/wp\/v2\/media\/277497"}],"wp:attachment":[{"href":"https:\/\/aromasentia.com\/no\/wp-json\/wp\/v2\/media?parent=207267"}],"wp:term":[{"taxonomy":"product_brand","embeddable":true,"href":"https:\/\/aromasentia.com\/no\/wp-json\/wp\/v2\/product_brand?post=207267"},{"taxonomy":"product_cat","embeddable":true,"href":"https:\/\/aromasentia.com\/no\/wp-json\/wp\/v2\/product_cat?post=207267"},{"taxonomy":"product_tag","embeddable":true,"href":"https:\/\/aromasentia.com\/no\/wp-json\/wp\/v2\/product_tag?post=207267"}],"curies":[{"name":"wp","href":"https:\/\/api.w.org\/{rel}","templated":true}]}}