{"id":207266,"date":"2025-03-20T16:25:36","date_gmt":"2025-03-20T16:25:36","guid":{"rendered":"https:\/\/aromasentia.com\/product\/banoffee-pie-bath-dust-200g\/"},"modified":"2025-05-31T03:48:45","modified_gmt":"2025-05-31T03:48:45","slug":"banoffee-pie-badestov-200-g","status":"publish","type":"product","link":"https:\/\/aromasentia.com\/no\/banoffee-pie-badestov-200-g\/","title":{"rendered":"Banoffee Pie Badest\u00f8v 200 G"},"content":{"rendered":"<p>Unn deg en dekadent badeopplevelse med Banoffee Pie Bath Dust. Denne 200 g-posen med velduftende brus frigj\u00f8r en behagelig og deilig aroma av s\u00f8te bananer, kremet karamell og et hint av kjeks n\u00e5r den l\u00f8ses opp i badekaret. Det gj\u00f8r vannet mykere og etterlater huden silkeglatt og deilig duftende. Dryss i varmt vann for en virkelig tr\u00f8stende og nostalgisk flukt, og forvandle badekaret til et s\u00f8tt, kremet og fullstendig avslappende dessertinspirert fristed.<\/p>\n","protected":false},"excerpt":{"rendered":"<p>Unn deg en dekadent badeopplevelse med Banoffee Pie Bath Dust. Denne 200 g-posen med velduftende brus frigj\u00f8r en behagelig og deilig aroma av s\u00f8te bananer, kremet karamell og et hint av kjeks n\u00e5r den l\u00f8ses opp i badekaret. Det gj\u00f8r vannet mykere og etterlater huden silkeglatt og deilig duftende. Dryss i varmt vann for en [&hellip;]<\/p>\n","protected":false},"featured_media":277464,"comment_status":"closed","ping_status":"open","template":"","meta":{"_angie_page":false},"product_brand":[],"product_cat":[9413,9466],"product_tag":[],"class_list":{"0":"post-207266","1":"product","2":"type-product","3":"status-publish","4":"has-post-thumbnail","6":"product_cat-bad-spa-og-personlig-pleie","7":"product_cat-badesalt","8":"pa_collection-bath-dust-190g-no","9":"pa_made-in-storbritannia","10":"pa_size-200g","12":"first","13":"instock","14":"purchasable","15":"product-type-simple"},"supplier_id":null,"supplier_sku":"BAS-34","barcode":null,"atum_controlled":true,"out_stock_date":null,"out_stock_threshold":null,"inheritable":false,"inbound_stock":null,"stock_on_hold":0,"sold_today":0,"sales_last_days":0,"reserved_stock":null,"customer_returns":null,"warehouse_damage":null,"lost_in_post":null,"other_logs":null,"out_stock_days":0,"lost_sales":0,"has_location":null,"update_date":"2026-04-27T06:53:55","atum_locations":[],"atum_stock_status":"instock","restock_status":false,"low_stock_amount":"","sales_update_date":"2026-02-06T00:02:54","calc_backorders":null,"_links":{"self":[{"href":"https:\/\/aromasentia.com\/no\/wp-json\/wp\/v2\/product\/207266","targetHints":{"allow":["GET"]}}],"collection":[{"href":"https:\/\/aromasentia.com\/no\/wp-json\/wp\/v2\/product"}],"about":[{"href":"https:\/\/aromasentia.com\/no\/wp-json\/wp\/v2\/types\/product"}],"replies":[{"embeddable":true,"href":"https:\/\/aromasentia.com\/no\/wp-json\/wp\/v2\/comments?post=207266"}],"version-history":[{"count":0,"href":"https:\/\/aromasentia.com\/no\/wp-json\/wp\/v2\/product\/207266\/revisions"}],"wp:featuredmedia":[{"embeddable":true,"href":"https:\/\/aromasentia.com\/no\/wp-json\/wp\/v2\/media\/277464"}],"wp:attachment":[{"href":"https:\/\/aromasentia.com\/no\/wp-json\/wp\/v2\/media?parent=207266"}],"wp:term":[{"taxonomy":"product_brand","embeddable":true,"href":"https:\/\/aromasentia.com\/no\/wp-json\/wp\/v2\/product_brand?post=207266"},{"taxonomy":"product_cat","embeddable":true,"href":"https:\/\/aromasentia.com\/no\/wp-json\/wp\/v2\/product_cat?post=207266"},{"taxonomy":"product_tag","embeddable":true,"href":"https:\/\/aromasentia.com\/no\/wp-json\/wp\/v2\/product_tag?post=207266"}],"curies":[{"name":"wp","href":"https:\/\/api.w.org\/{rel}","templated":true}]}}