{"id":207264,"date":"2025-03-20T16:27:39","date_gmt":"2025-03-20T16:27:39","guid":{"rendered":"https:\/\/aromasentia.com\/product\/very-berry-bath-dust-200g\/"},"modified":"2025-05-31T03:48:40","modified_gmt":"2025-05-31T03:48:40","slug":"very-berry-badestov-200-g","status":"publish","type":"product","link":"https:\/\/aromasentia.com\/no\/very-berry-badestov-200-g\/","title":{"rendered":"Very Berry Badest\u00f8v 200 G"},"content":{"rendered":"<p>Fordyp deg i en saftig eksplosjon av fruktighet med Very Berry Bath Dust. Denne 200 g-posen med velduftende brus frigj\u00f8r en herlig blanding av s\u00f8te og syrlige b\u00e6raromaer n\u00e5r den l\u00f8ses opp i badekaret &#8211; tenk jordb\u00e6r, bringeb\u00e6r, bl\u00e5b\u00e6r og mye mer. Den myker opp vannet og skaper en livlig, munter badeopplevelse som etterlater huden myk og uimotst\u00e5elig velduftende som en sommerlig b\u00e6rplett. En perfekt godbit for alle som elsker b\u00e6r.<\/p>\n","protected":false},"excerpt":{"rendered":"<p>Fordyp deg i en saftig eksplosjon av fruktighet med Very Berry Bath Dust. Denne 200 g-posen med velduftende brus frigj\u00f8r en herlig blanding av s\u00f8te og syrlige b\u00e6raromaer n\u00e5r den l\u00f8ses opp i badekaret &#8211; tenk jordb\u00e6r, bringeb\u00e6r, bl\u00e5b\u00e6r og mye mer. Den myker opp vannet og skaper en livlig, munter badeopplevelse som etterlater huden [&hellip;]<\/p>\n","protected":false},"featured_media":278248,"comment_status":"closed","ping_status":"open","template":"","meta":{"_angie_page":false},"product_brand":[],"product_cat":[9413,9466],"product_tag":[],"class_list":{"0":"post-207264","1":"product","2":"type-product","3":"status-publish","4":"has-post-thumbnail","6":"product_cat-bad-spa-og-personlig-pleie","7":"product_cat-badesalt","8":"pa_collection-bath-dust-190g-no","9":"pa_made-in-storbritannia","10":"pa_size-200g","12":"first","13":"instock","14":"purchasable","15":"product-type-simple"},"supplier_id":null,"supplier_sku":"BAS-08","barcode":null,"atum_controlled":true,"out_stock_date":null,"out_stock_threshold":null,"inheritable":false,"inbound_stock":null,"stock_on_hold":0,"sold_today":0,"sales_last_days":0,"reserved_stock":null,"customer_returns":null,"warehouse_damage":null,"lost_in_post":null,"other_logs":null,"out_stock_days":17,"lost_sales":0,"has_location":null,"update_date":"2026-05-08T05:04:57","atum_locations":[],"atum_stock_status":"instock","restock_status":false,"low_stock_amount":"","sales_update_date":"2026-01-20T05:14:47","calc_backorders":null,"_links":{"self":[{"href":"https:\/\/aromasentia.com\/no\/wp-json\/wp\/v2\/product\/207264","targetHints":{"allow":["GET"]}}],"collection":[{"href":"https:\/\/aromasentia.com\/no\/wp-json\/wp\/v2\/product"}],"about":[{"href":"https:\/\/aromasentia.com\/no\/wp-json\/wp\/v2\/types\/product"}],"replies":[{"embeddable":true,"href":"https:\/\/aromasentia.com\/no\/wp-json\/wp\/v2\/comments?post=207264"}],"version-history":[{"count":0,"href":"https:\/\/aromasentia.com\/no\/wp-json\/wp\/v2\/product\/207264\/revisions"}],"wp:featuredmedia":[{"embeddable":true,"href":"https:\/\/aromasentia.com\/no\/wp-json\/wp\/v2\/media\/278248"}],"wp:attachment":[{"href":"https:\/\/aromasentia.com\/no\/wp-json\/wp\/v2\/media?parent=207264"}],"wp:term":[{"taxonomy":"product_brand","embeddable":true,"href":"https:\/\/aromasentia.com\/no\/wp-json\/wp\/v2\/product_brand?post=207264"},{"taxonomy":"product_cat","embeddable":true,"href":"https:\/\/aromasentia.com\/no\/wp-json\/wp\/v2\/product_cat?post=207264"},{"taxonomy":"product_tag","embeddable":true,"href":"https:\/\/aromasentia.com\/no\/wp-json\/wp\/v2\/product_tag?post=207264"}],"curies":[{"name":"wp","href":"https:\/\/api.w.org\/{rel}","templated":true}]}}