{"id":207262,"date":"2025-03-20T16:27:39","date_gmt":"2025-03-20T16:27:39","guid":{"rendered":"https:\/\/aromasentia.com\/product\/baby-powder-bath-dust-200g\/"},"modified":"2025-05-31T03:48:32","modified_gmt":"2025-05-31T03:48:32","slug":"baby-powder-badestov-200g","status":"publish","type":"product","link":"https:\/\/aromasentia.com\/no\/baby-powder-badestov-200g\/","title":{"rendered":"Baby Powder Badest\u00f8v 200G"},"content":{"rendered":"<p>Nyt den milde, beroligende duften av Baby Powder Bath Dust. Denne 200 g-posen med mykt brus frigj\u00f8r den klassiske, rene og beroligende duften som forbindes med babypudder, ofte med noter av talkum, subtile blomster og et snev av s\u00f8dme. Den skaper en dypt beroligende og nostalgisk badeopplevelse, mykgj\u00f8r vannet og etterlater huden utrolig myk og delikat parfymert. Perfekt for et avslappende bad som vekker f\u00f8lelser av renhet, komfort og sk\u00e5nsom pleie.<\/p>\n","protected":false},"excerpt":{"rendered":"<p>Nyt den milde, beroligende duften av Baby Powder Bath Dust. Denne 200 g-posen med mykt brus frigj\u00f8r den klassiske, rene og beroligende duften som forbindes med babypudder, ofte med noter av talkum, subtile blomster og et snev av s\u00f8dme. Den skaper en dypt beroligende og nostalgisk badeopplevelse, mykgj\u00f8r vannet og etterlater huden utrolig myk og [&hellip;]<\/p>\n","protected":false},"featured_media":278182,"comment_status":"closed","ping_status":"open","template":"","meta":{"_angie_page":false},"product_brand":[],"product_cat":[9413,9466],"product_tag":[],"class_list":{"0":"post-207262","1":"product","2":"type-product","3":"status-publish","4":"has-post-thumbnail","6":"product_cat-bad-spa-og-personlig-pleie","7":"product_cat-badesalt","8":"pa_collection-bath-dust-190g-no","9":"pa_made-in-storbritannia","10":"pa_size-200g","12":"first","13":"instock","14":"purchasable","15":"product-type-simple"},"supplier_id":null,"supplier_sku":"BAS-10","barcode":null,"atum_controlled":true,"out_stock_date":null,"out_stock_threshold":null,"inheritable":false,"inbound_stock":null,"stock_on_hold":0,"sold_today":0,"sales_last_days":0,"reserved_stock":null,"customer_returns":null,"warehouse_damage":null,"lost_in_post":null,"other_logs":null,"out_stock_days":0,"lost_sales":0,"has_location":null,"update_date":"2026-05-08T05:04:57","atum_locations":[],"atum_stock_status":"instock","restock_status":false,"low_stock_amount":"","sales_update_date":"2026-02-06T00:01:59","calc_backorders":null,"_links":{"self":[{"href":"https:\/\/aromasentia.com\/no\/wp-json\/wp\/v2\/product\/207262","targetHints":{"allow":["GET"]}}],"collection":[{"href":"https:\/\/aromasentia.com\/no\/wp-json\/wp\/v2\/product"}],"about":[{"href":"https:\/\/aromasentia.com\/no\/wp-json\/wp\/v2\/types\/product"}],"replies":[{"embeddable":true,"href":"https:\/\/aromasentia.com\/no\/wp-json\/wp\/v2\/comments?post=207262"}],"version-history":[{"count":0,"href":"https:\/\/aromasentia.com\/no\/wp-json\/wp\/v2\/product\/207262\/revisions"}],"wp:featuredmedia":[{"embeddable":true,"href":"https:\/\/aromasentia.com\/no\/wp-json\/wp\/v2\/media\/278182"}],"wp:attachment":[{"href":"https:\/\/aromasentia.com\/no\/wp-json\/wp\/v2\/media?parent=207262"}],"wp:term":[{"taxonomy":"product_brand","embeddable":true,"href":"https:\/\/aromasentia.com\/no\/wp-json\/wp\/v2\/product_brand?post=207262"},{"taxonomy":"product_cat","embeddable":true,"href":"https:\/\/aromasentia.com\/no\/wp-json\/wp\/v2\/product_cat?post=207262"},{"taxonomy":"product_tag","embeddable":true,"href":"https:\/\/aromasentia.com\/no\/wp-json\/wp\/v2\/product_tag?post=207262"}],"curies":[{"name":"wp","href":"https:\/\/api.w.org\/{rel}","templated":true}]}}