{"id":207258,"date":"2025-03-20T16:27:39","date_gmt":"2025-03-20T16:27:39","guid":{"rendered":"https:\/\/aromasentia.com\/product\/apple-pie-custard-bath-dust-200g\/"},"modified":"2025-05-31T03:48:21","modified_gmt":"2025-05-31T03:48:21","slug":"eplepai-og-vaniljesaus-badestov-200-g","status":"publish","type":"product","link":"https:\/\/aromasentia.com\/no\/eplepai-og-vaniljesaus-badestov-200-g\/","title":{"rendered":"Eplepai Og Vaniljesaus Badest\u00f8v 200 G"},"content":{"rendered":"<p>Unn deg selv et tr\u00f8stende, bakeriinspirert bad med Apple Pie &#038; Custard Bath Dust. Denne posen p\u00e5 200 g l\u00f8ses opp og frigj\u00f8r den deilige duften av varme, bakte epler, s\u00f8t kanelkrydder og kremet vaniljesaus. Den forvandler badet ditt til et koselig, nostalgisk fristed, mykgj\u00f8r vannet og etterlater huden din bortskjemt og velduftende. En perfekt avkobling for en avslappende kveld, som fremkaller den tr\u00f8stende essensen av en hjemmelaget favorittdessert.<\/p>\n","protected":false},"excerpt":{"rendered":"<p>Unn deg selv et tr\u00f8stende, bakeriinspirert bad med Apple Pie &#038; Custard Bath Dust. Denne posen p\u00e5 200 g l\u00f8ses opp og frigj\u00f8r den deilige duften av varme, bakte epler, s\u00f8t kanelkrydder og kremet vaniljesaus. Den forvandler badet ditt til et koselig, nostalgisk fristed, mykgj\u00f8r vannet og etterlater huden din bortskjemt og velduftende. En perfekt [&hellip;]<\/p>\n","protected":false},"featured_media":278050,"comment_status":"closed","ping_status":"open","template":"","meta":{"_angie_page":false},"product_brand":[],"product_cat":[9413,9466,25843,26536,26852],"product_tag":[],"class_list":{"0":"post-207258","1":"product","2":"type-product","3":"status-publish","4":"has-post-thumbnail","6":"product_cat-bad-spa-og-personlig-pleie","7":"product_cat-badesalt","8":"product_cat-dufter-aromaer","9":"product_cat-eplepai","10":"product_cat-gourmand","11":"pa_collection-bath-dust-190g-no","12":"pa_made-in-storbritannia","13":"pa_size-200g","15":"first","16":"instock","17":"purchasable","18":"product-type-simple"},"supplier_id":null,"supplier_sku":"BAS-14","barcode":null,"atum_controlled":true,"out_stock_date":null,"out_stock_threshold":null,"inheritable":false,"inbound_stock":null,"stock_on_hold":0,"sold_today":0,"sales_last_days":0,"reserved_stock":null,"customer_returns":null,"warehouse_damage":null,"lost_in_post":null,"other_logs":null,"out_stock_days":0,"lost_sales":0,"has_location":null,"update_date":"2026-05-08T05:04:57","atum_locations":[],"atum_stock_status":"instock","restock_status":false,"low_stock_amount":"","sales_update_date":"2026-02-06T00:00:46","calc_backorders":null,"_links":{"self":[{"href":"https:\/\/aromasentia.com\/no\/wp-json\/wp\/v2\/product\/207258","targetHints":{"allow":["GET"]}}],"collection":[{"href":"https:\/\/aromasentia.com\/no\/wp-json\/wp\/v2\/product"}],"about":[{"href":"https:\/\/aromasentia.com\/no\/wp-json\/wp\/v2\/types\/product"}],"replies":[{"embeddable":true,"href":"https:\/\/aromasentia.com\/no\/wp-json\/wp\/v2\/comments?post=207258"}],"version-history":[{"count":0,"href":"https:\/\/aromasentia.com\/no\/wp-json\/wp\/v2\/product\/207258\/revisions"}],"wp:featuredmedia":[{"embeddable":true,"href":"https:\/\/aromasentia.com\/no\/wp-json\/wp\/v2\/media\/278050"}],"wp:attachment":[{"href":"https:\/\/aromasentia.com\/no\/wp-json\/wp\/v2\/media?parent=207258"}],"wp:term":[{"taxonomy":"product_brand","embeddable":true,"href":"https:\/\/aromasentia.com\/no\/wp-json\/wp\/v2\/product_brand?post=207258"},{"taxonomy":"product_cat","embeddable":true,"href":"https:\/\/aromasentia.com\/no\/wp-json\/wp\/v2\/product_cat?post=207258"},{"taxonomy":"product_tag","embeddable":true,"href":"https:\/\/aromasentia.com\/no\/wp-json\/wp\/v2\/product_tag?post=207258"}],"curies":[{"name":"wp","href":"https:\/\/api.w.org\/{rel}","templated":true}]}}