{"id":207256,"date":"2025-03-20T16:27:39","date_gmt":"2025-03-20T16:27:39","guid":{"rendered":"https:\/\/aromasentia.com\/product\/sweet-fennel-jojoba-bath-dust-200g\/"},"modified":"2025-05-31T03:48:15","modified_gmt":"2025-05-31T03:48:15","slug":"sot-fennikel-og-jojoba-badestov-200-g","status":"publish","type":"product","link":"https:\/\/aromasentia.com\/no\/sot-fennikel-og-jojoba-badestov-200-g\/","title":{"rendered":"S\u00f8t Fennikel Og Jojoba Badest\u00f8v 200 G"},"content":{"rendered":"<p>Opplev en unik aromatisk blanding med Sweet Fennel &#038; Jojoba Bath Dust. Denne posen p\u00e5 200 g kombinerer fennikelens karakteristiske s\u00f8te, anislignende aroma med de subtile, n\u00f8tteaktige tonene som minner om jojobaens n\u00e6rende egenskaper. Etter hvert som den l\u00f8ser seg opp, skaper den en beroligende og spennende badeopplevelse, mykgj\u00f8r vannet og etterlater huden din med en f\u00f8lelse av velv\u00e6re. Den unike duften avviker fra typiske badedufter og gir et beroligende og lett urteaktig, jordaktig bad.<\/p>\n","protected":false},"excerpt":{"rendered":"<p>Opplev en unik aromatisk blanding med Sweet Fennel &#038; Jojoba Bath Dust. Denne posen p\u00e5 200 g kombinerer fennikelens karakteristiske s\u00f8te, anislignende aroma med de subtile, n\u00f8tteaktige tonene som minner om jojobaens n\u00e6rende egenskaper. Etter hvert som den l\u00f8ser seg opp, skaper den en beroligende og spennende badeopplevelse, mykgj\u00f8r vannet og etterlater huden din med [&hellip;]<\/p>\n","protected":false},"featured_media":277984,"comment_status":"closed","ping_status":"open","template":"","meta":{"_angie_page":false},"product_brand":[],"product_cat":[9413,9466,25843,26183,26862],"product_tag":[],"class_list":{"0":"post-207256","1":"product","2":"type-product","3":"status-publish","4":"has-post-thumbnail","6":"product_cat-bad-spa-og-personlig-pleie","7":"product_cat-badesalt","8":"product_cat-dufter-aromaer","9":"product_cat-fennikel","10":"product_cat-urte-aromatisk","11":"pa_collection-bath-dust-190g-no","12":"pa_made-in-storbritannia","13":"pa_size-200g","15":"first","16":"instock","17":"purchasable","18":"product-type-simple"},"supplier_id":null,"supplier_sku":"BAS-16","barcode":null,"atum_controlled":true,"out_stock_date":null,"out_stock_threshold":null,"inheritable":false,"inbound_stock":null,"stock_on_hold":0,"sold_today":0,"sales_last_days":0,"reserved_stock":null,"customer_returns":null,"warehouse_damage":null,"lost_in_post":null,"other_logs":null,"out_stock_days":0,"lost_sales":0,"has_location":null,"update_date":"2026-05-08T05:04:57","atum_locations":[],"atum_stock_status":"instock","restock_status":false,"low_stock_amount":"","sales_update_date":"2026-02-06T00:02:18","calc_backorders":null,"_links":{"self":[{"href":"https:\/\/aromasentia.com\/no\/wp-json\/wp\/v2\/product\/207256","targetHints":{"allow":["GET"]}}],"collection":[{"href":"https:\/\/aromasentia.com\/no\/wp-json\/wp\/v2\/product"}],"about":[{"href":"https:\/\/aromasentia.com\/no\/wp-json\/wp\/v2\/types\/product"}],"replies":[{"embeddable":true,"href":"https:\/\/aromasentia.com\/no\/wp-json\/wp\/v2\/comments?post=207256"}],"version-history":[{"count":0,"href":"https:\/\/aromasentia.com\/no\/wp-json\/wp\/v2\/product\/207256\/revisions"}],"wp:featuredmedia":[{"embeddable":true,"href":"https:\/\/aromasentia.com\/no\/wp-json\/wp\/v2\/media\/277984"}],"wp:attachment":[{"href":"https:\/\/aromasentia.com\/no\/wp-json\/wp\/v2\/media?parent=207256"}],"wp:term":[{"taxonomy":"product_brand","embeddable":true,"href":"https:\/\/aromasentia.com\/no\/wp-json\/wp\/v2\/product_brand?post=207256"},{"taxonomy":"product_cat","embeddable":true,"href":"https:\/\/aromasentia.com\/no\/wp-json\/wp\/v2\/product_cat?post=207256"},{"taxonomy":"product_tag","embeddable":true,"href":"https:\/\/aromasentia.com\/no\/wp-json\/wp\/v2\/product_tag?post=207256"}],"curies":[{"name":"wp","href":"https:\/\/api.w.org\/{rel}","templated":true}]}}