{"id":207255,"date":"2025-03-20T16:27:39","date_gmt":"2025-03-20T16:27:39","guid":{"rendered":"https:\/\/aromasentia.com\/product\/melon-bath-dust-200g\/"},"modified":"2025-05-31T03:48:13","modified_gmt":"2025-05-31T03:48:13","slug":"melon-badestov-200g","status":"publish","type":"product","link":"https:\/\/aromasentia.com\/no\/melon-badestov-200g\/","title":{"rendered":"Melon Badest\u00f8v 200G"},"content":{"rendered":"<p>Nyt et s\u00f8tt, sommerlig bad med Melon Bath Dust. Denne herlige posen p\u00e5 200 g frigj\u00f8r den saftige, friske og subtilt s\u00f8te aromaen av moden, saftig melon n\u00e5r den spruter i badekaret. Det skaper en lett, forfriskende og herlig fuktighetsgivende badeopplevelse, mykgj\u00f8r vannet og etterlater huden myk og velduftende. Perfekt som en avkj\u00f8lende godbit p\u00e5 en varm dag eller n\u00e5r du har lyst p\u00e5 et snev av lett, fruktig s\u00f8dme i egenpleierutinen din.<\/p>\n","protected":false},"excerpt":{"rendered":"<p>Nyt et s\u00f8tt, sommerlig bad med Melon Bath Dust. Denne herlige posen p\u00e5 200 g frigj\u00f8r den saftige, friske og subtilt s\u00f8te aromaen av moden, saftig melon n\u00e5r den spruter i badekaret. Det skaper en lett, forfriskende og herlig fuktighetsgivende badeopplevelse, mykgj\u00f8r vannet og etterlater huden myk og velduftende. Perfekt som en avkj\u00f8lende godbit p\u00e5 [&hellip;]<\/p>\n","protected":false},"featured_media":277951,"comment_status":"closed","ping_status":"open","template":"","meta":{"_angie_page":false},"product_brand":[],"product_cat":[9413,9466,25843,26848,26488],"product_tag":[],"class_list":{"0":"post-207255","1":"product","2":"type-product","3":"status-publish","4":"has-post-thumbnail","6":"product_cat-bad-spa-og-personlig-pleie","7":"product_cat-badesalt","8":"product_cat-dufter-aromaer","9":"product_cat-fruktig","10":"product_cat-melon","11":"pa_collection-bath-dust-190g-no","12":"pa_made-in-storbritannia","13":"pa_size-200g","15":"first","16":"instock","17":"purchasable","18":"product-type-simple"},"supplier_id":null,"supplier_sku":"BAS-17","barcode":null,"atum_controlled":true,"out_stock_date":null,"out_stock_threshold":null,"inheritable":false,"inbound_stock":null,"stock_on_hold":0,"sold_today":0,"sales_last_days":0,"reserved_stock":null,"customer_returns":null,"warehouse_damage":null,"lost_in_post":null,"other_logs":null,"out_stock_days":0,"lost_sales":0,"has_location":null,"update_date":"2026-05-08T05:04:57","atum_locations":[],"atum_stock_status":"instock","restock_status":false,"low_stock_amount":"","sales_update_date":"2025-10-09T03:25:35","calc_backorders":null,"_links":{"self":[{"href":"https:\/\/aromasentia.com\/no\/wp-json\/wp\/v2\/product\/207255","targetHints":{"allow":["GET"]}}],"collection":[{"href":"https:\/\/aromasentia.com\/no\/wp-json\/wp\/v2\/product"}],"about":[{"href":"https:\/\/aromasentia.com\/no\/wp-json\/wp\/v2\/types\/product"}],"replies":[{"embeddable":true,"href":"https:\/\/aromasentia.com\/no\/wp-json\/wp\/v2\/comments?post=207255"}],"version-history":[{"count":0,"href":"https:\/\/aromasentia.com\/no\/wp-json\/wp\/v2\/product\/207255\/revisions"}],"wp:featuredmedia":[{"embeddable":true,"href":"https:\/\/aromasentia.com\/no\/wp-json\/wp\/v2\/media\/277951"}],"wp:attachment":[{"href":"https:\/\/aromasentia.com\/no\/wp-json\/wp\/v2\/media?parent=207255"}],"wp:term":[{"taxonomy":"product_brand","embeddable":true,"href":"https:\/\/aromasentia.com\/no\/wp-json\/wp\/v2\/product_brand?post=207255"},{"taxonomy":"product_cat","embeddable":true,"href":"https:\/\/aromasentia.com\/no\/wp-json\/wp\/v2\/product_cat?post=207255"},{"taxonomy":"product_tag","embeddable":true,"href":"https:\/\/aromasentia.com\/no\/wp-json\/wp\/v2\/product_tag?post=207255"}],"curies":[{"name":"wp","href":"https:\/\/api.w.org\/{rel}","templated":true}]}}