{"id":207254,"date":"2025-03-20T16:27:39","date_gmt":"2025-03-20T16:27:39","guid":{"rendered":"https:\/\/aromasentia.com\/product\/lemon-eucalyptus-bath-dust-200g\/"},"modified":"2025-05-31T03:48:10","modified_gmt":"2025-05-31T03:48:10","slug":"sitron-eukalyptus-badestov-200-g","status":"publish","type":"product","link":"https:\/\/aromasentia.com\/no\/sitron-eukalyptus-badestov-200-g\/","title":{"rendered":"Sitron Eukalyptus Badest\u00f8v 200 G"},"content":{"rendered":"<p>Frisk opp og klarne sansene dine med Lemon Eucalyptus Bath Dust. Denne oppkvikkende posen p\u00e5 200 g kombinerer sitronens lyse skall med eukalyptusens sterke kamferaktige noter, noe som skaper en kraftig rensende og oppl\u00f8ftende aroma. Etter hvert som den l\u00f8ser seg opp, bidrar den til \u00e5 rense nesegangene og revitalisere et tr\u00f8tt sinn. Den gj\u00f8r vannet mykere, samtidig som den kraftige duften gir en terapeutisk og forfriskende badeopplevelse, perfekt n\u00e5r du trenger et naturlig l\u00f8ft eller lindring av luftveiene.<\/p>\n","protected":false},"excerpt":{"rendered":"<p>Frisk opp og klarne sansene dine med Lemon Eucalyptus Bath Dust. Denne oppkvikkende posen p\u00e5 200 g kombinerer sitronens lyse skall med eukalyptusens sterke kamferaktige noter, noe som skaper en kraftig rensende og oppl\u00f8ftende aroma. Etter hvert som den l\u00f8ser seg opp, bidrar den til \u00e5 rense nesegangene og revitalisere et tr\u00f8tt sinn. Den gj\u00f8r [&hellip;]<\/p>\n","protected":false},"featured_media":277918,"comment_status":"closed","ping_status":"open","template":"","meta":{"_angie_page":false},"product_brand":[],"product_cat":[9413,9466,25843,26179,26869,26239,26820],"product_tag":[],"class_list":{"0":"post-207254","1":"product","2":"type-product","3":"status-publish","4":"has-post-thumbnail","6":"product_cat-bad-spa-og-personlig-pleie","7":"product_cat-badesalt","8":"product_cat-dufter-aromaer","9":"product_cat-eukalyptus","10":"product_cat-medisinsk-kamferaktig","11":"product_cat-sitron","12":"product_cat-sitrus","13":"pa_collection-bath-dust-190g-no","14":"pa_made-in-storbritannia","15":"pa_size-200g","17":"first","18":"instock","19":"purchasable","20":"product-type-simple"},"supplier_id":null,"supplier_sku":"BAS-18","barcode":null,"atum_controlled":true,"out_stock_date":null,"out_stock_threshold":null,"inheritable":false,"inbound_stock":null,"stock_on_hold":0,"sold_today":0,"sales_last_days":0,"reserved_stock":null,"customer_returns":null,"warehouse_damage":null,"lost_in_post":null,"other_logs":null,"out_stock_days":0,"lost_sales":0,"has_location":null,"update_date":"2026-05-08T05:04:57","atum_locations":[],"atum_stock_status":"instock","restock_status":false,"low_stock_amount":"","sales_update_date":"2026-02-06T00:00:46","calc_backorders":null,"_links":{"self":[{"href":"https:\/\/aromasentia.com\/no\/wp-json\/wp\/v2\/product\/207254","targetHints":{"allow":["GET"]}}],"collection":[{"href":"https:\/\/aromasentia.com\/no\/wp-json\/wp\/v2\/product"}],"about":[{"href":"https:\/\/aromasentia.com\/no\/wp-json\/wp\/v2\/types\/product"}],"replies":[{"embeddable":true,"href":"https:\/\/aromasentia.com\/no\/wp-json\/wp\/v2\/comments?post=207254"}],"version-history":[{"count":0,"href":"https:\/\/aromasentia.com\/no\/wp-json\/wp\/v2\/product\/207254\/revisions"}],"wp:featuredmedia":[{"embeddable":true,"href":"https:\/\/aromasentia.com\/no\/wp-json\/wp\/v2\/media\/277918"}],"wp:attachment":[{"href":"https:\/\/aromasentia.com\/no\/wp-json\/wp\/v2\/media?parent=207254"}],"wp:term":[{"taxonomy":"product_brand","embeddable":true,"href":"https:\/\/aromasentia.com\/no\/wp-json\/wp\/v2\/product_brand?post=207254"},{"taxonomy":"product_cat","embeddable":true,"href":"https:\/\/aromasentia.com\/no\/wp-json\/wp\/v2\/product_cat?post=207254"},{"taxonomy":"product_tag","embeddable":true,"href":"https:\/\/aromasentia.com\/no\/wp-json\/wp\/v2\/product_tag?post=207254"}],"curies":[{"name":"wp","href":"https:\/\/api.w.org\/{rel}","templated":true}]}}