{"id":207253,"date":"2025-03-20T16:27:39","date_gmt":"2025-03-20T16:27:39","guid":{"rendered":"https:\/\/aromasentia.com\/product\/hawaiian-mango-bath-dust-200g\/"},"modified":"2025-05-31T03:48:08","modified_gmt":"2025-05-31T03:48:08","slug":"hawaiian-mango-badestov-200-g","status":"publish","type":"product","link":"https:\/\/aromasentia.com\/no\/hawaiian-mango-badestov-200-g\/","title":{"rendered":"Hawaiian Mango Badest\u00f8v 200 G"},"content":{"rendered":"<p>Reis til et tropisk paradis med Hawaiian Mango Bath Dust. Denne livlige posen p\u00e5 200 g spruter i badekaret og frigj\u00f8r den eksotiske, saftige og utrolig s\u00f8te duften av moden hawaiiansk mango. Den forvandler badekaret til en velduftende \u00f8yferie, mykgj\u00f8r vannet og etterlater huden oppfrisket og deilig duftende. Senk deg ned i denne saftige, fruktige duften og f\u00e5 en oppl\u00f8ftende og overb\u00e6rende badeopplevelse som tar sansene dine med til solfylte kyster.<\/p>\n","protected":false},"excerpt":{"rendered":"<p>Reis til et tropisk paradis med Hawaiian Mango Bath Dust. Denne livlige posen p\u00e5 200 g spruter i badekaret og frigj\u00f8r den eksotiske, saftige og utrolig s\u00f8te duften av moden hawaiiansk mango. Den forvandler badekaret til en velduftende \u00f8yferie, mykgj\u00f8r vannet og etterlater huden oppfrisket og deilig duftende. Senk deg ned i denne saftige, fruktige [&hellip;]<\/p>\n","protected":false},"featured_media":277885,"comment_status":"closed","ping_status":"open","template":"","meta":{"_angie_page":false},"product_brand":[],"product_cat":[9413,9466],"product_tag":[],"class_list":{"0":"post-207253","1":"product","2":"type-product","3":"status-publish","4":"has-post-thumbnail","6":"product_cat-bad-spa-og-personlig-pleie","7":"product_cat-badesalt","8":"pa_collection-bath-dust-190g-no","9":"pa_made-in-storbritannia","10":"pa_size-200g","12":"first","13":"instock","14":"purchasable","15":"product-type-simple"},"supplier_id":null,"supplier_sku":"BAS-19","barcode":null,"atum_controlled":true,"out_stock_date":null,"out_stock_threshold":null,"inheritable":false,"inbound_stock":null,"stock_on_hold":0,"sold_today":0,"sales_last_days":0,"reserved_stock":null,"customer_returns":null,"warehouse_damage":null,"lost_in_post":null,"other_logs":null,"out_stock_days":0,"lost_sales":0,"has_location":null,"update_date":"2026-05-08T05:04:57","atum_locations":[],"atum_stock_status":"instock","restock_status":false,"low_stock_amount":"","sales_update_date":"2026-01-30T01:24:59","calc_backorders":null,"_links":{"self":[{"href":"https:\/\/aromasentia.com\/no\/wp-json\/wp\/v2\/product\/207253","targetHints":{"allow":["GET"]}}],"collection":[{"href":"https:\/\/aromasentia.com\/no\/wp-json\/wp\/v2\/product"}],"about":[{"href":"https:\/\/aromasentia.com\/no\/wp-json\/wp\/v2\/types\/product"}],"replies":[{"embeddable":true,"href":"https:\/\/aromasentia.com\/no\/wp-json\/wp\/v2\/comments?post=207253"}],"version-history":[{"count":0,"href":"https:\/\/aromasentia.com\/no\/wp-json\/wp\/v2\/product\/207253\/revisions"}],"wp:featuredmedia":[{"embeddable":true,"href":"https:\/\/aromasentia.com\/no\/wp-json\/wp\/v2\/media\/277885"}],"wp:attachment":[{"href":"https:\/\/aromasentia.com\/no\/wp-json\/wp\/v2\/media?parent=207253"}],"wp:term":[{"taxonomy":"product_brand","embeddable":true,"href":"https:\/\/aromasentia.com\/no\/wp-json\/wp\/v2\/product_brand?post=207253"},{"taxonomy":"product_cat","embeddable":true,"href":"https:\/\/aromasentia.com\/no\/wp-json\/wp\/v2\/product_cat?post=207253"},{"taxonomy":"product_tag","embeddable":true,"href":"https:\/\/aromasentia.com\/no\/wp-json\/wp\/v2\/product_tag?post=207253"}],"curies":[{"name":"wp","href":"https:\/\/api.w.org\/{rel}","templated":true}]}}