{"id":207250,"date":"2025-03-20T16:27:39","date_gmt":"2025-03-20T16:27:39","guid":{"rendered":"https:\/\/aromasentia.com\/product\/cranberry-bath-dust-200g\/"},"modified":"2025-05-31T03:47:59","modified_gmt":"2025-05-31T03:47:59","slug":"tranebaer-badestov-200g","status":"publish","type":"product","link":"https:\/\/aromasentia.com\/no\/tranebaer-badestov-200g\/","title":{"rendered":"Traneb\u00e6r Badest\u00f8v 200G"},"content":{"rendered":"<p>Opplev et festlig, fruktig bad med Cranberry Bath Dust. Denne posen p\u00e5 200 g frigj\u00f8r den syrlige, saftige og litt s\u00f8te aromaen av modne traneb\u00e6r n\u00e5r den bruser i badevannet. Det skaper en forfriskende og oppkvikkende badeopplevelse, perfekt for \u00e5 vekke sansene eller nyte et snev av \u00e5rstidsstemning. St\u00f8vet myker opp vannet og etterlater huden din myk og subtilt parfymert med den lyse, rene duften av traneb\u00e6r, noe som gj\u00f8r badet til en livlig opplevelse.<\/p>\n","protected":false},"excerpt":{"rendered":"<p>Opplev et festlig, fruktig bad med Cranberry Bath Dust. Denne posen p\u00e5 200 g frigj\u00f8r den syrlige, saftige og litt s\u00f8te aromaen av modne traneb\u00e6r n\u00e5r den bruser i badevannet. Det skaper en forfriskende og oppkvikkende badeopplevelse, perfekt for \u00e5 vekke sansene eller nyte et snev av \u00e5rstidsstemning. St\u00f8vet myker opp vannet og etterlater huden [&hellip;]<\/p>\n","protected":false},"featured_media":277786,"comment_status":"closed","ping_status":"open","template":"","meta":{"_angie_page":false},"product_brand":[],"product_cat":[9413,9466],"product_tag":[],"class_list":{"0":"post-207250","1":"product","2":"type-product","3":"status-publish","4":"has-post-thumbnail","6":"product_cat-bad-spa-og-personlig-pleie","7":"product_cat-badesalt","8":"pa_collection-bath-dust-190g-no","9":"pa_made-in-storbritannia","10":"pa_size-200g","12":"first","13":"instock","14":"purchasable","15":"product-type-simple"},"supplier_id":null,"supplier_sku":"BAS-24","barcode":null,"atum_controlled":true,"out_stock_date":null,"out_stock_threshold":null,"inheritable":false,"inbound_stock":null,"stock_on_hold":0,"sold_today":0,"sales_last_days":0,"reserved_stock":null,"customer_returns":null,"warehouse_damage":null,"lost_in_post":null,"other_logs":null,"out_stock_days":81,"lost_sales":0,"has_location":null,"update_date":"2026-05-08T05:04:57","atum_locations":[],"atum_stock_status":"instock","restock_status":false,"low_stock_amount":"","sales_update_date":"2026-01-20T05:14:47","calc_backorders":null,"_links":{"self":[{"href":"https:\/\/aromasentia.com\/no\/wp-json\/wp\/v2\/product\/207250","targetHints":{"allow":["GET"]}}],"collection":[{"href":"https:\/\/aromasentia.com\/no\/wp-json\/wp\/v2\/product"}],"about":[{"href":"https:\/\/aromasentia.com\/no\/wp-json\/wp\/v2\/types\/product"}],"replies":[{"embeddable":true,"href":"https:\/\/aromasentia.com\/no\/wp-json\/wp\/v2\/comments?post=207250"}],"version-history":[{"count":0,"href":"https:\/\/aromasentia.com\/no\/wp-json\/wp\/v2\/product\/207250\/revisions"}],"wp:featuredmedia":[{"embeddable":true,"href":"https:\/\/aromasentia.com\/no\/wp-json\/wp\/v2\/media\/277786"}],"wp:attachment":[{"href":"https:\/\/aromasentia.com\/no\/wp-json\/wp\/v2\/media?parent=207250"}],"wp:term":[{"taxonomy":"product_brand","embeddable":true,"href":"https:\/\/aromasentia.com\/no\/wp-json\/wp\/v2\/product_brand?post=207250"},{"taxonomy":"product_cat","embeddable":true,"href":"https:\/\/aromasentia.com\/no\/wp-json\/wp\/v2\/product_cat?post=207250"},{"taxonomy":"product_tag","embeddable":true,"href":"https:\/\/aromasentia.com\/no\/wp-json\/wp\/v2\/product_tag?post=207250"}],"curies":[{"name":"wp","href":"https:\/\/api.w.org\/{rel}","templated":true}]}}