{"id":207249,"date":"2025-03-20T16:27:39","date_gmt":"2025-03-20T16:27:39","guid":{"rendered":"https:\/\/aromasentia.com\/product\/bubblegum-bath-dust-200g\/"},"modified":"2025-05-31T03:47:55","modified_gmt":"2025-05-31T03:47:55","slug":"bubblegum-badestov-200-g","status":"publish","type":"product","link":"https:\/\/aromasentia.com\/no\/bubblegum-badestov-200-g\/","title":{"rendered":"Bubblegum Badest\u00f8v 200 G"},"content":{"rendered":"<p>Ta en morsom, nostalgisk dukkert med Bubblegum Bath Dust. Denne livlige 200 g-posen vekker barndomsminner med sin umiskjennelig s\u00f8te, fruktige og lekne tyggegummiduft. Etter hvert som det spruter og l\u00f8ser seg opp, forvandler det badet ditt til en fargerik, velduftende flukt, mykgj\u00f8r vannet og etterlater huden din med en herlig s\u00f8t duft. Perfekt for en morsom og oppl\u00f8ftende badeopplevelse som garantert vil gi deg et smil om munnen og et snev av innfall til dagen.<\/p>\n","protected":false},"excerpt":{"rendered":"<p>Ta en morsom, nostalgisk dukkert med Bubblegum Bath Dust. Denne livlige 200 g-posen vekker barndomsminner med sin umiskjennelig s\u00f8te, fruktige og lekne tyggegummiduft. Etter hvert som det spruter og l\u00f8ser seg opp, forvandler det badet ditt til en fargerik, velduftende flukt, mykgj\u00f8r vannet og etterlater huden din med en herlig s\u00f8t duft. Perfekt for en [&hellip;]<\/p>\n","protected":false},"featured_media":277753,"comment_status":"closed","ping_status":"open","template":"","meta":{"_angie_page":false},"product_brand":[],"product_cat":[9413,9466],"product_tag":[],"class_list":{"0":"post-207249","1":"product","2":"type-product","3":"status-publish","4":"has-post-thumbnail","6":"product_cat-bad-spa-og-personlig-pleie","7":"product_cat-badesalt","8":"pa_collection-bath-dust-190g-no","9":"pa_made-in-storbritannia","10":"pa_size-200g","12":"first","13":"instock","14":"purchasable","15":"product-type-simple"},"supplier_id":null,"supplier_sku":"BAS-25","barcode":null,"atum_controlled":true,"out_stock_date":null,"out_stock_threshold":null,"inheritable":false,"inbound_stock":null,"stock_on_hold":0,"sold_today":0,"sales_last_days":0,"reserved_stock":null,"customer_returns":null,"warehouse_damage":null,"lost_in_post":null,"other_logs":null,"out_stock_days":51,"lost_sales":0,"has_location":null,"update_date":"2026-05-08T05:04:57","atum_locations":[],"atum_stock_status":"instock","restock_status":false,"low_stock_amount":"","sales_update_date":"2026-02-06T00:01:02","calc_backorders":null,"_links":{"self":[{"href":"https:\/\/aromasentia.com\/no\/wp-json\/wp\/v2\/product\/207249","targetHints":{"allow":["GET"]}}],"collection":[{"href":"https:\/\/aromasentia.com\/no\/wp-json\/wp\/v2\/product"}],"about":[{"href":"https:\/\/aromasentia.com\/no\/wp-json\/wp\/v2\/types\/product"}],"replies":[{"embeddable":true,"href":"https:\/\/aromasentia.com\/no\/wp-json\/wp\/v2\/comments?post=207249"}],"version-history":[{"count":0,"href":"https:\/\/aromasentia.com\/no\/wp-json\/wp\/v2\/product\/207249\/revisions"}],"wp:featuredmedia":[{"embeddable":true,"href":"https:\/\/aromasentia.com\/no\/wp-json\/wp\/v2\/media\/277753"}],"wp:attachment":[{"href":"https:\/\/aromasentia.com\/no\/wp-json\/wp\/v2\/media?parent=207249"}],"wp:term":[{"taxonomy":"product_brand","embeddable":true,"href":"https:\/\/aromasentia.com\/no\/wp-json\/wp\/v2\/product_brand?post=207249"},{"taxonomy":"product_cat","embeddable":true,"href":"https:\/\/aromasentia.com\/no\/wp-json\/wp\/v2\/product_cat?post=207249"},{"taxonomy":"product_tag","embeddable":true,"href":"https:\/\/aromasentia.com\/no\/wp-json\/wp\/v2\/product_tag?post=207249"}],"curies":[{"name":"wp","href":"https:\/\/api.w.org\/{rel}","templated":true}]}}