{"id":207248,"date":"2025-03-20T16:27:39","date_gmt":"2025-03-20T16:27:39","guid":{"rendered":"https:\/\/aromasentia.com\/product\/cherry-bath-dust-200g\/"},"modified":"2025-05-31T03:47:50","modified_gmt":"2025-05-31T03:47:50","slug":"cherry-badestov-200g","status":"publish","type":"product","link":"https:\/\/aromasentia.com\/no\/cherry-badestov-200g\/","title":{"rendered":"Cherry Badest\u00f8v 200G"},"content":{"rendered":"<p>Nyt en fruktig opplevelse med Cherry Bath Dust. Denne lekne posen p\u00e5 200 g spruter og l\u00f8ser seg opp i badekaret, og frigj\u00f8r den s\u00f8te, saftige og litt syrlige duften av modne kirseb\u00e6r. Det myker opp vannet og gir en morsom, levende touch til baderutinen din, slik at huden f\u00f8les myk og dufter uimotst\u00e5elig fruktig. En perfekt godbit for deg som elsker en klassisk, munter fruktduft, og som forvandler et vanlig bad til en deilig duftflukt.<\/p>\n","protected":false},"excerpt":{"rendered":"<p>Nyt en fruktig opplevelse med Cherry Bath Dust. Denne lekne posen p\u00e5 200 g spruter og l\u00f8ser seg opp i badekaret, og frigj\u00f8r den s\u00f8te, saftige og litt syrlige duften av modne kirseb\u00e6r. Det myker opp vannet og gir en morsom, levende touch til baderutinen din, slik at huden f\u00f8les myk og dufter uimotst\u00e5elig fruktig. [&hellip;]<\/p>\n","protected":false},"featured_media":277720,"comment_status":"closed","ping_status":"open","template":"","meta":{"_angie_page":false},"product_brand":[],"product_cat":[9413,9466],"product_tag":[],"class_list":{"0":"post-207248","1":"product","2":"type-product","3":"status-publish","4":"has-post-thumbnail","6":"product_cat-bad-spa-og-personlig-pleie","7":"product_cat-badesalt","8":"pa_collection-bath-dust-190g-no","9":"pa_made-in-storbritannia","10":"pa_size-200g","12":"first","13":"instock","14":"purchasable","15":"product-type-simple"},"supplier_id":null,"supplier_sku":"BAS-26","barcode":null,"atum_controlled":true,"out_stock_date":null,"out_stock_threshold":null,"inheritable":false,"inbound_stock":null,"stock_on_hold":0,"sold_today":0,"sales_last_days":0,"reserved_stock":null,"customer_returns":null,"warehouse_damage":null,"lost_in_post":null,"other_logs":null,"out_stock_days":0,"lost_sales":0,"has_location":null,"update_date":"2026-05-08T05:04:58","atum_locations":[],"atum_stock_status":"instock","restock_status":false,"low_stock_amount":"","sales_update_date":"2025-10-09T03:25:40","calc_backorders":null,"_links":{"self":[{"href":"https:\/\/aromasentia.com\/no\/wp-json\/wp\/v2\/product\/207248","targetHints":{"allow":["GET"]}}],"collection":[{"href":"https:\/\/aromasentia.com\/no\/wp-json\/wp\/v2\/product"}],"about":[{"href":"https:\/\/aromasentia.com\/no\/wp-json\/wp\/v2\/types\/product"}],"replies":[{"embeddable":true,"href":"https:\/\/aromasentia.com\/no\/wp-json\/wp\/v2\/comments?post=207248"}],"version-history":[{"count":0,"href":"https:\/\/aromasentia.com\/no\/wp-json\/wp\/v2\/product\/207248\/revisions"}],"wp:featuredmedia":[{"embeddable":true,"href":"https:\/\/aromasentia.com\/no\/wp-json\/wp\/v2\/media\/277720"}],"wp:attachment":[{"href":"https:\/\/aromasentia.com\/no\/wp-json\/wp\/v2\/media?parent=207248"}],"wp:term":[{"taxonomy":"product_brand","embeddable":true,"href":"https:\/\/aromasentia.com\/no\/wp-json\/wp\/v2\/product_brand?post=207248"},{"taxonomy":"product_cat","embeddable":true,"href":"https:\/\/aromasentia.com\/no\/wp-json\/wp\/v2\/product_cat?post=207248"},{"taxonomy":"product_tag","embeddable":true,"href":"https:\/\/aromasentia.com\/no\/wp-json\/wp\/v2\/product_tag?post=207248"}],"curies":[{"name":"wp","href":"https:\/\/api.w.org\/{rel}","templated":true}]}}