{"id":207240,"date":"2025-03-20T16:29:32","date_gmt":"2025-03-20T16:29:32","guid":{"rendered":"https:\/\/aromasentia.com\/product\/pure-body-butter-90g-avocado-butter\/"},"modified":"2025-05-31T03:47:15","modified_gmt":"2025-05-31T03:47:15","slug":"pure-body-butter-90-g-avokadosmor","status":"publish","type":"product","link":"https:\/\/aromasentia.com\/no\/pure-body-butter-90-g-avokadosmor\/","title":{"rendered":"Pure Body Butter 90 G &#8211; Avokadosm\u00f8r"},"content":{"rendered":"<p><strong>Aroma Sentia-ping Pure Body Sheasm\u00f8r &#8211; Avokadosm\u00f8r<\/strong> er et fett utvunnet fra n\u00f8tten til det afrikanske sheatreet.<\/p>\n<p>Sheasm\u00f8r er kjent for sine regenererende effekter. Av denne grunn er det en ingrediens i mange kosmetikkprodukter med en n\u00e6rende og beroligende effekt.<\/p>\n<p><strong>Fordeler:<\/strong><\/p>\n<p>&#8211; reduserer rynker og forbedrer hudspenning<\/p>\n<p>&#8211; lindrer irritasjoner<\/p>\n<p>&#8211; er en naturlig solkrem (SPF 5)<\/p>\n<p>&#8211; regenererer t\u00f8rr hud og h\u00e5r<\/p>\n<p>&#8211; forhindrer vanntap<\/p>\n<p>&#8211; reduserer cellulitter og strekkmerker<\/p>\n<p>&#8211; akselererer regenereringen av skadet hud<\/p>\n<p><strong>Bruksanvisning:<\/strong> F\u00f8r p\u00e5f\u00f8ring, rens huden i en varm dusj eller et badekar for \u00e5 \u00e5pne porene. Masser forsiktig en liten klatt sm\u00f8r inn i huden. La sm\u00f8ret synke inn i noen minutter f\u00f8r du kler p\u00e5 deg.<\/p>\n<p><strong><span style=\"color: rgb(184, 49, 47);\">Bestill i dag og se dem fly av g\u00e5rde fra handlekurvene i nettbutikken din.<\/span><\/strong><\/p>\n","protected":false},"excerpt":{"rendered":"<p>Aroma Sentia-ping Pure Body Sheasm\u00f8r &#8211; Avokadosm\u00f8r er et fett utvunnet fra n\u00f8tten til det afrikanske sheatreet. Sheasm\u00f8r er kjent for sine regenererende effekter. Av denne grunn er det en ingrediens i mange kosmetikkprodukter med en n\u00e6rende og beroligende effekt. Fordeler: &#8211; reduserer rynker og forbedrer hudspenning &#8211; lindrer irritasjoner &#8211; er en naturlig solkrem [&hellip;]<\/p>\n","protected":false},"featured_media":278552,"comment_status":"closed","ping_status":"open","template":"","meta":{"_angie_page":false},"product_brand":[],"product_cat":[9413,9550],"product_tag":[],"class_list":{"0":"post-207240","1":"product","2":"type-product","3":"status-publish","4":"has-post-thumbnail","6":"product_cat-bad-spa-og-personlig-pleie","7":"product_cat-kroppspleie","8":"pa_collection-pure-body-butter-90-g-no","9":"pa_made-in-storbritannia","10":"pa_size-90g","12":"first","13":"instock","14":"purchasable","15":"product-type-simple"},"supplier_id":null,"supplier_sku":"BB-03","barcode":null,"atum_controlled":true,"out_stock_date":null,"out_stock_threshold":null,"inheritable":false,"inbound_stock":null,"stock_on_hold":0,"sold_today":0,"sales_last_days":0,"reserved_stock":null,"customer_returns":null,"warehouse_damage":null,"lost_in_post":null,"other_logs":null,"out_stock_days":0,"lost_sales":0,"has_location":null,"update_date":"2026-04-29T18:50:32","atum_locations":[],"atum_stock_status":"instock","restock_status":false,"low_stock_amount":"","sales_update_date":"2026-01-30T01:24:56","calc_backorders":null,"_links":{"self":[{"href":"https:\/\/aromasentia.com\/no\/wp-json\/wp\/v2\/product\/207240","targetHints":{"allow":["GET"]}}],"collection":[{"href":"https:\/\/aromasentia.com\/no\/wp-json\/wp\/v2\/product"}],"about":[{"href":"https:\/\/aromasentia.com\/no\/wp-json\/wp\/v2\/types\/product"}],"replies":[{"embeddable":true,"href":"https:\/\/aromasentia.com\/no\/wp-json\/wp\/v2\/comments?post=207240"}],"version-history":[{"count":0,"href":"https:\/\/aromasentia.com\/no\/wp-json\/wp\/v2\/product\/207240\/revisions"}],"wp:featuredmedia":[{"embeddable":true,"href":"https:\/\/aromasentia.com\/no\/wp-json\/wp\/v2\/media\/278552"}],"wp:attachment":[{"href":"https:\/\/aromasentia.com\/no\/wp-json\/wp\/v2\/media?parent=207240"}],"wp:term":[{"taxonomy":"product_brand","embeddable":true,"href":"https:\/\/aromasentia.com\/no\/wp-json\/wp\/v2\/product_brand?post=207240"},{"taxonomy":"product_cat","embeddable":true,"href":"https:\/\/aromasentia.com\/no\/wp-json\/wp\/v2\/product_cat?post=207240"},{"taxonomy":"product_tag","embeddable":true,"href":"https:\/\/aromasentia.com\/no\/wp-json\/wp\/v2\/product_tag?post=207240"}],"curies":[{"name":"wp","href":"https:\/\/api.w.org\/{rel}","templated":true}]}}