{"id":207231,"date":"2025-03-20T16:29:32","date_gmt":"2025-03-20T16:29:32","guid":{"rendered":"https:\/\/aromasentia.com\/product\/funky-bath-bomb-125g-italian-promenade\/"},"modified":"2025-05-31T03:46:49","modified_gmt":"2025-05-31T03:46:49","slug":"funky-badebombe-125g-italian-promenade","status":"publish","type":"product","link":"https:\/\/aromasentia.com\/no\/funky-badebombe-125g-italian-promenade\/","title":{"rendered":"Funky Badebombe 125G &#8211; Italian Promenade"},"content":{"rendered":"<p>Den nye serien med Funky Bath Bombs er akkurat det du trenger for alle som leter etter et badetillegg av h\u00f8y kvalitet som b\u00e5de ser godt ut og lukter godt.<\/p>\n<p>Vi har et utvalg av fantastiske dufter \u00e5 velge mellom, hver i sin egen s\u00e6regne farge. Hver av disse individuelle badebombene er sjarmerende og overd\u00e5dige og h\u00e5ndlaget for \u00e5 gi kundene dine luksusen av spa-avslapning i hjemmene sine.<\/p>\n<p>N\u00e5r de slippes i vannet, bruser de ved st\u00f8t og lar duftene finne veien inn i sansene dine.<\/p>\n<p><strong>Kj\u00f8p n\u00e5 for \u00e5 skape det ultimate baderomshimmelen i butikken din.<\/strong><\/p>\n<p><span style=\"color: rgb(184, 49, 47);\"><strong>Bombest\u00f8rrelse: 6 cm<\/strong><\/span><\/p>\n","protected":false},"excerpt":{"rendered":"<p>Den nye serien med Funky Bath Bombs er akkurat det du trenger for alle som leter etter et badetillegg av h\u00f8y kvalitet som b\u00e5de ser godt ut og lukter godt. Vi har et utvalg av fantastiske dufter \u00e5 velge mellom, hver i sin egen s\u00e6regne farge. Hver av disse individuelle badebombene er sjarmerende og overd\u00e5dige [&hellip;]<\/p>\n","protected":false},"featured_media":278447,"comment_status":"closed","ping_status":"open","template":"","meta":[],"product_brand":[],"product_cat":[9413,9418],"product_tag":[],"class_list":{"0":"post-207231","1":"product","2":"type-product","3":"status-publish","4":"has-post-thumbnail","6":"product_cat-bad-spa-og-personlig-pleie","7":"product_cat-badebomber","8":"pa_made-in-latvia","10":"first","11":"outofstock","12":"purchasable","13":"product-type-simple"},"supplier_id":null,"supplier_sku":"BathB-02","barcode":null,"atum_controlled":true,"out_stock_date":"2025-10-09 14:01:47","out_stock_threshold":null,"inheritable":false,"inbound_stock":null,"stock_on_hold":0,"sold_today":0,"sales_last_days":0,"reserved_stock":null,"customer_returns":null,"warehouse_damage":null,"lost_in_post":null,"other_logs":null,"out_stock_days":112,"lost_sales":0,"has_location":null,"update_date":"2026-01-30T01:25:16","atum_locations":[],"atum_stock_status":"outofstock","restock_status":false,"low_stock_amount":"","sales_update_date":"2026-01-30T01:25:16","calc_backorders":null,"_links":{"self":[{"href":"https:\/\/aromasentia.com\/no\/wp-json\/wp\/v2\/product\/207231","targetHints":{"allow":["GET"]}}],"collection":[{"href":"https:\/\/aromasentia.com\/no\/wp-json\/wp\/v2\/product"}],"about":[{"href":"https:\/\/aromasentia.com\/no\/wp-json\/wp\/v2\/types\/product"}],"replies":[{"embeddable":true,"href":"https:\/\/aromasentia.com\/no\/wp-json\/wp\/v2\/comments?post=207231"}],"version-history":[{"count":0,"href":"https:\/\/aromasentia.com\/no\/wp-json\/wp\/v2\/product\/207231\/revisions"}],"wp:featuredmedia":[{"embeddable":true,"href":"https:\/\/aromasentia.com\/no\/wp-json\/wp\/v2\/media\/278447"}],"wp:attachment":[{"href":"https:\/\/aromasentia.com\/no\/wp-json\/wp\/v2\/media?parent=207231"}],"wp:term":[{"taxonomy":"product_brand","embeddable":true,"href":"https:\/\/aromasentia.com\/no\/wp-json\/wp\/v2\/product_brand?post=207231"},{"taxonomy":"product_cat","embeddable":true,"href":"https:\/\/aromasentia.com\/no\/wp-json\/wp\/v2\/product_cat?post=207231"},{"taxonomy":"product_tag","embeddable":true,"href":"https:\/\/aromasentia.com\/no\/wp-json\/wp\/v2\/product_tag?post=207231"}],"curies":[{"name":"wp","href":"https:\/\/api.w.org\/{rel}","templated":true}]}}