{"id":207226,"date":"2025-03-20T16:29:32","date_gmt":"2025-03-20T16:29:32","guid":{"rendered":"https:\/\/aromasentia.com\/product\/lavender-seeds-bath-dust-200g\/"},"modified":"2025-05-31T03:46:22","modified_gmt":"2025-05-31T03:46:22","slug":"lavendel-fro-badestov-200g","status":"publish","type":"product","link":"https:\/\/aromasentia.com\/no\/lavendel-fro-badestov-200g\/","title":{"rendered":"Lavendel &#038; Fr\u00f8 Badest\u00f8v 200G"},"content":{"rendered":"<p>Slapp av og slapp av med Lavender &#038; Seeds Bath Dust. Denne beroligende posen p\u00e5 200 g kombinerer den beroligende, klassiske duften av eterisk lavendelolje med den milde konsistensen av fr\u00f8, eventuelt lavendelknopper eller andre botaniske stoffer for mild eksfoliering eller visuell tiltalende effekt. Etter hvert som den l\u00f8ser seg opp, frigj\u00f8r den en beroligende duft som fremmer avslapping og lindrer stress, samtidig som den myker opp badevannet. Perfekt for et kveldsbad som forberedelse til en fredelig natts s\u00f8vn, og etterlater deg med en f\u00f8lelse av ro og fred.<\/p>\n","protected":false},"excerpt":{"rendered":"<p>Slapp av og slapp av med Lavender &#038; Seeds Bath Dust. Denne beroligende posen p\u00e5 200 g kombinerer den beroligende, klassiske duften av eterisk lavendelolje med den milde konsistensen av fr\u00f8, eventuelt lavendelknopper eller andre botaniske stoffer for mild eksfoliering eller visuell tiltalende effekt. Etter hvert som den l\u00f8ser seg opp, frigj\u00f8r den en beroligende [&hellip;]<\/p>\n","protected":false},"featured_media":278306,"comment_status":"closed","ping_status":"open","template":"","meta":{"_angie_page":false},"product_brand":[],"product_cat":[9413,9466,26834,25843,26232],"product_tag":[],"class_list":{"0":"post-207226","1":"product","2":"type-product","3":"status-publish","4":"has-post-thumbnail","6":"product_cat-bad-spa-og-personlig-pleie","7":"product_cat-badesalt","8":"product_cat-blomster","9":"product_cat-dufter-aromaer","10":"product_cat-lavendel","11":"pa_collection-bath-dust-190g-no","12":"pa_made-in-storbritannia","13":"pa_size-200g","15":"first","16":"instock","17":"purchasable","18":"product-type-simple"},"supplier_id":null,"supplier_sku":"BAS-06","barcode":null,"atum_controlled":true,"out_stock_date":null,"out_stock_threshold":null,"inheritable":false,"inbound_stock":null,"stock_on_hold":0,"sold_today":0,"sales_last_days":0,"reserved_stock":null,"customer_returns":null,"warehouse_damage":null,"lost_in_post":null,"other_logs":null,"out_stock_days":0,"lost_sales":0,"has_location":null,"update_date":"2026-05-08T05:04:57","atum_locations":[],"atum_stock_status":"instock","restock_status":false,"low_stock_amount":"","sales_update_date":"2026-01-20T05:14:13","calc_backorders":null,"_links":{"self":[{"href":"https:\/\/aromasentia.com\/no\/wp-json\/wp\/v2\/product\/207226","targetHints":{"allow":["GET"]}}],"collection":[{"href":"https:\/\/aromasentia.com\/no\/wp-json\/wp\/v2\/product"}],"about":[{"href":"https:\/\/aromasentia.com\/no\/wp-json\/wp\/v2\/types\/product"}],"replies":[{"embeddable":true,"href":"https:\/\/aromasentia.com\/no\/wp-json\/wp\/v2\/comments?post=207226"}],"version-history":[{"count":0,"href":"https:\/\/aromasentia.com\/no\/wp-json\/wp\/v2\/product\/207226\/revisions"}],"wp:featuredmedia":[{"embeddable":true,"href":"https:\/\/aromasentia.com\/no\/wp-json\/wp\/v2\/media\/278306"}],"wp:attachment":[{"href":"https:\/\/aromasentia.com\/no\/wp-json\/wp\/v2\/media?parent=207226"}],"wp:term":[{"taxonomy":"product_brand","embeddable":true,"href":"https:\/\/aromasentia.com\/no\/wp-json\/wp\/v2\/product_brand?post=207226"},{"taxonomy":"product_cat","embeddable":true,"href":"https:\/\/aromasentia.com\/no\/wp-json\/wp\/v2\/product_cat?post=207226"},{"taxonomy":"product_tag","embeddable":true,"href":"https:\/\/aromasentia.com\/no\/wp-json\/wp\/v2\/product_tag?post=207226"}],"curies":[{"name":"wp","href":"https:\/\/api.w.org\/{rel}","templated":true}]}}