{"id":207221,"date":"2025-03-20T16:30:10","date_gmt":"2025-03-20T16:30:10","guid":{"rendered":"https:\/\/aromasentia.com\/product\/bath-bomb-kit-alloy-satin\/"},"modified":"2025-05-31T03:46:08","modified_gmt":"2025-05-31T03:46:08","slug":"badebombe-kit-alloy-satin","status":"publish","type":"product","link":"https:\/\/aromasentia.com\/no\/badebombe-kit-alloy-satin\/","title":{"rendered":"Badebombe Kit &#8211; Alloy &#038; Satin"},"content":{"rendered":"<p><span style=\"color: rgb(75, 80, 88);\">Slipp l\u00f8s kreativiteten din ved \u00e5 blande farger i forskjellige stiler og blande forskjellige salter og dufter for \u00e5 kuratere din ideelle sanseopplevelse. Se bruksanvisningen for inspirasjon og skap den perfekte stemningen du \u00f8nsker.<\/span><\/p>\n<p><span style=\"color: rgb(75, 80, 88);\">Disse unike badebombene kan brukes til din egen avslapning eller v\u00e6re fantastiske gaver til noen du er spesielt glad i. L\u00f8ft baderutinen din med badebombesettet og unn deg en sensasjonell og foryngende badeopplevelse som aldri f\u00f8r!<\/span><\/p>\n<p><span style=\"color: rgb(75, 80, 88);\">Gj\u00f8r-det-selv-settet inneholder: Roseblader, morsomme sukkerformer, 500 g himalayasalt, 200 g sitronsyre, 2 forskjellige badebombeformer, 2 fantastiske dufter,<\/span><\/p>\n<p><span style=\"color: rgb(75, 80, 88);\">3 prim\u00e6re fargestoffer og trinnvise instruksjoner.<\/span><\/p>\n<p><span style=\"color: rgb(75, 80, 88);\"><strong>Instruksjoner:<\/strong><\/span><\/p>\n<p><span style=\"color: rgb(75, 80, 88);\">Trinn 1: T\u00f8m natriumbikarbonatet og \u00f8nsket mengde himalayasalt, kronblader og sukkerformer i en tom bolle.<\/span><\/p>\n<p><span style=\"color: rgb(75, 80, 88);\">Trinn 2: Hell i 10 ml vann og bland sammen til blandingen begynner \u00e5 klebe seg. Hvis den f\u00f8les t\u00f8rr, tilsett noen dr\u00e5per vann til.<\/span><\/p>\n<p><span style=\"color: rgb(75, 80, 88);\">Trinn 3: Hvis du \u00f8nsker \u00e5 lage flere varianter av badebomber, fordel blandingen likt. Tilsett fargestoffet og duftoljen i blandingen(e) din, og bland godt f\u00f8r du tilsetter sitronsyren.<\/span><\/p>\n<p><span style=\"color: rgb(75, 80, 88);\">Trinn 4: Fordel blandingen i begge sider av formen og klem godt sammen.<\/span><\/p>\n<p><span style=\"color: rgb(75, 80, 88);\">Trinn 5: Klem forsiktig p\u00e5 sidene av formen for \u00e5 l\u00f8sne badebomben, og la den t\u00f8rke i 60 minutter.<\/span><\/p>\n<p><span style=\"color: rgb(75, 80, 88);\"><br \/><\/span><\/p>\n<p><span style=\"color: rgb(75, 80, 88);\"><strong>Overrask noen spesielle med disse fantastiske kreasjonene. Skaff deg ditt DIY-badebombesett i dag!<\/strong><\/span><\/p>\n","protected":false},"excerpt":{"rendered":"<p>Slipp l\u00f8s kreativiteten din ved \u00e5 blande farger i forskjellige stiler og blande forskjellige salter og dufter for \u00e5 kuratere din ideelle sanseopplevelse. Se bruksanvisningen for inspirasjon og skap den perfekte stemningen du \u00f8nsker. Disse unike badebombene kan brukes til din egen avslapning eller v\u00e6re fantastiske gaver til noen du er spesielt glad i. L\u00f8ft [&hellip;]<\/p>\n","protected":false},"featured_media":278913,"comment_status":"closed","ping_status":"open","template":"","meta":{"_angie_page":false},"product_brand":[],"product_cat":[9413,9418,9419],"product_tag":[],"class_list":{"0":"post-207221","1":"product","2":"type-product","3":"status-publish","4":"has-post-thumbnail","6":"product_cat-bad-spa-og-personlig-pleie","7":"product_cat-badebomber","8":"product_cat-gavesett","9":"pa_collection-bath-bomb-kit-diy-no","10":"pa_made-in-storbritannia","12":"first","13":"outofstock","14":"purchasable","15":"product-type-simple"},"supplier_id":null,"supplier_sku":"BBKIT-02","barcode":null,"atum_controlled":true,"out_stock_date":"2026-04-25 15:13:31","out_stock_threshold":null,"inheritable":false,"inbound_stock":null,"stock_on_hold":0,"sold_today":0,"sales_last_days":0,"reserved_stock":null,"customer_returns":null,"warehouse_damage":null,"lost_in_post":null,"other_logs":null,"out_stock_days":0,"lost_sales":0,"has_location":null,"update_date":"2026-04-27T06:54:25","atum_locations":[],"atum_stock_status":"outofstock","restock_status":false,"low_stock_amount":"","sales_update_date":"2026-01-20T05:14:11","calc_backorders":null,"_links":{"self":[{"href":"https:\/\/aromasentia.com\/no\/wp-json\/wp\/v2\/product\/207221","targetHints":{"allow":["GET"]}}],"collection":[{"href":"https:\/\/aromasentia.com\/no\/wp-json\/wp\/v2\/product"}],"about":[{"href":"https:\/\/aromasentia.com\/no\/wp-json\/wp\/v2\/types\/product"}],"replies":[{"embeddable":true,"href":"https:\/\/aromasentia.com\/no\/wp-json\/wp\/v2\/comments?post=207221"}],"version-history":[{"count":0,"href":"https:\/\/aromasentia.com\/no\/wp-json\/wp\/v2\/product\/207221\/revisions"}],"wp:featuredmedia":[{"embeddable":true,"href":"https:\/\/aromasentia.com\/no\/wp-json\/wp\/v2\/media\/278913"}],"wp:attachment":[{"href":"https:\/\/aromasentia.com\/no\/wp-json\/wp\/v2\/media?parent=207221"}],"wp:term":[{"taxonomy":"product_brand","embeddable":true,"href":"https:\/\/aromasentia.com\/no\/wp-json\/wp\/v2\/product_brand?post=207221"},{"taxonomy":"product_cat","embeddable":true,"href":"https:\/\/aromasentia.com\/no\/wp-json\/wp\/v2\/product_cat?post=207221"},{"taxonomy":"product_tag","embeddable":true,"href":"https:\/\/aromasentia.com\/no\/wp-json\/wp\/v2\/product_tag?post=207221"}],"curies":[{"name":"wp","href":"https:\/\/api.w.org\/{rel}","templated":true}]}}