{"id":207214,"date":"2025-03-20T16:30:10","date_gmt":"2025-03-20T16:30:10","guid":{"rendered":"https:\/\/aromasentia.com\/product\/scented-shea-body-butter-90g-sweet-strawberry\/"},"modified":"2025-05-31T03:45:47","modified_gmt":"2025-05-31T03:45:47","slug":"duftende-sheasmor-kroppssmor-90-g-sweet-strawberry","status":"publish","type":"product","link":"https:\/\/aromasentia.com\/no\/duftende-sheasmor-kroppssmor-90-g-sweet-strawberry\/","title":{"rendered":"Duftende Sheasm\u00f8r Kroppssm\u00f8r 90 G &#8211; Sweet Strawberry"},"content":{"rendered":"<p>Unn huden og sansene dine v\u00e5rt velduftende shea-kroppssm\u00f8r &#8211; Sweet Strawberry. Dette herlige kroppssm\u00f8ret p\u00e5 90 g er fullpakket med fuktighetsgivende shea, og pleier og mykgj\u00f8r huden din i dybden. Det absorberes godt, lindrer t\u00f8rrhet og etterlater huden fl\u00f8yelsmyk og fuktet. Den herlige, saftige duften av friske, s\u00f8te jordb\u00e6r vil l\u00f8fte hum\u00f8ret ditt og etterlate en vedvarende fruktig duft. En perfekt daglig overb\u00e6renhet for en myk, velduftende hud som f\u00f8les virkelig bortskjemt.<\/p>\n","protected":false},"excerpt":{"rendered":"<p>Unn huden og sansene dine v\u00e5rt velduftende shea-kroppssm\u00f8r &#8211; Sweet Strawberry. Dette herlige kroppssm\u00f8ret p\u00e5 90 g er fullpakket med fuktighetsgivende shea, og pleier og mykgj\u00f8r huden din i dybden. Det absorberes godt, lindrer t\u00f8rrhet og etterlater huden fl\u00f8yelsmyk og fuktet. Den herlige, saftige duften av friske, s\u00f8te jordb\u00e6r vil l\u00f8fte hum\u00f8ret ditt og etterlate [&hellip;]<\/p>\n","protected":false},"featured_media":278682,"comment_status":"closed","ping_status":"open","template":"","meta":{"_angie_page":false},"product_brand":[],"product_cat":[9413,25843,26848,26539,9550],"product_tag":[],"class_list":{"0":"post-207214","1":"product","2":"type-product","3":"status-publish","4":"has-post-thumbnail","6":"product_cat-bad-spa-og-personlig-pleie","7":"product_cat-dufter-aromaer","8":"product_cat-fruktig","9":"product_cat-jordbaer","10":"product_cat-kroppspleie","11":"pa_collection-scented-shea-body-butter-90g-no","12":"pa_made-in-storbritannia","13":"pa_size-90g","15":"first","16":"instock","17":"purchasable","18":"product-type-simple"},"supplier_id":null,"supplier_sku":"BBFO-05","barcode":null,"atum_controlled":true,"out_stock_date":null,"out_stock_threshold":null,"inheritable":false,"inbound_stock":null,"stock_on_hold":0,"sold_today":0,"sales_last_days":0,"reserved_stock":null,"customer_returns":null,"warehouse_damage":null,"lost_in_post":null,"other_logs":null,"out_stock_days":0,"lost_sales":0,"has_location":null,"update_date":"2026-05-04T00:02:50","atum_locations":[],"atum_stock_status":"instock","restock_status":false,"low_stock_amount":"","sales_update_date":"2025-10-09T03:25:59","calc_backorders":null,"_links":{"self":[{"href":"https:\/\/aromasentia.com\/no\/wp-json\/wp\/v2\/product\/207214","targetHints":{"allow":["GET"]}}],"collection":[{"href":"https:\/\/aromasentia.com\/no\/wp-json\/wp\/v2\/product"}],"about":[{"href":"https:\/\/aromasentia.com\/no\/wp-json\/wp\/v2\/types\/product"}],"replies":[{"embeddable":true,"href":"https:\/\/aromasentia.com\/no\/wp-json\/wp\/v2\/comments?post=207214"}],"version-history":[{"count":0,"href":"https:\/\/aromasentia.com\/no\/wp-json\/wp\/v2\/product\/207214\/revisions"}],"wp:featuredmedia":[{"embeddable":true,"href":"https:\/\/aromasentia.com\/no\/wp-json\/wp\/v2\/media\/278682"}],"wp:attachment":[{"href":"https:\/\/aromasentia.com\/no\/wp-json\/wp\/v2\/media?parent=207214"}],"wp:term":[{"taxonomy":"product_brand","embeddable":true,"href":"https:\/\/aromasentia.com\/no\/wp-json\/wp\/v2\/product_brand?post=207214"},{"taxonomy":"product_cat","embeddable":true,"href":"https:\/\/aromasentia.com\/no\/wp-json\/wp\/v2\/product_cat?post=207214"},{"taxonomy":"product_tag","embeddable":true,"href":"https:\/\/aromasentia.com\/no\/wp-json\/wp\/v2\/product_tag?post=207214"}],"curies":[{"name":"wp","href":"https:\/\/api.w.org\/{rel}","templated":true}]}}