{"id":207207,"date":"2025-03-20T16:30:10","date_gmt":"2025-03-20T16:30:10","guid":{"rendered":"https:\/\/aromasentia.com\/product\/bath-eggs-tangerine-grapefruit\/"},"modified":"2025-05-31T03:45:21","modified_gmt":"2025-05-31T03:45:21","slug":"badeegg-badebomber-mandarin-grapefrukt-2","status":"publish","type":"product","link":"https:\/\/aromasentia.com\/no\/badeegg-badebomber-mandarin-grapefrukt-2\/","title":{"rendered":"Badeegg Badebomber &#8211; Mandarin &#038; Grapefrukt"},"content":{"rendered":"<p>Disse originale eggformede (og st\u00f8rrelsesmessige) badebombene ser godt ut og lukter godt.<\/p>\n<p><\/p>\n<p>Med en vekt p\u00e5 ca. 60 gram er de ideelle for barnebad. Perfekt til bryllupsgaver eller p\u00e5ske.<\/p>\n<p><\/p>\n<p>Vi har et utvalg av seks dufter \u00e5 velge mellom, hver i sin egen distinkte farge.<\/p>\n<p>Selges i enkeltstykker. Hvis 6 bestilles, sendes de i en eggeeske.<\/p>\n","protected":false},"excerpt":{"rendered":"<p>Disse originale eggformede (og st\u00f8rrelsesmessige) badebombene ser godt ut og lukter godt. Med en vekt p\u00e5 ca. 60 gram er de ideelle for barnebad. Perfekt til bryllupsgaver eller p\u00e5ske. Vi har et utvalg av seks dufter \u00e5 velge mellom, hver i sin egen distinkte farge. Selges i enkeltstykker. Hvis 6 bestilles, sendes de i en [&hellip;]<\/p>\n","protected":false},"featured_media":279127,"comment_status":"closed","ping_status":"open","template":"","meta":[],"product_brand":[],"product_cat":[9413,9418,25843,26203,26820,26405],"product_tag":[],"class_list":{"0":"post-207207","1":"product","2":"type-product","3":"status-publish","4":"has-post-thumbnail","6":"product_cat-bad-spa-og-personlig-pleie","7":"product_cat-badebomber","8":"product_cat-dufter-aromaer","9":"product_cat-grapefrukt","10":"product_cat-sitrus","11":"product_cat-tangerin","12":"pa_collection-pack-of-6-bath-eggs-no","13":"pa_made-in-storbritannia","15":"first","16":"instock","17":"purchasable","18":"product-type-simple"},"supplier_id":null,"supplier_sku":"Begg-06DS","barcode":null,"atum_controlled":true,"out_stock_date":null,"out_stock_threshold":null,"inheritable":false,"inbound_stock":null,"stock_on_hold":0,"sold_today":0,"sales_last_days":0,"reserved_stock":null,"customer_returns":null,"warehouse_damage":null,"lost_in_post":null,"other_logs":null,"out_stock_days":0,"lost_sales":0,"has_location":null,"update_date":"2026-02-03T08:22:11","atum_locations":[],"atum_stock_status":"instock","restock_status":false,"low_stock_amount":"","sales_update_date":"2025-10-09T03:26:19","calc_backorders":null,"_links":{"self":[{"href":"https:\/\/aromasentia.com\/no\/wp-json\/wp\/v2\/product\/207207","targetHints":{"allow":["GET"]}}],"collection":[{"href":"https:\/\/aromasentia.com\/no\/wp-json\/wp\/v2\/product"}],"about":[{"href":"https:\/\/aromasentia.com\/no\/wp-json\/wp\/v2\/types\/product"}],"replies":[{"embeddable":true,"href":"https:\/\/aromasentia.com\/no\/wp-json\/wp\/v2\/comments?post=207207"}],"version-history":[{"count":0,"href":"https:\/\/aromasentia.com\/no\/wp-json\/wp\/v2\/product\/207207\/revisions"}],"wp:featuredmedia":[{"embeddable":true,"href":"https:\/\/aromasentia.com\/no\/wp-json\/wp\/v2\/media\/279127"}],"wp:attachment":[{"href":"https:\/\/aromasentia.com\/no\/wp-json\/wp\/v2\/media?parent=207207"}],"wp:term":[{"taxonomy":"product_brand","embeddable":true,"href":"https:\/\/aromasentia.com\/no\/wp-json\/wp\/v2\/product_brand?post=207207"},{"taxonomy":"product_cat","embeddable":true,"href":"https:\/\/aromasentia.com\/no\/wp-json\/wp\/v2\/product_cat?post=207207"},{"taxonomy":"product_tag","embeddable":true,"href":"https:\/\/aromasentia.com\/no\/wp-json\/wp\/v2\/product_tag?post=207207"}],"curies":[{"name":"wp","href":"https:\/\/api.w.org\/{rel}","templated":true}]}}