{"id":207199,"date":"2025-03-20T16:31:41","date_gmt":"2025-03-20T16:31:41","guid":{"rendered":"https:\/\/aromasentia.com\/product\/chakra-bath-salt-gift-pack-of-7\/"},"modified":"2025-05-31T03:44:54","modified_gmt":"2025-05-31T03:44:54","slug":"chakra-badesalt-gavepakke-med-7-stk","status":"publish","type":"product","link":"https:\/\/aromasentia.com\/no\/chakra-badesalt-gavepakke-med-7-stk\/","title":{"rendered":"Chakra Badesalt &#8211; Gavepakke med 7 Stk."},"content":{"rendered":"<p><span style=\"color: rgb(75, 80, 88);\">L\u00e5s opp potensialet for selvoppdagelse med v\u00e5r uts\u00f8kte kolleksjon av aromaterapi-<strong>Chakra-badesaltflasker<\/strong>, omhyggelig laget for \u00e5 balansere og harmonisere kroppens energisentre.<\/span><\/p>\n<p><span style=\"color: rgb(75, 80, 88);\">Denne unike kolleksjonen inneholder <strong>syv forskjellige badesalter<\/strong>, hvert spesielt formulert for et spesifikt chakra, med premium essensielle oljer.<\/span><\/p>\n<ul>\n<li style=\"text-align: left;\"><span style=\"color: rgb(75, 80, 88);\"><strong>Kronechakra-badesalt:<\/strong>Revitaliser kronechakraet ditt med den forfriskende blandingen av peppermynte-essensiell olje. &nbsp;<\/span><\/li>\n<li style=\"text-align: left;\"><span style=\"color: rgb(75, 80, 88);\"><strong>Badesalt for tredje \u00f8ye-chakra:&nbsp;<\/strong>Oppn\u00e5 ro og indre fred med den beroligende duften av eterisk lavendelolje.<\/span><\/li>\n<li style=\"text-align: left;\"><span style=\"color: rgb(75, 80, 88);\"><strong>Badesalt for halschakra:<\/strong> Forbedre klar kommunikasjon med den forfriskende blandingen av essensielle oljer fra eukalyptus og sitron.&nbsp;<\/span><\/li>\n<li style=\"text-align: left;\"><span style=\"color: rgb(75, 80, 88);\"><strong>Badesalt for hjertechakra:<\/strong> Fremme kj\u00e6rlighet og medf\u00f8lelse med den harmoniske kombinasjonen av essensielle oljer fra kamille og grapefrukt.&nbsp;<\/span><\/li>\n<li style=\"text-align: left;\"><span style=\"color: rgb(75, 80, 88);\"><strong>Solar Plexus Chakra Badesalt:<\/strong> Oppn\u00e5 indre harmoni og lindre stress med den kraftige essensen av Ylang Ylang eterisk olje.<\/span><\/li>\n<li style=\"text-align: left;\"><span style=\"color: rgb(75, 80, 88);\"><strong>Sacral Chakra Badesalt:<\/strong>Vekk din kreative \u00e5nd med den livlige blandingen av essensielle oljer av s\u00f8t appelsin og kanel.<\/span><\/li>\n<li style=\"text-align: left;\"><span style=\"color: rgb(75, 80, 88);\"><strong>Rotchakra Badesalt:<\/strong>F\u00e5 styrke og stabilitet med den jordn\u00e6re blandingen av essensielle oljer av bergamott og gr\u00f8nnmynte. &nbsp;<\/span><\/li>\n<\/ul>\n<p><em><span style=\"color: rgb(75, 80, 88);\">Ingredienser:&nbsp;<\/span><\/em><\/p>\n<p><span style=\"color: rgb(75, 80, 88);\"><em>KRONECHAKRA:&nbsp;Maris-salt, Mentha Piperita-olje, CI 18050, Butyrospermum Parkii-sm\u00f8r, vann, CI 45430, CI 42090, limonen<\/em><\/span><\/p>\n<p><span style=\"color: rgb(75, 80, 88);\"><em>TREDJE \u00d8YE-CHAKRA:&nbsp;SMaris-salt, Lavandula Angustifolia-olje, Butyrospermum Parkii-sm\u00f8r, vann, CI 42090, linalool, limonen<\/em><\/span><\/p>\n<p><span style=\"color: rgb(75, 80, 88);\"><em>HALSCHAKRA: Maris Sal, Citrus Limon-skallolje, Eucalyptus Globulus-bladolje, Butyrospermum Parkii-sm\u00f8r, Aqua, CI 42090, Limonene, Citral<\/em><\/span><\/p>\n<p><span style=\"color: rgb(75, 80, 88);\"><em>HJERTECHAKRA: Maris Sal, CI 19140, Citrus Paradisi-skallolje, Anthemis Nobilis-blomsterolje, Butyrospermum Parkii-sm\u00f8r, Aqua, CI 42090, Limonene<\/em><\/span><\/p>\n<p><span style=\"color: rgb(75, 80, 88);\"><em>SOLAR PLEXUS CHAKRA: Maris Sal, Cananga Odorata-blomsterolje, Butyrospermum Parkii-sm\u00f8r, Aqua, CI 19140, Benzylsalisylat, Farnesol<\/em><\/span><\/p>\n<p><span style=\"color: rgb(75, 80, 88);\"><em>SAKRALCHAKRA: Maris Sal, Citrus Sinensis-skallolje, Citrus Limon-skallolje, Butyrospermum Parkii-sm\u00f8r, vann, CI 19140, CI 15985, limonen, linalool, eugenol, citral<\/em><\/span><\/p>\n<p><em><span style=\"color: rgb(75, 80, 88);\">ROTCAKRA: Maris Sal, CI 18050, Citrus Bergamia-fruktolje, CI 19140, Mentha Spicata-urteolje, Butyrospermum Parkii-sm\u00f8r, vann, CI 45430, limonen, linalool<\/span><\/em><\/p>\n","protected":false},"excerpt":{"rendered":"<p>L\u00e5s opp potensialet for selvoppdagelse med v\u00e5r uts\u00f8kte kolleksjon av aromaterapi-Chakra-badesaltflasker, omhyggelig laget for \u00e5 balansere og harmonisere kroppens energisentre. Denne unike kolleksjonen inneholder syv forskjellige badesalter, hvert spesielt formulert for et spesifikt chakra, med premium essensielle oljer. Kronechakra-badesalt:Revitaliser kronechakraet ditt med den forfriskende blandingen av peppermynte-essensiell olje. &nbsp; Badesalt for tredje \u00f8ye-chakra:&nbsp;Oppn\u00e5 ro og [&hellip;]<\/p>\n","protected":false},"featured_media":279567,"comment_status":"closed","ping_status":"open","template":"","meta":{"_angie_page":false},"product_brand":[],"product_cat":[9413,9466,9419],"product_tag":[],"class_list":{"0":"post-207199","1":"product","2":"type-product","3":"status-publish","4":"has-post-thumbnail","6":"product_cat-bad-spa-og-personlig-pleie","7":"product_cat-badesalt","8":"product_cat-gavesett","9":"pa_collection-bath-salts-in-vials-gift-pack-of-7-no","10":"pa_made-in-storbritannia","12":"first","13":"instock","14":"purchasable","15":"product-type-simple"},"supplier_id":null,"supplier_sku":"BSV-02","barcode":null,"atum_controlled":true,"out_stock_date":null,"out_stock_threshold":null,"inheritable":false,"inbound_stock":null,"stock_on_hold":0,"sold_today":0,"sales_last_days":0,"reserved_stock":null,"customer_returns":null,"warehouse_damage":null,"lost_in_post":null,"other_logs":null,"out_stock_days":0,"lost_sales":0,"has_location":null,"update_date":"2026-05-08T05:06:07","atum_locations":[],"atum_stock_status":"instock","restock_status":false,"low_stock_amount":"","sales_update_date":"2025-10-09T03:27:00","calc_backorders":null,"_links":{"self":[{"href":"https:\/\/aromasentia.com\/no\/wp-json\/wp\/v2\/product\/207199","targetHints":{"allow":["GET"]}}],"collection":[{"href":"https:\/\/aromasentia.com\/no\/wp-json\/wp\/v2\/product"}],"about":[{"href":"https:\/\/aromasentia.com\/no\/wp-json\/wp\/v2\/types\/product"}],"replies":[{"embeddable":true,"href":"https:\/\/aromasentia.com\/no\/wp-json\/wp\/v2\/comments?post=207199"}],"version-history":[{"count":0,"href":"https:\/\/aromasentia.com\/no\/wp-json\/wp\/v2\/product\/207199\/revisions"}],"wp:featuredmedia":[{"embeddable":true,"href":"https:\/\/aromasentia.com\/no\/wp-json\/wp\/v2\/media\/279567"}],"wp:attachment":[{"href":"https:\/\/aromasentia.com\/no\/wp-json\/wp\/v2\/media?parent=207199"}],"wp:term":[{"taxonomy":"product_brand","embeddable":true,"href":"https:\/\/aromasentia.com\/no\/wp-json\/wp\/v2\/product_brand?post=207199"},{"taxonomy":"product_cat","embeddable":true,"href":"https:\/\/aromasentia.com\/no\/wp-json\/wp\/v2\/product_cat?post=207199"},{"taxonomy":"product_tag","embeddable":true,"href":"https:\/\/aromasentia.com\/no\/wp-json\/wp\/v2\/product_tag?post=207199"}],"curies":[{"name":"wp","href":"https:\/\/api.w.org\/{rel}","templated":true}]}}