{"id":207170,"date":"2025-03-20T16:33:42","date_gmt":"2025-03-20T16:33:42","guid":{"rendered":"https:\/\/aromasentia.com\/product\/chakra-bath-fizz-small-box-strength-creativity\/"},"modified":"2025-05-31T03:43:23","modified_gmt":"2025-05-31T03:43:23","slug":"chakra-bath-fizz-eske-boks-styrke-kreativitet-liten","status":"publish","type":"product","link":"https:\/\/aromasentia.com\/no\/chakra-bath-fizz-eske-boks-styrke-kreativitet-liten\/","title":{"rendered":"Chakra Bath Fizz &#8211; Eske \/ Boks &#8211; Styrke &#038; Kreativitet Liten"},"content":{"rendered":"<p><span style=\"color: rgb(75, 80, 88);\">Chakra-brusere, laget med en blanding av essensielle oljer for \u00e5 revitalisere og justere kroppens vitale energisentre. Perfekt gave til de som s\u00f8ker mindfulness.<\/span><\/p>\n<p><span style=\"color: rgb(250, 197, 28);\"><strong>Solar Plexus Chakra-brusere (GUL)<\/strong> med Yang Yang essensiell olje som har den bemerkelsesverdige evnen til \u00e5 fremme indre harmoni og redusere f\u00f8lelser av stress og angst. Ved \u00e5 berolige nervesystemet kan den bidra til \u00e5 lindre spenninger og lar energien i Plexus Chakra flyte fritt. Ved \u00e5 bruke denne bruseren i et bad kan du forbedre velv\u00e6ret til Plexus Chakra. Omfavn en f\u00f8lelse av personlig kraft og emosjonell stabilitet mens du finner en dypere forbindelse med ditt indre jeg og navigerer livets utfordringer med selvtillit.<\/span><\/p>\n<p><span style=\"color: rgb(251, 160, 38);\"><strong>Sacral Chakra Fizzer (ORANGE)<\/strong> som inneholder en dynamisk duo av essensielle oljer av s\u00f8t appelsin og kanel. Denne unike brusen avgir en lys og oppl\u00f8ftende duft som stimulerer f\u00f8lelser av positivitet. Den bidrar til \u00e5 slippe l\u00f8s ditt kreative potensial og inspirerer deg til \u00e5 utforske nye ideer og kunstneriske bestrebelser med entusiasme. Ved \u00e5 tilsette denne brusen i badet ditt, kan du f\u00e5 tilgang til din indre br\u00f8nn av inspirasjon og legge ut p\u00e5 en reise med selvoppdagelse og kunstnerisk oppfyllelse. La din kreative \u00e5nd vekkes og fylle livet ditt med en ny f\u00f8lelse av lidenskap.<\/span><\/p>\n<p><span style=\"color: rgb(184, 49, 47);\"><strong>Root Chakra Fizzer (R\u00d8D)<\/strong> med essensielle oljer av bergamott og gr\u00f8nnmynte. Den fremmer en f\u00f8lelse av stabilitet og trygghet, slik at rotchakraet kan forankres dypt i jordens energi. Sammen st\u00f8tter denne synergistiske blandingen rotchakraets vitalitet og gir et stabilt og trygt grunnlag hvorfra du kan m\u00f8te livets utfordringer med motstandskraft og besluttsomhet. Ved \u00e5 tilsette denne brusen i badet ditt, kan du styrke rotchakraet ditt og oppleve en nyfunnet f\u00f8lelse av indre kraft og styrke.<\/span><\/p>\n<p><span style=\"color: rgb(75, 80, 88);\">Hver brus veier 0,70 gram<\/span><\/p>\n<p><span style=\"color: rgb(75, 80, 88);\">Hver brusst\u00f8rrelse er omtrent D:2,2 cm H:2 cm<\/span><\/p>\n<p><span style=\"color: rgb(75, 80, 88);\">Gaveesken veier 0,280 gram<\/span><\/p>\n<p><span style=\"color: rgb(75, 80, 88);\">Selges i en gaveeske med et mandalam\u00f8nster som gjenspeiler produktets helhetlige essens.<\/span><\/p>\n","protected":false},"excerpt":{"rendered":"<p>Chakra-brusere, laget med en blanding av essensielle oljer for \u00e5 revitalisere og justere kroppens vitale energisentre. Perfekt gave til de som s\u00f8ker mindfulness. Solar Plexus Chakra-brusere (GUL) med Yang Yang essensiell olje som har den bemerkelsesverdige evnen til \u00e5 fremme indre harmoni og redusere f\u00f8lelser av stress og angst. Ved \u00e5 berolige nervesystemet kan den [&hellip;]<\/p>\n","protected":false},"featured_media":279914,"comment_status":"closed","ping_status":"open","template":"","meta":{"_angie_page":false},"product_brand":[],"product_cat":[9413,9418,9419],"product_tag":[],"class_list":{"0":"post-207170","1":"product","2":"type-product","3":"status-publish","4":"has-post-thumbnail","6":"product_cat-bad-spa-og-personlig-pleie","7":"product_cat-badebomber","8":"product_cat-gavesett","9":"pa_collection-chakra-bath-fizzers-sets-no","10":"pa_made-in-storbritannia","12":"first","13":"instock","14":"purchasable","15":"product-type-simple"},"supplier_id":null,"supplier_sku":"CBF-03","barcode":null,"atum_controlled":true,"out_stock_date":null,"out_stock_threshold":null,"inheritable":false,"inbound_stock":null,"stock_on_hold":0,"sold_today":0,"sales_last_days":0,"reserved_stock":null,"customer_returns":null,"warehouse_damage":null,"lost_in_post":null,"other_logs":null,"out_stock_days":0,"lost_sales":0,"has_location":null,"update_date":"2026-04-27T06:56:03","atum_locations":[],"atum_stock_status":"instock","restock_status":false,"low_stock_amount":"","sales_update_date":"2025-10-09T03:27:13","calc_backorders":null,"_links":{"self":[{"href":"https:\/\/aromasentia.com\/no\/wp-json\/wp\/v2\/product\/207170","targetHints":{"allow":["GET"]}}],"collection":[{"href":"https:\/\/aromasentia.com\/no\/wp-json\/wp\/v2\/product"}],"about":[{"href":"https:\/\/aromasentia.com\/no\/wp-json\/wp\/v2\/types\/product"}],"replies":[{"embeddable":true,"href":"https:\/\/aromasentia.com\/no\/wp-json\/wp\/v2\/comments?post=207170"}],"version-history":[{"count":0,"href":"https:\/\/aromasentia.com\/no\/wp-json\/wp\/v2\/product\/207170\/revisions"}],"wp:featuredmedia":[{"embeddable":true,"href":"https:\/\/aromasentia.com\/no\/wp-json\/wp\/v2\/media\/279914"}],"wp:attachment":[{"href":"https:\/\/aromasentia.com\/no\/wp-json\/wp\/v2\/media?parent=207170"}],"wp:term":[{"taxonomy":"product_brand","embeddable":true,"href":"https:\/\/aromasentia.com\/no\/wp-json\/wp\/v2\/product_brand?post=207170"},{"taxonomy":"product_cat","embeddable":true,"href":"https:\/\/aromasentia.com\/no\/wp-json\/wp\/v2\/product_cat?post=207170"},{"taxonomy":"product_tag","embeddable":true,"href":"https:\/\/aromasentia.com\/no\/wp-json\/wp\/v2\/product_tag?post=207170"}],"curies":[{"name":"wp","href":"https:\/\/api.w.org\/{rel}","templated":true}]}}