{"id":207169,"date":"2025-03-20T16:33:42","date_gmt":"2025-03-20T16:33:42","guid":{"rendered":"https:\/\/aromasentia.com\/product\/chakra-bath-fizz-small-box-love-truth\/"},"modified":"2025-05-31T03:43:21","modified_gmt":"2025-05-31T03:43:21","slug":"chakra-bath-fizz-eske-boks-love-truth-liten","status":"publish","type":"product","link":"https:\/\/aromasentia.com\/no\/chakra-bath-fizz-eske-boks-love-truth-liten\/","title":{"rendered":"Chakra Bath Fizz &#8211; Eske \/ Boks &#8211; Love &#038; Truth Liten"},"content":{"rendered":"<p><span style=\"color: rgb(75, 80, 88);\">Chakra-badebomber. Disse badebombene er utviklet for \u00e5 hjelpe kundene dine med \u00e5 l\u00e5se opp chakraene sine, og er gjennomsyret av intensjoner om sannhet, kj\u00e6rlighet og personlig kraft.<\/span><\/p>\n<p><span style=\"color: rgb(84, 172, 210);\"><strong>Hals-chakra-brus (BL\u00c5)<\/strong> med en blanding av essensielle oljer av eukalyptus og sitron: Eukalyptusolje er kjent for \u00e5 oppmuntre til \u00e6rlig uttrykk og fremme \u00e5penhet i verbale interaksjoner. Sitronolje fremmer mental klarhet og \u00f8ker selvtilliten til selvutfoldelse. \u00c5 unne seg halschakra-brus under et bad skaper en forfriskende og styrkende opplevelse, som fremmer halschakraets blomstring og muliggj\u00f8r autentisk kommunikasjon med ynde og selvsikkerhet.<\/span><\/p>\n<p><span style=\"color: rgb(97, 189, 109);\"><strong>Hjertechakra-brus (GR\u00d8NN)<\/strong> tilsatt essensielle oljer av kamille og grapefrukt: Denne herlige blandingen gir n\u00e6ring til og balanserer sentrum for kj\u00e6rlighet, medf\u00f8lelse og emosjonelt velv\u00e6re. \u00c5 bade med denne brusen skaper et harmonisk milj\u00f8 for hjertechakraet. Kombinasjonen av essensielle oljer fra kamille og grapefrukt oppmuntrer til egenkj\u00e6rlighet, empati og sunnere forbindelser med andre, og fremmer et balansert og medf\u00f8lende hjerterom.<\/span><\/p>\n<p><span style=\"color: rgb(247, 218, 100);\"><strong>Solar Plexus Chakra Fizzer (GUL)<\/strong> beriket med eterisk olje fra Ylang Ylang: Ylang Ylang-olje er kjent for sin evne til \u00e5 fremme indre harmoni og lindre f\u00f8lelser av stress og angst, og lindrer nervesystemet. Ved \u00e5 lette p\u00e5 spenninger, letter den den frie str\u00f8mmen av energi i Solar Plexus Chakra. Omfavn en f\u00f8lelse av personlig kraft og emosjonell stabilitet mens du forsterker forbindelsen med ditt indre jeg og navigerer livets utfordringer med selvtillit.<\/span><\/p>\n<p><span style=\"color: rgb(75, 80, 88);\">Hver brus veier 0,70 gram.<\/span><\/p>\n<p><span style=\"color: rgb(75, 80, 88);\">Hver brus m\u00e5ler omtrent D:2,2 cm H:2 cm.<\/span><\/p>\n<p><span style=\"color: rgb(75, 80, 88);\">Gaveesken veier 0,280 gram.<\/span><\/p>\n","protected":false},"excerpt":{"rendered":"<p>Chakra-badebomber. Disse badebombene er utviklet for \u00e5 hjelpe kundene dine med \u00e5 l\u00e5se opp chakraene sine, og er gjennomsyret av intensjoner om sannhet, kj\u00e6rlighet og personlig kraft. Hals-chakra-brus (BL\u00c5) med en blanding av essensielle oljer av eukalyptus og sitron: Eukalyptusolje er kjent for \u00e5 oppmuntre til \u00e6rlig uttrykk og fremme \u00e5penhet i verbale interaksjoner. Sitronolje [&hellip;]<\/p>\n","protected":false},"featured_media":279897,"comment_status":"closed","ping_status":"open","template":"","meta":{"_angie_page":false},"product_brand":[],"product_cat":[9413,9418,9419],"product_tag":[],"class_list":{"0":"post-207169","1":"product","2":"type-product","3":"status-publish","4":"has-post-thumbnail","6":"product_cat-bad-spa-og-personlig-pleie","7":"product_cat-badebomber","8":"product_cat-gavesett","9":"pa_collection-chakra-bath-fizzers-sets-no","10":"pa_made-in-storbritannia","12":"first","13":"instock","14":"purchasable","15":"product-type-simple"},"supplier_id":null,"supplier_sku":"CBF-04","barcode":null,"atum_controlled":true,"out_stock_date":null,"out_stock_threshold":null,"inheritable":false,"inbound_stock":null,"stock_on_hold":0,"sold_today":0,"sales_last_days":0,"reserved_stock":null,"customer_returns":null,"warehouse_damage":null,"lost_in_post":null,"other_logs":null,"out_stock_days":0,"lost_sales":0,"has_location":null,"update_date":"2026-04-27T06:56:03","atum_locations":[],"atum_stock_status":"instock","restock_status":false,"low_stock_amount":"","sales_update_date":"2026-01-30T01:25:01","calc_backorders":null,"_links":{"self":[{"href":"https:\/\/aromasentia.com\/no\/wp-json\/wp\/v2\/product\/207169","targetHints":{"allow":["GET"]}}],"collection":[{"href":"https:\/\/aromasentia.com\/no\/wp-json\/wp\/v2\/product"}],"about":[{"href":"https:\/\/aromasentia.com\/no\/wp-json\/wp\/v2\/types\/product"}],"replies":[{"embeddable":true,"href":"https:\/\/aromasentia.com\/no\/wp-json\/wp\/v2\/comments?post=207169"}],"version-history":[{"count":0,"href":"https:\/\/aromasentia.com\/no\/wp-json\/wp\/v2\/product\/207169\/revisions"}],"wp:featuredmedia":[{"embeddable":true,"href":"https:\/\/aromasentia.com\/no\/wp-json\/wp\/v2\/media\/279897"}],"wp:attachment":[{"href":"https:\/\/aromasentia.com\/no\/wp-json\/wp\/v2\/media?parent=207169"}],"wp:term":[{"taxonomy":"product_brand","embeddable":true,"href":"https:\/\/aromasentia.com\/no\/wp-json\/wp\/v2\/product_brand?post=207169"},{"taxonomy":"product_cat","embeddable":true,"href":"https:\/\/aromasentia.com\/no\/wp-json\/wp\/v2\/product_cat?post=207169"},{"taxonomy":"product_tag","embeddable":true,"href":"https:\/\/aromasentia.com\/no\/wp-json\/wp\/v2\/product_tag?post=207169"}],"curies":[{"name":"wp","href":"https:\/\/api.w.org\/{rel}","templated":true}]}}