{"id":207164,"date":"2025-03-20T16:35:30","date_gmt":"2025-03-20T16:35:30","guid":{"rendered":"https:\/\/aromasentia.com\/product\/bag-of-20-chill-pills-blueberry\/"},"modified":"2025-05-31T03:42:54","modified_gmt":"2025-05-31T03:42:54","slug":"chill-pills-badebomber-20stk-blabaer","status":"publish","type":"product","link":"https:\/\/aromasentia.com\/no\/chill-pills-badebomber-20stk-blabaer\/","title":{"rendered":"Chill Pills Badebomber 20Stk &#8211; Bl\u00e5b\u00e6r"},"content":{"rendered":"<p><span style=\"color: rgb(75, 80, 88);\">Vi introduserer et nytt tilskudd til familien \u2013 Chill Pills badebomber i pose. <strong>Hver pose inneholder 20 chill-piller<\/strong>, som gir deg masse avslapning lett tilgjengelig.<\/span><\/p>\n<p><strong>Stup ned i et bad fylt med den uimotst\u00e5elige aromaen av saftige bl\u00e5b\u00e6r.<\/strong>Denne duften fanger essensen av et rikelig bl\u00e5b\u00e6rbed og skaper en forfriskende og forfriskende badeopplevelse.<\/p>\n<p><span style=\"color: rgb(75, 80, 88);\">Se for deg \u00e5 ha ditt merke eller et personlig preg p\u00e5 disse herlige badebombene, og gj\u00f8re dem om til <strong>enest\u00e5ende gaver, festgaver eller til og med et signaturprodukt for bedriften din<\/strong>. Det er en mulighet til \u00e5 uttrykke deg selv og skille deg ut fra mengden.<\/span><\/p>\n","protected":false},"excerpt":{"rendered":"<p>Vi introduserer et nytt tilskudd til familien \u2013 Chill Pills badebomber i pose. Hver pose inneholder 20 chill-piller, som gir deg masse avslapning lett tilgjengelig. Stup ned i et bad fylt med den uimotst\u00e5elige aromaen av saftige bl\u00e5b\u00e6r.Denne duften fanger essensen av et rikelig bl\u00e5b\u00e6rbed og skaper en forfriskende og forfriskende badeopplevelse. Se for deg [&hellip;]<\/p>\n","protected":false},"featured_media":280559,"comment_status":"closed","ping_status":"open","template":"","meta":{"_angie_page":false},"product_brand":[],"product_cat":[9413],"product_tag":[],"class_list":{"0":"post-207164","1":"product","2":"type-product","3":"status-publish","4":"has-post-thumbnail","6":"product_cat-bad-spa-og-personlig-pleie","7":"pa_made-in-storbritannia","9":"first","10":"outofstock","11":"purchasable","12":"product-type-simple"},"supplier_id":null,"supplier_sku":"CPBUL-13","barcode":null,"atum_controlled":true,"out_stock_date":"2025-09-04 22:24:13","out_stock_threshold":null,"inheritable":false,"inbound_stock":null,"stock_on_hold":0,"sold_today":0,"sales_last_days":0,"reserved_stock":null,"customer_returns":null,"warehouse_damage":null,"lost_in_post":null,"other_logs":null,"out_stock_days":34,"lost_sales":0,"has_location":null,"update_date":"2026-04-28T18:50:49","atum_locations":[],"atum_stock_status":"outofstock","restock_status":false,"low_stock_amount":"","sales_update_date":"2025-10-09T03:28:29","calc_backorders":null,"_links":{"self":[{"href":"https:\/\/aromasentia.com\/no\/wp-json\/wp\/v2\/product\/207164","targetHints":{"allow":["GET"]}}],"collection":[{"href":"https:\/\/aromasentia.com\/no\/wp-json\/wp\/v2\/product"}],"about":[{"href":"https:\/\/aromasentia.com\/no\/wp-json\/wp\/v2\/types\/product"}],"replies":[{"embeddable":true,"href":"https:\/\/aromasentia.com\/no\/wp-json\/wp\/v2\/comments?post=207164"}],"version-history":[{"count":0,"href":"https:\/\/aromasentia.com\/no\/wp-json\/wp\/v2\/product\/207164\/revisions"}],"wp:featuredmedia":[{"embeddable":true,"href":"https:\/\/aromasentia.com\/no\/wp-json\/wp\/v2\/media\/280559"}],"wp:attachment":[{"href":"https:\/\/aromasentia.com\/no\/wp-json\/wp\/v2\/media?parent=207164"}],"wp:term":[{"taxonomy":"product_brand","embeddable":true,"href":"https:\/\/aromasentia.com\/no\/wp-json\/wp\/v2\/product_brand?post=207164"},{"taxonomy":"product_cat","embeddable":true,"href":"https:\/\/aromasentia.com\/no\/wp-json\/wp\/v2\/product_cat?post=207164"},{"taxonomy":"product_tag","embeddable":true,"href":"https:\/\/aromasentia.com\/no\/wp-json\/wp\/v2\/product_tag?post=207164"}],"curies":[{"name":"wp","href":"https:\/\/api.w.org\/{rel}","templated":true}]}}