{"id":207160,"date":"2025-03-20T16:35:30","date_gmt":"2025-03-20T16:35:30","guid":{"rendered":"https:\/\/aromasentia.com\/product\/charcoal-soap-85g-tea-tree\/"},"modified":"2025-05-31T03:42:40","modified_gmt":"2025-05-31T03:42:40","slug":"trekullsape-85-g-tea-tree","status":"publish","type":"product","link":"https:\/\/aromasentia.com\/no\/trekullsape-85-g-tea-tree\/","title":{"rendered":"Trekulls\u00e5pe 85 G &#8211; Tea Tree"},"content":{"rendered":"<p><span style=\"color: rgb(75, 80, 88);\"><strong>Kulls\u00e5pe &#8211; Tea Tree<\/strong>med tilsatt ren eterisk olje, arganolje, hampfr\u00f8olje og sheasm\u00f8r er virkelig fantastisk.<\/span><\/p>\n<p><span style=\"color: rgb(75, 80, 88);\">Den vil rense huden i dybden, fjerne alle urenheter fra porene samtidig som den holder den fuktet og myk. Aktivt kull gjenoppretter hudens naturlige balanse og gir fuktighet til t\u00f8rr hud.<\/span><\/p>\n<p><span style=\"color: rgb(75, 80, 88);\">Den kan ikke bare brukes til kroppen, men den er ogs\u00e5 god som ansiktsrens. Kulls\u00e5pe sies \u00e5 avgifte og rense huden.<\/span><\/p>\n<p><span style=\"color: rgb(75, 80, 88);\">Denne s\u00e5pen vil glatte ut kundenes hud og berolige sinnet deres. I tillegg er den fri for parabener, SLS og palmeolje.<\/span><\/p>\n<p><span style=\"color: rgb(75, 80, 88);\"><em>* Vegansk * Ikke testet p\u00e5 dyr * H\u00e5ndlaget * Laget i Storbritannia *<\/em><\/span><\/p>\n<p><span style=\"color: rgb(75, 80, 88);\"><strong>Kj\u00f8p disse trends\u00e5pene, ikke la dem glippe mellom fingrene dine.<\/strong><\/span><\/p>\n","protected":false},"excerpt":{"rendered":"<p>Kulls\u00e5pe &#8211; Tea Treemed tilsatt ren eterisk olje, arganolje, hampfr\u00f8olje og sheasm\u00f8r er virkelig fantastisk. Den vil rense huden i dybden, fjerne alle urenheter fra porene samtidig som den holder den fuktet og myk. Aktivt kull gjenoppretter hudens naturlige balanse og gir fuktighet til t\u00f8rr hud. Den kan ikke bare brukes til kroppen, men den [&hellip;]<\/p>\n","protected":false},"featured_media":280459,"comment_status":"closed","ping_status":"open","template":"","meta":[],"product_brand":[27073],"product_cat":[9413,25843,26869,9439,26407],"product_tag":[],"class_list":{"0":"post-207160","1":"product","2":"type-product","3":"status-publish","4":"has-post-thumbnail","6":"product_brand-aw-cosmetics","7":"product_cat-bad-spa-og-personlig-pleie","8":"product_cat-dufter-aromaer","9":"product_cat-medisinsk-kamferaktig","10":"product_cat-okologiske-saper","11":"product_cat-tea-tree-tetre","12":"pa_collection-charcoal-soap-bar-85g-no","13":"pa_made-in-storbritannia","15":"first","16":"outofstock","17":"purchasable","18":"product-type-simple"},"supplier_id":null,"supplier_sku":"CHSB-04","barcode":null,"atum_controlled":true,"out_stock_date":"2025-12-02 15:19:52","out_stock_threshold":null,"inheritable":false,"inbound_stock":null,"stock_on_hold":0,"sold_today":0,"sales_last_days":0,"reserved_stock":null,"customer_returns":null,"warehouse_damage":null,"lost_in_post":null,"other_logs":null,"out_stock_days":65,"lost_sales":0,"has_location":null,"update_date":"2026-02-06T00:01:04","atum_locations":[],"atum_stock_status":"outofstock","restock_status":false,"low_stock_amount":"","sales_update_date":"2026-02-06T00:01:04","calc_backorders":null,"_links":{"self":[{"href":"https:\/\/aromasentia.com\/no\/wp-json\/wp\/v2\/product\/207160","targetHints":{"allow":["GET"]}}],"collection":[{"href":"https:\/\/aromasentia.com\/no\/wp-json\/wp\/v2\/product"}],"about":[{"href":"https:\/\/aromasentia.com\/no\/wp-json\/wp\/v2\/types\/product"}],"replies":[{"embeddable":true,"href":"https:\/\/aromasentia.com\/no\/wp-json\/wp\/v2\/comments?post=207160"}],"version-history":[{"count":0,"href":"https:\/\/aromasentia.com\/no\/wp-json\/wp\/v2\/product\/207160\/revisions"}],"wp:featuredmedia":[{"embeddable":true,"href":"https:\/\/aromasentia.com\/no\/wp-json\/wp\/v2\/media\/280459"}],"wp:attachment":[{"href":"https:\/\/aromasentia.com\/no\/wp-json\/wp\/v2\/media?parent=207160"}],"wp:term":[{"taxonomy":"product_brand","embeddable":true,"href":"https:\/\/aromasentia.com\/no\/wp-json\/wp\/v2\/product_brand?post=207160"},{"taxonomy":"product_cat","embeddable":true,"href":"https:\/\/aromasentia.com\/no\/wp-json\/wp\/v2\/product_cat?post=207160"},{"taxonomy":"product_tag","embeddable":true,"href":"https:\/\/aromasentia.com\/no\/wp-json\/wp\/v2\/product_tag?post=207160"}],"curies":[{"name":"wp","href":"https:\/\/api.w.org\/{rel}","templated":true}]}}